{"id":13197,"date":"2025-07-22T12:46:13","date_gmt":"2025-07-22T10:46:13","guid":{"rendered":"https:\/\/sgp.geodezja.org.pl\/?page_id=13197"},"modified":"2025-07-22T16:07:30","modified_gmt":"2025-07-22T14:07:30","slug":"geodezyjna-osnowa-pamieci","status":"publish","type":"page","link":"https:\/\/sgp.geodezja.org.pl\/en\/o-nas\/geodezyjna-osnowa-pamieci\/","title":{"rendered":"Geodezyjna Osnowa Pami\u0119ci"},"content":{"rendered":"<p style=\"text-align: center;\"><span class=\"read-more\"><a href=\"https:\/\/geoportal.sgp.geodezja.org.pl\" target=\"_blank\" rel=\"noopener\"><strong>PORTAL\u00a0 \u201eGEODEZYJNA OSNOWA PAMI\u0118CI\u201d<\/strong><\/a><\/span><\/p>\n<p>&nbsp;<\/p>\n<p><a href=\"https:\/\/geoportal.sgp.geodezja.org.pl\"><img loading=\"lazy\" decoding=\"async\" class=\"wp-image-13211 size-medium alignleft\" src=\"https:\/\/sgp.geodezja.org.pl\/wp-content\/uploads\/2025\/07\/GOP-logo-cz_b-300x297.jpg\" alt=\"\" width=\"300\" height=\"297\" srcset=\"https:\/\/sgp.geodezja.org.pl\/wp-content\/uploads\/2025\/07\/GOP-logo-cz_b-300x297.jpg 300w, https:\/\/sgp.geodezja.org.pl\/wp-content\/uploads\/2025\/07\/GOP-logo-cz_b-1024x1013.jpg 1024w, https:\/\/sgp.geodezja.org.pl\/wp-content\/uploads\/2025\/07\/GOP-logo-cz_b-768x760.jpg 768w, https:\/\/sgp.geodezja.org.pl\/wp-content\/uploads\/2025\/07\/GOP-logo-cz_b-12x12.jpg 12w, https:\/\/sgp.geodezja.org.pl\/wp-content\/uploads\/2025\/07\/GOP-logo-cz_b-61x60.jpg 61w, https:\/\/sgp.geodezja.org.pl\/wp-content\/uploads\/2025\/07\/GOP-logo-cz_b-600x594.jpg 600w, https:\/\/sgp.geodezja.org.pl\/wp-content\/uploads\/2025\/07\/GOP-logo-cz_b-800x791.jpg 800w, https:\/\/sgp.geodezja.org.pl\/wp-content\/uploads\/2025\/07\/GOP-logo-cz_b-100x100.jpg 100w, https:\/\/sgp.geodezja.org.pl\/wp-content\/uploads\/2025\/07\/GOP-logo-cz_b-40x40.jpg 40w, https:\/\/sgp.geodezja.org.pl\/wp-content\/uploads\/2025\/07\/GOP-logo-cz_b-55x55.jpg 55w, https:\/\/sgp.geodezja.org.pl\/wp-content\/uploads\/2025\/07\/GOP-logo-cz_b.jpg 1026w\" sizes=\"auto, (max-width: 300px) 100vw, 300px\" \/><\/a><\/p>\n<p><strong><a href=\"https:\/\/geoportal.sgp.geodezja.org.pl\" target=\"_blank\" rel=\"noopener\">Geodezyjna Osnowa Pami\u0119ci<\/a> to\u00a0unikatowy projekt, maj\u0105cy na\u00a0celu upami\u0119tnienie zmar\u0142ych geodet\u00f3w, kartograf\u00f3w oraz\u00a0astronom\u00f3w zas\u0142u\u017conych dla polskiej geodezji, maj\u0105cych wa\u017cny wk\u0142ad w\u00a0rozw\u00f3j tej\u00a0dziedziny nauki i\u00a0znacz\u0105ce dokonania zawodowe w\u00a0miernictwie.<\/strong><\/p>\n<p>Projekt zak\u0142ada tworzenie bazy danych o\u00a0lokalizacjach grob\u00f3w lub miejsc upami\u0119tnie\u0144 zas\u0142u\u017conych dla geodezji wraz z\u00a0po\u015bwi\u0119conymi im\u00a0notami biograficznymi. W\u00a0ten spos\u00f3b powstaje wirtualna sie\u0107 osnowy geodezyjnej \u2013 ka\u017cdy gr\u00f3b ma\u00a0bowiem ustalone dok\u0142adne wsp\u00f3\u0142rz\u0119dne; niekiedy bezpo\u015brednim pomiarem w\u00a0terenie \u2013 pozwalaj\u0105ca odnale\u017a\u0107 miejsce wiecznego spoczynku geodety, kartografa czy\u00a0astronoma, aby (nie\u00a0tylko) w\u00a0Dzie\u0144 Wszystkich \u015awi\u0119tych oraz\u00a0Zaduszki odda\u0107 cze\u015b\u0107 ich mierniczemu trudowi i\u00a0zas\u0142ugom dla \u201emiernickiej nauki\u201d.<\/p>\n<p>Projekt \u201eGeodezyjna osnowa pami\u0119ci\u201d zosta\u0142 zainicjowany przez\u00a0krakowskiego geodet\u0119, cz\u0142onka SGP, Mariusza Meusa w\u00a0ramach Komisji Historii i\u00a0Tradycji SGP i\u00a0jest realizowany pod\u00a0kierunkiem przewodnicz\u0105cego GK HiT Ryszarda Rusa, a\u00a0dzi\u0119ki informatycznemu zaanga\u017cowaniu Paw\u0142a Kotowskiego z\u00a0SGP Koszalin. Baza b\u0119dzie rozbudowywana dzi\u0119ki mo\u017cliwo\u015bci zg\u0142aszania miejsc spoczynku kolejnych geodet\u00f3w, kartograf\u00f3w i\u00a0astronom\u00f3w, dodawania opis\u00f3w biograficznych, zdj\u0119\u0107 oraz\u00a0wsp\u00f3\u0142rz\u0119dnych. W\u00a0ten spos\u00f3b pami\u0119\u0107 o\u00a0trudzie mierniczym zmar\u0142ych pozostanie \u017cywa a\u00a0ich groby nie\u00a0b\u0119d\u0105 zapomniane.<\/p>\n<p><strong><a href=\"https:\/\/geoportal.sgp.geodezja.org.pl\/\"><img loading=\"lazy\" decoding=\"async\" class=\"wp-image-13207 size-full alignright\" src=\"https:\/\/sgp.geodezja.org.pl\/wp-content\/uploads\/2025\/07\/map.jpg\" alt=\"\" width=\"480\" height=\"503\" srcset=\"https:\/\/sgp.geodezja.org.pl\/wp-content\/uploads\/2025\/07\/map.jpg 480w, https:\/\/sgp.geodezja.org.pl\/wp-content\/uploads\/2025\/07\/map-286x300.jpg 286w, https:\/\/sgp.geodezja.org.pl\/wp-content\/uploads\/2025\/07\/map-11x12.jpg 11w, https:\/\/sgp.geodezja.org.pl\/wp-content\/uploads\/2025\/07\/map-57x60.jpg 57w, https:\/\/sgp.geodezja.org.pl\/wp-content\/uploads\/2025\/07\/map-38x40.jpg 38w, https:\/\/sgp.geodezja.org.pl\/wp-content\/uploads\/2025\/07\/map-52x55.jpg 52w, https:\/\/sgp.geodezja.org.pl\/wp-content\/uploads\/2025\/07\/map-95x100.jpg 95w\" sizes=\"auto, (max-width: 480px) 100vw, 480px\" \/><\/a><\/strong>Jest to\u00a0pierwszy w\u00a0Polsce i\u00a0najpewniej tak\u017ce w\u00a0Europie, a\u00a0zaledwie drugi na\u00a0\u015bwiecie projekt bazy danych o\u00a0miejscach wiecznego spoczynku zas\u0142u\u017conych dla geodezji. Podobny projekt o\u00a0nazwie \u201eOstatni punkt\u201d (ang. Final point) prowadzony jest przez\u00a0Narodowe Towarzystwo Mierniczych Uprawnionych USA i\u00a0polega na\u00a0stabilizacji pami\u0105tkowych znak\u00f3w (medalion\u00f3w) szczeg\u00f3\u0142owej osnowy geodezyjnej na\u00a0grobach geodet\u00f3w lub w\u00a0miejscach \u015bci\u015ble zwi\u0105zanych z\u00a0ich dorobkiem zawodowym. Polska \u201eosnowa pami\u0119ci\u201d r\u00f3wnie\u017c przewiduje mo\u017cliwo\u015b\u0107 umieszczenia takich symbolicznych znak\u00f3w na\u00a0lub obok nagrobk\u00f3w, czy\u00a0te\u017c w\u00a0miejscach wa\u017cnych dla zmar\u0142ych jako punkty pami\u0105tkowe; ma\u0142e, geodezyjne pomniki.<\/p>\n<p>Umieszczanie znak\u00f3w osnowy geodezyjnej na\u00a0nagrobkach geodet\u00f3w i\u00a0ustanawianie na\u00a0nich punkt\u00f3w osnowy geodezyjnej jest szczeg\u00f3lnie wymown\u0105 form\u0105 ho\u0142du dla ich mierniczego trudu. Za\u00a0\u017cycia, przemierzaj\u0105c Ziemi\u0119 i\u00a0mierz\u0105c jej ka\u017cd\u0105 pi\u0119d\u017a, po\u00a0\u015bmierci nadal b\u0119d\u0105 symbolicznie mogli uczestniczy\u0107 w\u00a0trudzie pomiar\u00f3w ziemi kolejnych pokole\u0144; nawet gdy\u00a0sami ju\u017c spocz\u0119li w\u00a0tej\u00a0w\u0142a\u015bnie ziemi, kt\u00f3r\u0105 ca\u0142e \u017cycie mierzyli\u2026<\/p>\n<p>Bo\u00a0te\u017c ka\u017cdy znak geodezyjny jest ma\u0142ym pomnikiem ku\u00a0czci jakiego\u015b geodety\u2026<\/p>","protected":false},"excerpt":{"rendered":"<p>PORTAL\u00a0 \u201eGEODEZYJNA OSNOWA PAMI\u0118CI\u201d &nbsp; Geodezyjna Osnowa Pami\u0119ci to\u00a0unikatowy projekt, maj\u0105cy na\u00a0celu upami\u0119tnienie zmar\u0142ych geodet\u00f3w, kartograf\u00f3w oraz\u00a0astronom\u00f3w zas\u0142u\u017conych dla polskiej geodezji, maj\u0105cych wa\u017cny wk\u0142ad w\u00a0rozw\u00f3j tej\u00a0dziedziny nauki i\u00a0znacz\u0105ce dokonania zawodowe w\u00a0miernictwie. Projekt zak\u0142ada tworzenie bazy danych o\u00a0lokalizacjach grob\u00f3w lub miejsc upami\u0119tnie\u0144 zas\u0142u\u017conych dla geodezji wraz z\u00a0po\u015bwi\u0119conymi im\u00a0notami biograficznymi. W\u00a0ten spos\u00f3b powstaje wirtualna sie\u0107 osnowy geodezyjnej [&hellip;]<\/p>\n","protected":false},"author":2,"featured_media":0,"parent":2513,"menu_order":0,"comment_status":"closed","ping_status":"closed","template":"","meta":{"two_page_speed":[],"footnotes":""},"class_list":["post-13197","page","type-page","status-publish","hentry"],"_links":{"self":[{"href":"https:\/\/sgp.geodezja.org.pl\/en\/wp-json\/wp\/v2\/pages\/13197","targetHints":{"allow":["GET"]}}],"collection":[{"href":"https:\/\/sgp.geodezja.org.pl\/en\/wp-json\/wp\/v2\/pages"}],"about":[{"href":"https:\/\/sgp.geodezja.org.pl\/en\/wp-json\/wp\/v2\/types\/page"}],"author":[{"embeddable":true,"href":"https:\/\/sgp.geodezja.org.pl\/en\/wp-json\/wp\/v2\/users\/2"}],"replies":[{"embeddable":true,"href":"https:\/\/sgp.geodezja.org.pl\/en\/wp-json\/wp\/v2\/comments?post=13197"}],"version-history":[{"count":13,"href":"https:\/\/sgp.geodezja.org.pl\/en\/wp-json\/wp\/v2\/pages\/13197\/revisions"}],"predecessor-version":[{"id":13215,"href":"https:\/\/sgp.geodezja.org.pl\/en\/wp-json\/wp\/v2\/pages\/13197\/revisions\/13215"}],"up":[{"embeddable":true,"href":"https:\/\/sgp.geodezja.org.pl\/en\/wp-json\/wp\/v2\/pages\/2513"}],"wp:attachment":[{"href":"https:\/\/sgp.geodezja.org.pl\/en\/wp-json\/wp\/v2\/media?parent=13197"}],"curies":[{"name":"wp","href":"https:\/\/api.w.org\/{rel}","templated":true}]}}