{"id":1983,"date":"2019-11-15T14:39:27","date_gmt":"2019-11-15T13:39:27","guid":{"rendered":"https:\/\/2.budowaniestron.pl\/polityka-prywatnosci\/"},"modified":"2023-10-11T21:30:39","modified_gmt":"2023-10-11T19:30:39","slug":"polityka-prywatnosci","status":"publish","type":"page","link":"https:\/\/sgp.geodezja.org.pl\/en\/polityka-prywatnosci\/","title":{"rendered":"Privacy policy"},"content":{"rendered":"<p align=\"justify\">Administratorem Pa\u0144stwa danych osobowych<i> <\/i>jest Stowarzyszenie Geodet\u00f3w Polskich w\u00a0Warszawie 00-043, ul. T. Czackiego 3\/5 lok 416, zwane dalej: \u201eAdministratorem\u201d.<\/p>\n<p align=\"justify\">Mo\u017cecie Pa\u0144stwo kontaktowa\u0107 si\u0119 z Administratorem danych pisz\u0105c na adres e-mail: <span style=\"color: #0000ff;\"><u><a href=\"mailto:biuro@sgp.geodezja.org.pl\">biuro@sgp.geodezja.org.pl<\/a><\/u><\/span><\/p>\n<p align=\"justify\">Udost\u0119pnione dane osobowe s\u0105 niezb\u0119dne i b\u0119d\u0105 przetwarzane wy\u0142\u0105cznie w celu realizacji zam\u00f3wienia<\/p>\n<p align=\"justify\">W ka\u017cdej chwili przys\u0142uguje Pa\u0144stwu prawo do wycofania zgody na przetwarzanie Pa\u0144stwa danych osobowych, ale cofni\u0119cie zgody nie wp\u0142ynie na zgodno\u015b\u0107 z prawem przetwarzania, kt\u00f3rego dokonano na podstawie Pa\u0144stwa zgody przed jej wycofaniem.<\/p>\n<p align=\"justify\">Pa\u0144stwa dane b\u0119d\u0105 przechowywane nie d\u0142u\u017cej ni\u017c jest to konieczne, tj. przez okres realizacji zada\u0144 wynikaj\u0105cych z realizacji zam\u00f3wienia, stanowi\u0105cy podstaw\u0119 ich przetwarzania z uwzgl\u0119dnieniem okresu archiwizacyjnego, wynikaj\u0105cego z odr\u0119bnych przepis\u00f3w.<\/p>\n<p align=\"justify\">Zgodnie z Rozporz\u0105dzeniem Parlamentu Europejskiego i Rady (UE) 2016\/679, przys\u0142uguj\u0105 Pa\u0144stwu poni\u017csze prawa:<\/p>\n<ol>\n<li>\n<p align=\"justify\">the right to access and receive copies of your personal data;<\/p>\n<\/li>\n<li>\n<p align=\"justify\">right to rectification (rectification) of your data;<\/p>\n<\/li>\n<li>\n<p align=\"justify\">prawo do ograniczenia przetwarzania w przypadkach wymienionych w RODO;<\/p>\n<\/li>\n<li>\n<p align=\"justify\">prawo do usuni\u0119cia danych, ograniczenia przetwarzania danych;<\/p>\n<\/li>\n<li>\n<p align=\"justify\">the right to file a complaint with the supervisory authority.<\/p>\n<\/li>\n<\/ol>\n<p align=\"justify\">W oparciu o Pa\u0144stwa dane osobowe Administrator nie b\u0119dzie podejmowa\u0142 wobec Pa\u0144stwa \u017cadnych zautomatyzowanych decyzji, w\u00a0tym decyzji b\u0119d\u0105cych wynikiem profilowania.<\/p>\n<p align=\"justify\">Dane osobowe nie b\u0119d\u0105 przekazywane do pa\u0144stwa trzeciego ani do organizacji mi\u0119dzynarodowych.<\/p>\n<p align=\"justify\"><span style=\"color: #333333;\">Strona sklepu korzysta z plik\u00f3w cookis aby \u015bwiadczy\u0107 us\u0142ugi na najwy\u017cszym poziomie. Dalsze korzystanie ze strony oznacza, \u017ce zgadzasz si\u0119 na ich u\u017cycie.<\/span><\/p>","protected":false},"excerpt":{"rendered":"<p>Administratorem Pa\u0144stwa danych osobowych jest Stowarzyszenie Geodet\u00f3w Polskich w\u00a0Warszawie 00-043, ul. T. Czackiego 3\/5 lok 416, zwane dalej: \u201eAdministratorem\u201d. Mo\u017cecie Pa\u0144stwo kontaktowa\u0107 si\u0119 z Administratorem danych pisz\u0105c na adres e-mail: biuro@sgp.geodezja.org.pl Udost\u0119pnione dane osobowe s\u0105 niezb\u0119dne i b\u0119d\u0105 przetwarzane wy\u0142\u0105cznie w celu realizacji zam\u00f3wienia W ka\u017cdej chwili przys\u0142uguje Pa\u0144stwu prawo do wycofania zgody na przetwarzanie [&hellip;]<\/p>\n","protected":false},"author":2,"featured_media":0,"parent":0,"menu_order":2,"comment_status":"open","ping_status":"open","template":"","meta":{"two_page_speed":[],"footnotes":""},"class_list":["post-1983","page","type-page","status-publish","hentry"],"_links":{"self":[{"href":"https:\/\/sgp.geodezja.org.pl\/en\/wp-json\/wp\/v2\/pages\/1983","targetHints":{"allow":["GET"]}}],"collection":[{"href":"https:\/\/sgp.geodezja.org.pl\/en\/wp-json\/wp\/v2\/pages"}],"about":[{"href":"https:\/\/sgp.geodezja.org.pl\/en\/wp-json\/wp\/v2\/types\/page"}],"author":[{"embeddable":true,"href":"https:\/\/sgp.geodezja.org.pl\/en\/wp-json\/wp\/v2\/users\/2"}],"replies":[{"embeddable":true,"href":"https:\/\/sgp.geodezja.org.pl\/en\/wp-json\/wp\/v2\/comments?post=1983"}],"version-history":[{"count":4,"href":"https:\/\/sgp.geodezja.org.pl\/en\/wp-json\/wp\/v2\/pages\/1983\/revisions"}],"predecessor-version":[{"id":7526,"href":"https:\/\/sgp.geodezja.org.pl\/en\/wp-json\/wp\/v2\/pages\/1983\/revisions\/7526"}],"wp:attachment":[{"href":"https:\/\/sgp.geodezja.org.pl\/en\/wp-json\/wp\/v2\/media?parent=1983"}],"curies":[{"name":"wp","href":"https:\/\/api.w.org\/{rel}","templated":true}]}}