{"id":2096,"date":"2020-04-03T17:56:16","date_gmt":"2020-04-03T15:56:16","guid":{"rendered":"https:\/\/2.budowaniestron.pl\/nasze-referencje\/"},"modified":"2024-10-08T11:19:51","modified_gmt":"2024-10-08T09:19:51","slug":"nasze-referencje","status":"publish","type":"page","link":"https:\/\/sgp.geodezja.org.pl\/en\/o-nas\/nasze-referencje\/","title":{"rendered":"Our Links"},"content":{"rendered":"<ol>\n<li style=\"text-align: left;\"><a href=\"https:\/\/sgp.geodezja.org.pl\/wp-content\/uploads\/2020\/04\/ref_09_Rybnik.pdf\" target=\"_blank\" rel=\"noopener noreferrer\">Zwi\u0105zek Gmin i Powiat\u00f3w Subregionu Zachodniego Wojew\u00f3dztwa \u015al\u0105skiego z siedzib\u0105 w Rybniku (pdf) &gt;&gt;&gt;<\/a><\/li>\n<li style=\"text-align: left;\"><a href=\"https:\/\/sgp.geodezja.org.pl\/wp-content\/uploads\/2020\/04\/ref_08_Drawsko.pdf\" target=\"_blank\" rel=\"noopener noreferrer\">Starostwo Powiatowe w Drawsku Pomorskim &#8211; Wydzia\u0142 Geodezji, Kartografii i Katastru (pdf) &gt;&gt;&gt;<\/a><\/li>\n<li style=\"text-align: left;\"><a href=\"https:\/\/sgp.geodezja.org.pl\/wp-content\/uploads\/2020\/04\/ref_07_PUW.pdf\" target=\"_blank\" rel=\"noopener noreferrer\">Pomorski Urz\u0105d Wojew\u00f3dzki (pdf) &gt;&gt;&gt;<\/a><\/li>\n<li style=\"text-align: left;\"><a href=\"https:\/\/sgp.geodezja.org.pl\/wp-content\/uploads\/2020\/04\/ref_06_MRiRW_2.pdf\" target=\"_blank\" rel=\"noopener noreferrer\">Ministerstwo Rolnictwa i Rozwoju Wsi \u2013 Departament Gospodarki Ziemi\u0105 (2) (pdf) &gt;&gt;&gt;<\/a><\/li>\n<li style=\"text-align: left;\"><a href=\"https:\/\/sgp.geodezja.org.pl\/wp-content\/uploads\/2020\/04\/ref_05_MRiRW_1.pdf\" target=\"_blank\" rel=\"noopener noreferrer\">Ministerstwo Rolnictwa i Rozwoju Wsi \u2013 Departament Gospodarki Ziemi\u0105 (1) (pdf) &gt;&gt;&gt;<\/a><\/li>\n<li style=\"text-align: left;\"><a href=\"https:\/\/sgp.geodezja.org.pl\/wp-content\/uploads\/2020\/04\/ref_04_PKPPLK.pdf\" target=\"_blank\" rel=\"noopener noreferrer\">PKP Polskie Linie Kolejowe S.A. (pdf) &gt;&gt;&gt;<\/a><\/li>\n<li style=\"text-align: left;\"><a href=\"https:\/\/sgp.geodezja.org.pl\/wp-content\/uploads\/2020\/04\/ref_03_UmstW.pdf\" target=\"_blank\" rel=\"noopener noreferrer\">\u00a0Urz\u0105d m. st. Warszawy \u2013 Biuro Kadr i Szkole\u0144 (pdf) &gt;&gt;&gt;<\/a><\/li>\n<li style=\"text-align: left;\"><a href=\"https:\/\/sgp.geodezja.org.pl\/wp-content\/uploads\/2020\/04\/ref_02_MF.pdf\" target=\"_blank\" rel=\"noopener noreferrer\">\u00a0Ministerstwo Finans\u00f3w \u2013 Departament Ochrony Interes\u00f3w Finansowych UE (pdf) &gt;&gt;&gt;<\/a><\/li>\n<li style=\"text-align: left;\"><a href=\"https:\/\/sgp.geodezja.org.pl\/wp-content\/uploads\/2020\/04\/ref_01_ARiMR.pdf\" target=\"_blank\" rel=\"noopener noreferrer\">Agencja Restrukturyzacji i Modernizacji Rolnictwa \u2013 Ma\u0142opolski Oddzia\u0142 Regionalny (pdf) &gt;&gt;&gt;<\/a><\/li>\n<li style=\"text-align: left;\"><a href=\"https:\/\/sgp.geodezja.org.pl\/wp-content\/uploads\/2023\/03\/letter-to-sgp-recommendation.pdf\" target=\"_blank\" rel=\"noopener\">Mi\u0119dzynarodowa Federacja Geodet\u00f3w<\/a><\/li>\n<li style=\"text-align: left;\"><a href=\"https:\/\/sgp.geodezja.org.pl\/wp-content\/uploads\/2023\/03\/letter-to-sgp-recommendation_pl.pdf\" target=\"_blank\" rel=\"noopener\">Mi\u0119dzynarodowa Federacja Geodet\u00f3w (PL)<\/a><\/li>\n<li style=\"text-align: left;\"><a href=\"https:\/\/sgp.geodezja.org.pl\/wp-content\/uploads\/2023\/03\/Referencje-skan.pdf\" target=\"_blank\" rel=\"noopener\">Ministerstwo Rolnictwa i Rozwoju Wsi<\/a><\/li>\n<li><a href=\"https:\/\/sgp.geodezja.org.pl\/wp-content\/uploads\/2024\/10\/Referencje_MRiRW_2023.pdf\">Ministerstwo Rolnictwa i Rozwoju Wsi\u00a0<\/a><\/li>\n<li><a href=\"https:\/\/sgp.geodezja.org.pl\/wp-content\/uploads\/2024\/10\/Referencje_PTFiT-_2023.pdf\">Polskie Towarzystwo Fotogrametrii i Teledetekcji<\/a><\/li>\n<li><a href=\"https:\/\/sgp.geodezja.org.pl\/wp-content\/uploads\/2024\/10\/Referencje_PTFiT_2024.pdf\">Polskie Towarzystwo Fotogrametrii i Teledetekcji<\/a><\/li>\n<\/ol>\n<p style=\"text-align: right;\">GK<\/p>\n<p style=\"text-align: center;\">","protected":false},"excerpt":{"rendered":"<p>Zwi\u0105zek Gmin i Powiat\u00f3w Subregionu Zachodniego Wojew\u00f3dztwa \u015al\u0105skiego z siedzib\u0105 w Rybniku (pdf) &gt;&gt;&gt; Starostwo Powiatowe w Drawsku Pomorskim &#8211; Wydzia\u0142 Geodezji, Kartografii i Katastru (pdf) &gt;&gt;&gt; Pomorski Urz\u0105d Wojew\u00f3dzki (pdf) &gt;&gt;&gt; Ministerstwo Rolnictwa i Rozwoju Wsi \u2013 Departament Gospodarki Ziemi\u0105 (2) (pdf) &gt;&gt;&gt; Ministerstwo Rolnictwa i Rozwoju Wsi \u2013 Departament Gospodarki Ziemi\u0105 (1) (pdf) [&hellip;]<\/p>\n","protected":false},"author":2,"featured_media":0,"parent":2513,"menu_order":1,"comment_status":"open","ping_status":"closed","template":"","meta":{"two_page_speed":[],"footnotes":""},"class_list":["post-2096","page","type-page","status-publish","hentry"],"_links":{"self":[{"href":"https:\/\/sgp.geodezja.org.pl\/en\/wp-json\/wp\/v2\/pages\/2096","targetHints":{"allow":["GET"]}}],"collection":[{"href":"https:\/\/sgp.geodezja.org.pl\/en\/wp-json\/wp\/v2\/pages"}],"about":[{"href":"https:\/\/sgp.geodezja.org.pl\/en\/wp-json\/wp\/v2\/types\/page"}],"author":[{"embeddable":true,"href":"https:\/\/sgp.geodezja.org.pl\/en\/wp-json\/wp\/v2\/users\/2"}],"replies":[{"embeddable":true,"href":"https:\/\/sgp.geodezja.org.pl\/en\/wp-json\/wp\/v2\/comments?post=2096"}],"version-history":[{"count":18,"href":"https:\/\/sgp.geodezja.org.pl\/en\/wp-json\/wp\/v2\/pages\/2096\/revisions"}],"predecessor-version":[{"id":11102,"href":"https:\/\/sgp.geodezja.org.pl\/en\/wp-json\/wp\/v2\/pages\/2096\/revisions\/11102"}],"up":[{"embeddable":true,"href":"https:\/\/sgp.geodezja.org.pl\/en\/wp-json\/wp\/v2\/pages\/2513"}],"wp:attachment":[{"href":"https:\/\/sgp.geodezja.org.pl\/en\/wp-json\/wp\/v2\/media?parent=2096"}],"curies":[{"name":"wp","href":"https:\/\/api.w.org\/{rel}","templated":true}]}}