{"id":36,"date":"2013-08-29T17:43:15","date_gmt":"2013-08-29T15:43:15","guid":{"rendered":"https:\/\/2.budowaniestron.pl\/zarzad\/"},"modified":"2026-04-14T13:01:19","modified_gmt":"2026-04-14T11:01:19","slug":"zarzad","status":"publish","type":"page","link":"https:\/\/sgp.geodezja.org.pl\/en\/o-nas\/zarzad\/","title":{"rendered":"Governance"},"content":{"rendered":"<h2 style=\"text-align: center;\">Kadencja 2022 &#8211; 2026<\/h2>\n<h2>Prezes Stowarzyszenia Geodet\u00f3w Polskich<\/h2>\n<p><span style=\"font-size: 12pt;\"><strong>dr hab. in\u017c. Janusz Walo, prof. PW<\/strong><\/span><\/p>\n<h2>Prezydium Zarz\u0105du G\u0142\u00f3wnego:<\/h2>\n<ul>\n<li>Janusz Walo &#8211; Prezes<\/li>\n<li>Marian Bro\u017cyna &#8211; Wiceprezes &#8211; Bia\u0142ystok<\/li>\n<li>Tomasz Malinowski &#8211; Wiceprezes &#8211; Wroc\u0142aw<\/li>\n<li>Violetta Soko\u0142a-Szewio\u0142a &#8211; Katowice<\/li>\n<li>Ludmi\u0142a Pietrzak &#8211; Wiceprezes &#8211; Suwa\u0142ki &#8211; Redaktor Naczelna Przegl\u0105du Geodezyjnego<\/li>\n<li>Jerzy Machla\u0144ski &#8211; Skarbnik &#8211; Kalisz<\/li>\n<li>Barbara Kosi\u0144ska &#8211; Sekretarz Generalna<\/li>\n<\/ul>\n<p>Zarz\u0105d G\u0142\u00f3wny SGP:\u00a0<a class=\"href\" href=\"mailto:biuro@sgp.geodezja.org.pl\">biuro@sgp.geodezja.org.pl<\/a><\/p>\n<h2><\/h2>\n<h2>Cz\u0142onkowie Zarz\u0105du G\u0142\u00f3wnego z wyboru imiennego:<\/h2>\n<ul>\n<li>Marian Bro\u017cyna &#8211; Bia\u0142ystok<\/li>\n<li>Ma\u0142gorzata Bu\u015bko &#8211; Krak\u00f3w<\/li>\n<li>S\u0142awomir Czkuj &#8211; Gda\u0144sk<\/li>\n<li>Przemys\u0142aw Janik &#8211; Kielce<\/li>\n<li>S\u0142awomir \u0141api\u0144ski &#8211; Warszawa<\/li>\n<li>Tomasz Malinowski &#8211; Wroc\u0142aw<\/li>\n<li>Agata Milkiewicz &#8211; Olsztyn<\/li>\n<li>Andrzej Pachuta &#8211; Warszawa<\/li>\n<li>Izabela Paw\u0142owska &#8211; \u0141\u00f3d\u017a<\/li>\n<li>Szymon Rymsza &#8211; Warszawa<\/li>\n<li>Maria Songin &#8211; Suwa\u0142ki<\/li>\n<li>Dariusz Wilczewski &#8211; Bia\u0142ystok<\/li>\n<li>Jan \u0141opaciuk &#8211; Warszawa<\/li>\n<\/ul>\n<h2>Zast\u0119pcy:<\/h2>\n<ul>\n<li>Zdzis\u0142aw Ob\u0142\u00f3j &#8211; Rzesz\u00f3w<\/li>\n<\/ul>\n<h2>Cz\u0142onkowie Zarz\u0105du G\u0142\u00f3wnego \u2013 Prezesi Oddzia\u0142\u00f3w:<\/h2>\n<ul>\n<li><a class=\"href\" href=\"mailto:spawlowski@um.bialystok.pl\">Szymon\u00a0Paw\u0142owski<\/a>\u00a0&#8211; Bia\u0142ystok<\/li>\n<li><a class=\"href\" href=\"mailto:bydgoszcz@sgp.geodezja.org.pl\">Boles\u0142aw Krystowczyk <\/a>&#8211; Bydgoszcz<\/li>\n<li><a href=\"mailto:gdansk@sgp.geodezja.org.pl\">Ryszard Rus<\/a> &#8211; Gda\u0144sk<\/li>\n<li><a class=\"href\" href=\"mailto:gorzow@sgp.geodezja.org.pl\">Emilia Zawadzka<\/a>\u00a0&#8211; Gorz\u00f3w Wielkopolski<\/li>\n<li><a class=\"href\" href=\"mailto:jerzy.machlanski@op.pl\">Jerzy Machla\u0144ski<\/a>\u00a0&#8211; Kalisz<\/li>\n<li><a href=\"\/en\/katowice@sgp.geodezja.org.pl\/\">Violetta Soko\u0142a-Szewio\u0142a<\/a> &#8211; Katowice<\/li>\n<li><a href=\"\/en\/sgpkielce@wp.pl\/\">Danuta Bil<\/a>\u00a0&#8211; Kielce<\/li>\n<li><a class=\"href\" href=\"mailto:izabela.bonk@gmail.com\">Izabela\u00a0Bonk<\/a>\u00a0&#8211; Koszalin<\/li>\n<li><a class=\"href\" href=\"mailto:robertlos1@wp.pl\">Robert \u0141o\u015b<\/a>\u00a0&#8211; Krak\u00f3w<\/li>\n<li><a href=\"mailto:matysekbeata@wp.pl\" rel=\"alternate\">Beata Matysek<\/a>\u00a0&#8211; Krosno<\/li>\n<li><a href=\"mailto:glob-geo.az@wp.pl\" rel=\"alternate\">Arkadiusz\u00a0Zyga<\/a>\u00a0&#8211; Legnica<\/li>\n<li><a href=\"mailto:lublin@sgp.geodezja.org.pl\">Andrzej Bara\u0144ski<\/a> &#8211; Lublin<\/li>\n<li><a class=\"href\" href=\"mailto:lodz@sgp.geodezja.org.pl\">Teresa R\u017canek-Kmiecik<\/a>\u00a0&#8211; \u0141\u00f3d\u017a<\/li>\n<li><a class=\"href\" href=\"mailto:gilska@wp.pl\">Mariola Gilska<\/a>\u00a0&#8211; Olsztyn<\/li>\n<li><a href=\"mailto:opole@sgp.geodezja.org.pl\" rel=\"alternate\">Jolanta Sinicka <\/a>&#8211; Opole<\/li>\n<li><a class=\"href\" href=\"mailto:eglazewski@gmail.com\">Edward G\u0142a\u017cewski<\/a>\u00a0&#8211; Ostro\u0142\u0119ka<\/li>\n<li><a href=\"\/en\/poznan@sgp.geodezja.org.pl\/\">Ireneusz Wycza\u0142ek<\/a> &#8211; Pozna\u0144<\/li>\n<li><a href=\"\/en\/rzeszow@sgp.geodezja.org.pl\/\">Robert Korzeniowsk<\/a>i &#8211; Rzesz\u00f3w<\/li>\n<li><a href=\"\/en\/suwalki@sgp.geodezja.org.pl\/\">Ludmi\u0142a Pietrzak<\/a> &#8211; Suwa\u0142ki<\/li>\n<li><a href=\"mailto:szczecin@sgp.geodezja.org.pl\" rel=\"alternate\">Ma\u0142gorzata Sobczak<\/a>&#8211; Szczecin<\/li>\n<li><a href=\"mailto:reflinski@o2.pl\" rel=\"alternate\">Zbigniew Refli\u0144ski<\/a> &#8211; Toru\u0144<\/li>\n<li><a class=\"href\" href=\"mailto:warszawa@sgp.geodezja.org.pl\">Dariusz Pr\u0119gowski<\/a>\u00a0&#8211; Warszawa<\/li>\n<li><a class=\"href\" href=\"mailto:wroclaw@sgp.geodezja.org.pl\">Bo\u017cena Tabisz <\/a>&#8211; Wroc\u0142aw<\/li>\n<li><a href=\"mailto:zielonagora@sgp.geodezja.org.pl\">Milena Noco\u0144<\/a> &#8211; Zielona G\u00f3ra<\/li>\n<\/ul>\n<p>&nbsp;<\/p>\n<h2>G\u0142\u00f3wna Komisja Rewizyjna:<\/h2>\n<table class=\"tabelka\" style=\"max-width: 700px; width: 66.9769%;\">\n<tbody>\n<tr>\n<td style=\"width: 39.1403%;\">Przewodnicz\u0105ca<\/td>\n<td style=\"width: 37.5566%;\">&#8211; Anna Mielnik<\/td>\n<td style=\"width: 23.5294%;\">&#8211; Wroc\u0142aw<\/td>\n<\/tr>\n<tr>\n<td style=\"width: 39.1403%;\">Wiceprzewodnicz\u0105ca<\/td>\n<td style=\"width: 37.5566%;\">&#8211; El\u017cbieta Or\u0142owska<\/td>\n<td style=\"width: 23.5294%;\">&#8211; Krak\u00f3w<\/td>\n<\/tr>\n<tr>\n<td style=\"width: 39.1403%;\">Sekretarz<\/td>\n<td style=\"width: 37.5566%;\">&#8211; Miros\u0142awa Wojciuk<\/td>\n<td style=\"width: 23.5294%;\">&#8211; Bia\u0142ystok<\/td>\n<\/tr>\n<tr>\n<td style=\"width: 39.1403%;\">Cz\u0142onek<\/td>\n<td style=\"width: 37.5566%;\">&#8211; Zofia Walczyk<\/td>\n<td style=\"width: 23.5294%;\">&#8211; Rzesz\u00f3w<\/td>\n<\/tr>\n<tr>\n<td style=\"width: 39.1403%;\">Cz\u0142onek<\/td>\n<td style=\"width: 37.5566%;\">&#8211; Tomasz Lewartowski<\/td>\n<td style=\"width: 23.5294%;\">&#8211; Warszawa<\/td>\n<\/tr>\n<\/tbody>\n<\/table>\n<p>&nbsp;<\/p>\n<h2>G\u0142\u00f3wny S\u0105d Kole\u017ce\u0144ski:<\/h2>\n<table class=\"tabelka\" style=\"max-width: 700px; width: 67.2728%;\">\n<tbody>\n<tr>\n<td style=\"width: 39.1403%;\">Przewodnicz\u0105cy<\/td>\n<td style=\"width: 37.5566%;\">&#8211; Tadeusz Ko\u015bka<\/td>\n<td style=\"width: 23.9819%;\">&#8211; \u0141\u00f3d\u017a<\/td>\n<\/tr>\n<tr>\n<td style=\"width: 39.1403%;\">Wiceprzewodnicz\u0105cy<\/td>\n<td style=\"width: 37.5566%;\">&#8211; Tadeusz Borysiuk<\/td>\n<td style=\"width: 23.9819%;\">&#8211; Bia\u0142ystok<\/td>\n<\/tr>\n<tr>\n<td style=\"width: 39.1403%;\">Sekretarz<\/td>\n<td style=\"width: 37.5566%;\">&#8211; Ewa Sawicka<\/td>\n<td style=\"width: 23.9819%;\">&#8211; Warszawa<\/td>\n<\/tr>\n<tr>\n<td style=\"width: 39.1403%;\">Cz\u0142onek<\/td>\n<td style=\"width: 37.5566%;\">&#8211; Jan Ceg\u0142a<\/td>\n<td style=\"width: 23.9819%;\">&#8211; Kalisz<\/td>\n<\/tr>\n<tr>\n<td style=\"width: 39.1403%;\">Cz\u0142onek<\/td>\n<td style=\"width: 37.5566%;\">&#8211; Katarzyna Cirko<\/td>\n<td style=\"width: 23.9819%;\">&#8211; Wroc\u0142aw<\/td>\n<\/tr>\n<\/tbody>\n<\/table>\n<p>Zast\u0119pcy cz\u0142onk\u00f3w G\u0142\u00f3wnego S\u0105du Kole\u017ce\u0144skiego:<\/p>\n<ul>\n<li>Filip Szramkowski &#8211; Bydgoszcz<\/li>\n<li>Jan Tuchowski &#8211; Legnica<\/li>\n<\/ul>\n<p>&nbsp;<\/p>\n<hr \/>\n<p>&nbsp;<\/p>\n<div id=\"akordeon\">\n<p class=\"mooaccordion\">Kadencja 2017 &#8211; 2022<\/p>\n<div>\n<h2>Prezes Stowarzyszenia Geodet\u00f3w Polskich<\/h2>\n<p><span style=\"font-size: 12pt;\"><strong>dr hab. in\u017c. Janusz Walo, prof. PW<\/strong><\/span><\/p>\n<h2>Prezydium Zarz\u0105du G\u0142\u00f3wnego:<\/h2>\n<ul>\n<li>Janusz Walo &#8211; Prezes<\/li>\n<li>Krzysztof Baku\u0142a &#8211; Wiceprezes<\/li>\n<li>Anna Kowalewska &#8211; Wiceprezes<\/li>\n<li>Jan \u0141opaciuk &#8211; Wiceprezes<\/li>\n<li>Ludmi\u0142a Pietrzak &#8211; Wiceprezes<\/li>\n<li>Izabela Paw\u0142owska &#8211; Skarbnik<\/li>\n<li>Barbara Kosi\u0144ska\u00a0&#8211; Sekretarz Generalny<\/li>\n<\/ul>\n<p>Zarz\u0105d G\u0142\u00f3wny SGP:\u00a0<a class=\"href\" href=\"mailto:biuro@sgp.geodezja.org.pl\">biuro@sgp.geodezja.org.pl<\/a><\/p>\n<h2>Cz\u0142onkowie Zarz\u0105du G\u0142\u00f3wnego z wyboru imiennego:<\/h2>\n<ul>\n<li>Krzysztof Baku\u0142a &#8211; Warszawa<\/li>\n<li>Marian Bro\u017cyna &#8211; Bia\u0142ystok<\/li>\n<li>Ma\u0142gorzata Bu\u015bko &#8211; Krak\u00f3w<\/li>\n<li>Stanis\u0142aw Cegielski &#8211; Kalisz<\/li>\n<li>Mieczys\u0142aw Gabryszewski &#8211; Wroc\u0142aw<\/li>\n<li>Przemys\u0142aw Janik &#8211; Kielce<\/li>\n<li>Anna Kowalewska &#8211; Olsztyn<\/li>\n<li>S\u0142awomir \u0141api\u0144ski &#8211; Warszawa<\/li>\n<li>Krzysztof M\u0105czewski &#8211; Warszawa<\/li>\n<li>Andrzej Pachuta &#8211; Warszawa<\/li>\n<li>Izabela Paw\u0142owska &#8211; \u0141\u00f3d\u017a<\/li>\n<li>Ryszard Rus &#8211; Gda\u0144sk<\/li>\n<li>Tadeusz Wilczewski &#8211; Bia\u0142ystok<\/li>\n<\/ul>\n<p>Zast\u0119pcy:<\/p>\n<ul>\n<li><span style=\"font-family: Calibri, sans-serif; font-size: 14pt;\"><span style=\"font-family: Calibri;\">Edward G\u0142a\u017cewski<\/span>\u00a0&#8211;\u00a0Ostro\u0142\u0119ka<\/span><\/li>\n<li><span style=\"font-family: Calibri, sans-serif; font-size: 14pt;\"><span style=\"font-family: Calibri;\">Halina Krynke-Jarosz<\/span>\u00a0&#8211;\u00a0Koszalin<\/span><\/li>\n<li><span style=\"font-family: Calibri, sans-serif; font-size: 14pt;\">Arkadiusz Zyga &#8211; Legnica<\/span><\/li>\n<\/ul>\n<p>&nbsp;<\/p>\n<h2>Cz\u0142onkowie Zarz\u0105du G\u0142\u00f3wnego \u2013 Prezesi Oddzia\u0142\u00f3w:<\/h2>\n<ul>\n<li><a class=\"href\" href=\"mailto:geodezja@powiatbialostocki.pl\">Czes\u0142aw Bartoszewicz<\/a>\u00a0&#8211; Bia\u0142ystok<\/li>\n<li><a class=\"href\" href=\"mailto:b.krystowczyk@gmail.com\">Boles\u0142aw Krystowczyk\u00a0<\/a>&#8211; Bydgoszcz<\/li>\n<li><a href=\"mailto:r.rus@wp.pl\" rel=\"alternate\">Ryszard Rus<\/a>&#8211; Gda\u0144sk<\/li>\n<li><a class=\"href\" href=\"mailto:biuro@geo-graf.pl\">Jerzy Oleksiewicz<\/a>&#8211; Gorz\u00f3w Wielkopolski<\/li>\n<li><a class=\"href\" href=\"mailto:cegeo@o2.pl\">Jan Ceg\u0142a<\/a>\u00a0&#8211; Kalisz<\/li>\n<li><a href=\"mailto:Violetta.Sokola-Szewiola@polsl.pl\">Violetta Soko\u0142a-Szewio\u0142a<\/a> &#8211; Katowice<\/li>\n<li><a class=\"href\" href=\"mailto:geometr.kielce@gmail.com\">Jerzy Bara\u0144ski<\/a>\u00a0&#8211; Kielce<\/li>\n<li><a class=\"href\" href=\"mailto:ryszardsoroko@vp.pl\">Ryszard Soroko<\/a>\u00a0&#8211; Koszalin<\/li>\n<li><a class=\"href\" href=\"mailto:bigeo@bigeo.net\">El\u017cbieta Biel<\/a>\u00a0&#8211; Krak\u00f3w<\/li>\n<li><a href=\"mailto:krosno@sgp.geodezja.org.pl\" rel=\"alternate\">Maciej Pelczar <\/a>&#8211; Krosno<\/li>\n<li><a href=\"mailto:geos@poczta.onet.pl\" rel=\"alternate\">W\u0142odzimierz Chytry<\/a> &#8211; Legnica<\/li>\n<li><a href=\"mailto:piotr.strojny@poczta.fm\">Piotr Strojny<\/a> &#8211; Lublin<\/li>\n<li><a class=\"href\" href=\"mailto:kmiecik@ld.onet.pl\">Teresa R\u017canek Kmiecik<\/a>\u00a0&#8211; \u0141\u00f3d\u017a<\/li>\n<li><a class=\"href\" href=\"mailto:gilska@wp.pl\">Mariola Gilska<\/a>\u00a0&#8211; Olsztyn<\/li>\n<li><a href=\"mailto:j.sinicka@wp.pl\" rel=\"alternate\">Jolanta Sinicka <\/a>&#8211; Opole<\/li>\n<li><a class=\"href\" href=\"mailto:mietmon@op.pl\">Mieczys\u0142aw Kaszubowski<\/a>\u00a0&#8211; Ostro\u0142\u0119ka<\/li>\n<li><a class=\"href\" href=\"mailto:w.sztukiewicz@onet.eu\">Waldemar Sztukiewicz<\/a>\u00a0&#8211; Pozna\u0144<\/li>\n<li><a href=\"mailto:antoni.bosek@op.pl\" rel=\"alternate\">Antoni Bosek <\/a>&#8211; Rzesz\u00f3w<\/li>\n<li><a class=\"href\" href=\"mailto:suwalki@sgp.geodezja.org.pl\">Ludmi\u0142a Pietrzak<\/a>\u00a0&#8211; Suwa\u0142ki<\/li>\n<li><a href=\"mailto:sgp.szczecin@wp.pl\" rel=\"alternate\">Ma\u0142gorzata Sobczak<\/a>&#8211; Szczecin<\/li>\n<li><a href=\"mailto:reflinski@o2.pl\" rel=\"alternate\">Zbigniew Refli\u0144ski<\/a> &#8211; Toru\u0144<\/li>\n<li><a class=\"href\" href=\"mailto:j.lopaciuk@o2.pl\">Jan \u0141opaciuk<\/a>\u00a0&#8211; Warszawa<\/li>\n<li><a class=\"href\" href=\"mailto:btab@wp.pl\">Bo\u017cena Tabisz\u00a0<\/a>&#8211; Wroc\u0142aw<\/li>\n<li><a class=\"href\" href=\"mailto:andrzej.betka@zgora.pgnig.pl\">Andrzej Betka<\/a> &#8211; Zielona G\u00f3ra<\/li>\n<\/ul>\n<h2>G\u0142\u00f3wna Komisja Rewizyjna:<\/h2>\n<table class=\"tabelka\" style=\"max-width: 700px; width: 39.5168%;\">\n<tbody>\n<tr>\n<td style=\"width: 39.18%;\">Przewodnicz\u0105ca<\/td>\n<td style=\"width: 37.6106%;\">&#8211; Anna Mielnik<\/td>\n<td style=\"width: 44.278%;\">&#8211; Wroc\u0142aw<\/td>\n<\/tr>\n<tr>\n<td style=\"width: 39.18%;\">Wiceprzewodnicz\u0105cy<\/td>\n<td style=\"width: 37.6106%;\">&#8211; Tadeusz Borysiuk<\/td>\n<td style=\"width: 44.278%;\">&#8211; Bia\u0142ystok<\/td>\n<\/tr>\n<tr>\n<td style=\"width: 39.18%;\">Sekretarz<\/td>\n<td style=\"width: 37.6106%;\">&#8211; Ewa Sawicka<\/td>\n<td style=\"width: 44.278%;\">&#8211; Warszawa<\/td>\n<\/tr>\n<tr>\n<td style=\"width: 39.18%;\">Cz\u0142onkowie:<\/td>\n<td style=\"width: 37.6106%;\">&#8211; Zdzis\u0142aw Berli\u0144ski<\/td>\n<td style=\"width: 44.278%;\">&#8211; \u0141\u00f3d\u017a<\/td>\n<\/tr>\n<tr>\n<td style=\"width: 39.18%;\"><\/td>\n<td style=\"width: 37.6106%;\">&#8211; Mieczys\u0142aw J\u00f3\u017awik<\/td>\n<td style=\"width: 44.278%;\">&#8211; Krak\u00f3w<\/td>\n<\/tr>\n<tr>\n<td style=\"width: 39.18%;\"><\/td>\n<td style=\"width: 37.6106%;\">&#8211; Iwona Popko<\/td>\n<td style=\"width: 44.278%;\">&#8211; Suwa\u0142ki<\/td>\n<\/tr>\n<tr>\n<td style=\"width: 39.18%;\"><\/td>\n<td style=\"width: 37.6106%;\">&#8211; Tomasz Lewartowski<\/td>\n<td style=\"width: 44.278%;\">&#8211; Warszawa<\/td>\n<\/tr>\n<\/tbody>\n<\/table>\n<p>Zast\u0119pcy cz\u0142onk\u00f3w G\u0142\u00f3wnej Komisji Rewizyjnej:<\/p>\n<ul>\n<li>Zdzis\u0142aw Dworakowski &#8211; Warszawa<\/li>\n<li>Jan Tuchowski &#8211; Legnica<\/li>\n<\/ul>\n<h2>G\u0142\u00f3wny S\u0105d Kole\u017ce\u0144ski:<\/h2>\n<table class=\"tabelka\" style=\"max-width: 700px; width: 39.226%;\">\n<tbody>\n<tr>\n<td style=\"width: 39.18%;\">Przewodnicz\u0105cy<\/td>\n<td style=\"width: 37.5854%;\">&#8211; Tadeusz Ko\u015bka<\/td>\n<td style=\"width: 42.9202%;\">&#8211; \u0141\u00f3d\u017a<\/td>\n<\/tr>\n<tr>\n<td style=\"width: 39.18%;\">Wiceprzewodnicz\u0105cy<\/td>\n<td style=\"width: 37.5854%;\">&#8211; Krzysztof Narewski<\/td>\n<td style=\"width: 42.9202%;\">&#8211; Bydgoszcz<\/td>\n<\/tr>\n<tr>\n<td style=\"width: 39.18%;\">Sekretarz<\/td>\n<td style=\"width: 37.5854%;\">&#8211; Miros\u0142awa Wojciuk<\/td>\n<td style=\"width: 42.9202%;\">&#8211; Bia\u0142ystok<\/td>\n<\/tr>\n<tr>\n<td style=\"width: 39.18%;\">Cz\u0142onkowie:<\/td>\n<td style=\"width: 37.5854%;\">&#8211; Katarzyna Cirko<\/td>\n<td style=\"width: 42.9202%;\">&#8211; Wroc\u0142aw<\/td>\n<\/tr>\n<tr>\n<td style=\"width: 39.18%;\"><\/td>\n<td style=\"width: 37.5854%;\">&#8211; Wies\u0142aw Firlici\u0144ski<\/td>\n<td style=\"width: 42.9202%;\">&#8211; Legnica<\/td>\n<\/tr>\n<tr>\n<td style=\"width: 39.18%;\"><\/td>\n<td style=\"width: 37.5854%;\">&#8211; Tomasz Lipecki<\/td>\n<td style=\"width: 42.9202%;\">&#8211; Krak\u00f3w<\/td>\n<\/tr>\n<tr>\n<td style=\"width: 39.18%;\"><\/td>\n<td style=\"width: 37.5854%;\">&#8211; Maria Songin<\/td>\n<td style=\"width: 42.9202%;\">&#8211; Suwa\u0142ki<\/td>\n<\/tr>\n<\/tbody>\n<\/table>\n<p>Zast\u0119pcy cz\u0142onk\u00f3w G\u0142\u00f3wnego S\u0105du Kole\u017ce\u0144skiego:<\/p>\n<ul>\n<li>Adam\u00a0Biskup &#8211; Kielce<\/li>\n<li>Ma\u0142gorzata\u00a0Plewka &#8211; Warszawa<\/li>\n<\/ul>\n<\/div>\n<\/div>","protected":false},"excerpt":{"rendered":"<p>Kadencja 2022 &#8211; 2026 Prezes Stowarzyszenia Geodet\u00f3w Polskich dr hab. in\u017c. Janusz Walo, prof. PW Prezydium Zarz\u0105du G\u0142\u00f3wnego: Janusz Walo &#8211; Prezes Marian Bro\u017cyna &#8211; Wiceprezes &#8211; Bia\u0142ystok Tomasz Malinowski &#8211; Wiceprezes &#8211; Wroc\u0142aw Violetta Soko\u0142a-Szewio\u0142a &#8211; Katowice Ludmi\u0142a Pietrzak &#8211; Wiceprezes &#8211; Suwa\u0142ki &#8211; Redaktor Naczelna Przegl\u0105du Geodezyjnego Jerzy Machla\u0144ski &#8211; Skarbnik &#8211; Kalisz [&hellip;]<\/p>\n","protected":false},"author":2,"featured_media":0,"parent":2513,"menu_order":5,"comment_status":"open","ping_status":"closed","template":"","meta":{"two_page_speed":[],"footnotes":""},"class_list":["post-36","page","type-page","status-publish","hentry"],"_links":{"self":[{"href":"https:\/\/sgp.geodezja.org.pl\/en\/wp-json\/wp\/v2\/pages\/36","targetHints":{"allow":["GET"]}}],"collection":[{"href":"https:\/\/sgp.geodezja.org.pl\/en\/wp-json\/wp\/v2\/pages"}],"about":[{"href":"https:\/\/sgp.geodezja.org.pl\/en\/wp-json\/wp\/v2\/types\/page"}],"author":[{"embeddable":true,"href":"https:\/\/sgp.geodezja.org.pl\/en\/wp-json\/wp\/v2\/users\/2"}],"replies":[{"embeddable":true,"href":"https:\/\/sgp.geodezja.org.pl\/en\/wp-json\/wp\/v2\/comments?post=36"}],"version-history":[{"count":44,"href":"https:\/\/sgp.geodezja.org.pl\/en\/wp-json\/wp\/v2\/pages\/36\/revisions"}],"predecessor-version":[{"id":15157,"href":"https:\/\/sgp.geodezja.org.pl\/en\/wp-json\/wp\/v2\/pages\/36\/revisions\/15157"}],"up":[{"embeddable":true,"href":"https:\/\/sgp.geodezja.org.pl\/en\/wp-json\/wp\/v2\/pages\/2513"}],"wp:attachment":[{"href":"https:\/\/sgp.geodezja.org.pl\/en\/wp-json\/wp\/v2\/media?parent=36"}],"curies":[{"name":"wp","href":"https:\/\/api.w.org\/{rel}","templated":true}]}}