{"id":38,"date":"2013-08-29T17:44:57","date_gmt":"2013-08-29T15:44:57","guid":{"rendered":"https:\/\/2.budowaniestron.pl\/historia-stowarzyszenia-geodetow-polskich\/"},"modified":"2021-10-26T20:06:43","modified_gmt":"2021-10-26T18:06:43","slug":"historia-stowarzyszenia-geodetow-polskich","status":"publish","type":"page","link":"https:\/\/sgp.geodezja.org.pl\/en\/o-nas\/historia-stowarzyszenia-geodetow-polskich\/","title":{"rendered":"Historia Stowarzyszenia Geodet\u00f3w Polskich"},"content":{"rendered":"<h2>Notatka historyczna:<\/h2>\n<p>Jako pierwsz\u0105 organizacj\u0119 zawodow\u0105 geodet\u00f3w na ziemiach polskich mo\u017cna uzna\u0107 powsta\u0142y w roku 1916 w Warszawie \u2018Zwi\u0105zek Geometr\u00f3w\u2019. Zwi\u0105zek powsta\u0142 z inicjatywy geometry przysi\u0119g\u0142ego II klasy Zygmunta Majewskiego. Jak wiadomo, w tym czasie Polska nie istnia\u0142a jako pa\u0144stwo na mapie Europy; jednak przebieg I Wojny \u015awiatowej rozlu\u017ani\u0142 re\u017cimy zaborcze do tego stopnia, \u017ce mo\u017cliwe by\u0142o powo\u0142ywanie r\u00f3\u017cnych zawodowych organizacji, w tym organizacji mierniczych. Mniej wi\u0119cej w tym samym czasie powo\u0142ano r\u00f3wnie\u017c inne regionalne zrzeszenia geodet\u00f3w. Pierwszy Powszechny Zjazd Mierniczych Polskich odby\u0142 si\u0119 w Warszawie w dniach 4-6 stycznia 1919 r.<\/p>\n<p>Od tego czasu stowarzyszenia polskich geodet\u00f3w istnia\u0142y ci\u0105gle, wy\u0142\u0105czywszy okres II Wojny \u015awiatowej. R\u00f3wnie\u017c podczas wojny, w obozach jenieckich, geodeci organizowali ko\u0142a, w kt\u00f3rych prowadzili dzia\u0142alno\u015b\u0107 szkoleniow\u0105. Nazwy organizacji wielokrotnie zmienia\u0142y si\u0119 na przestrzeni minionych\u00a0100 lat: Zwi\u0105zek Mierniczych Polskich (1925), Zwi\u0105zek Mierniczych Przysi\u0119g\u0142ych (1926), Zwi\u0105zek Mierniczych Rzeczypospolitej Polskiej (1945), Stowarzyszenie Geodet\u00f3w Polskich, SGP (1953).<\/p>\n<p>Polskie Zwi\u0105zki Mierniczych przyst\u0105pi\u0142y do Mi\u0119dzynarodowej Federacji Geodet\u00f3w (FIG) w roku 1926. W Polsce organizowano trzykrotnie Spotkania Komitetu Permanentnego FIG: w roku 1932 w Warszawie, w roku 1959 w Krakowie i w roku 1985 w Katowicach. W roku 1938, na Kongresie FIG w Rzymie pierwszym wiceprezydentem FIG zosta\u0142 wybrany Polak, p\u0142k. dr W\u0142adys\u0142aw Surmacki. W\u00f3wczas to zdecydowano, \u017ce VII Kongres FIG odb\u0119dzie si\u0119 w Warszawie w roku 1942. W czasie II Wojny \u015awiatowej i podczas okupacji hitlerowskiej w Polsce zgin\u0119\u0142o oko\u0142o 1200 geodet\u00f3w. W\u0142adys\u0142aw Surmacki zosta\u0142 zamordowany latem 1942 roku.<\/p>\n<p>Polscy geodeci przewodniczyli w FIG komisjom technicznym 2- edukacja zawodowa i literatura, 6- geodezja in\u017cynieryjna, 7- kataster i 8- geodezja miejska. W roku 1998 SGP zorganizowa\u0142o w Warszawie, pod auspicjami FIG, 1-szy \u015awiatowy Kongres Katastralny, 2-gi w 2003 r w Krakowie i 3-ci w 2011 r w Warszawie. Stowarzyszenie Geodet\u00f3w Polskich jest r\u00f3wnie\u017c cz\u0142onkiem Mi\u0119dzynarodowego Towarzystwa Fotogrametrii i Teledetekcji od roku 1930.<\/p>\n<p>W ramach mi\u0119dzynarodowej wsp\u00f3\u0142pracy ze stowarzyszeniami geodet\u00f3w Republiki Czeskiej i S\u0142owacji, SGP corocznie uczestniczy w organizacji Mi\u0119dzynarodowych Dni Geodezji. XXIII Mi\u0119dzynarodowe Dni Geodezji b\u0119d\u0105 si\u0119 odbywa\u0142y w roku 2017 w Warszawie po raz \u00f3smy w Polsce.<\/p>\n<h2>Informacje organizacyjne:<\/h2>\n<p>Stowarzyszenie Geodet\u00f3w Polskich (SGP) jest pozarz\u0105dow\u0105, dobrowoln\u0105 organizacj\u0105 os\u00f3b fizycznych b\u0119d\u0105cych geodetami na podstawie dyplomu uko\u0144czenia studi\u00f3w geodezyjnych lub dyplomu technika-geodety. Podstawa prawna dzia\u0142alno\u015bci Stowarzyszenia wynika z rejestracji przez s\u0105d rejestrowy na podstawie ustawy o stowarzyszeniach. SGP ma \u2018Statut\u2019 uchwalony przez Zjazd Delegat\u00f3w Stowarzyszenia oraz \u2018Kodeks Etyki Zawodowej\u2019. Stowarzyszenie ma Oddzia\u0142y organizowane przez grupy przynajmniej\u00a050 cz\u0142onk\u00f3w. Najwy\u017csz\u0105 w\u0142adz\u0105 Stowarzyszenia jest Zjazd Delegat\u00f3w SGP odbywaj\u0105cy si\u0119 co 4 lata.<\/p>\n<p>Zjazd skupia oko\u0142o 100 delegat\u00f3w wybieranych proporcjonalnie do liczby cz\u0142onk\u00f3w w poszczeg\u00f3lnych oddzia\u0142ach. Zjazd wybiera prezesa SGP, 13 cz\u0142onk\u00f3w Zarz\u0105du G\u0142\u00f3wnego, G\u0142\u00f3wn\u0105 Komisj\u0119 Rewizyjn\u0105 oraz G\u0142\u00f3wny S\u0105d Kole\u017ce\u0144ski. Zjazd Delegat\u00f3w uchwala za\u0142o\u017cenia do dzia\u0142alno\u015bci organizacyjnej i zawodowej SGP na 4-letni\u0105 kadencj\u0119. Obecna kadencja jest XXXIV kadencj\u0105 w\u0142adz SGP. W sk\u0142ad Zarz\u0105du G\u0142\u00f3wnego SGP wchodz\u0105 r\u00f3wnie\u017c prezesi oddzia\u0142\u00f3w SGP wybierani bezpo\u015brednio na Zgromadzeniach Delegat\u00f3w K\u00f3\u0142.<\/p>\n<p>Zarz\u0105d G\u0142\u00f3wny SGP wybiera Prezydium, w sk\u0142ad kt\u00f3rego wchodz\u0105: prezes, czterech wiceprezes\u00f3w, skarbnik,i sekretarz generalny. Zarz\u0105d G\u0142\u00f3wny odbywa zebrania plenarne przynajmniej 3 razy w roku. Prezydium odbywa spotkania w miar\u0119 aktualnych potrzeb; z regu\u0142y co dwa tygodnie. Stowarzyszenie Geodet\u00f3w Polskich jest w\u0142a\u015bcicielem miesi\u0119cznika \u201ePrzegl\u0105d Geodezyjny\u201d i rocznika \u201eArchiwum Fotogrametrii, Kartografii i Teledetekcji\u201d.<\/p>\n<h2>Og\u00f3lna charakterystyka dzia\u0142alno\u015bci SGP:<\/h2>\n<h3>Dzia\u0142alno\u015b\u0107 SGP skupia si\u0119 na trzech polach: zawodowym, naukowo-technicznym i kole\u017ce\u0144skim.<\/h3>\n<ul>\n<li>szkolenia,<\/li>\n<li>opiniowanie i konsultowanie akt\u00f3w prawnych dotycz\u0105cych geodezji i kartografii, katastru, system\u00f3w informacji przestrzennej, geodezyjnej obs\u0142ugi budownictwa itp.,<\/li>\n<li>przyznawanie rekomendacji firmom geodezyjnym,<\/li>\n<li>organizowanie konkurs\u00f3w jako\u015bci prac geodezyjnych, scaleniowych i konkurs\u00f3w wiedzy geodezyjnej (olimpiad geodezyjnych dla uczni\u00f3w technik\u00f3w geodezyjnych),<\/li>\n<li>prowadzenie klub\u00f3w zawodowych.<\/li>\n<\/ul>\n<h3>Dzia\u0142alno\u015b\u0107 naukowo-techniczna SGP obejmuje:<\/h3>\n<ul>\n<li>organizowanie konferencji naukowo-technicznych krajowych oraz konferencji z\u00a0udzia\u0142em mi\u0119dzynarodowym,<\/li>\n<li>organizowanie sympozj\u00f3w naukowych we wsp\u00f3\u0142pracy z Komitetem Geodezji PAN,<\/li>\n<li>udzia\u0142 w sympozjach mi\u0119dzynarodowych FIG,<\/li>\n<li>organizowanie kongres\u00f3w (katastralnych),<\/li>\n<li>organizowanie polsko-czesko-s\u0142owackich mi\u0119dzynarodowych dni geodezji.<\/li>\n<\/ul>\n<h3>Dzia\u0142alno\u015b\u0107 o charakterze kole\u017ce\u0144skim i\u00a0socjalnym obejmuje:<\/h3>\n<ul>\n<li>prowadzenie pomocy kole\u017ce\u0144skiej,<\/li>\n<li>organizowanie r\u00f3\u017cnorodnych imprez o charakterze rekreacyjno-sportowym (mistrzostwa geodet\u00f3w: narciarskie, tenisowe, bryd\u017cowe, szachowe, a tak\u017ce rajdy piesze, spotkania klubowe, bale karnawa\u0142owe itp.).<\/li>\n<\/ul>","protected":false},"excerpt":{"rendered":"<p>Notatka historyczna: Jako pierwsz\u0105 organizacj\u0119 zawodow\u0105 geodet\u00f3w na ziemiach polskich mo\u017cna uzna\u0107 powsta\u0142y w roku 1916 w Warszawie \u2018Zwi\u0105zek Geometr\u00f3w\u2019. Zwi\u0105zek powsta\u0142 z inicjatywy geometry przysi\u0119g\u0142ego II klasy Zygmunta Majewskiego. Jak wiadomo, w tym czasie Polska nie istnia\u0142a jako pa\u0144stwo na mapie Europy; jednak przebieg I Wojny \u015awiatowej rozlu\u017ani\u0142 re\u017cimy zaborcze do tego stopnia, \u017ce [&hellip;]<\/p>\n","protected":false},"author":2,"featured_media":0,"parent":2513,"menu_order":4,"comment_status":"open","ping_status":"closed","template":"","meta":{"two_page_speed":[],"footnotes":""},"class_list":["post-38","page","type-page","status-publish","hentry"],"_links":{"self":[{"href":"https:\/\/sgp.geodezja.org.pl\/en\/wp-json\/wp\/v2\/pages\/38","targetHints":{"allow":["GET"]}}],"collection":[{"href":"https:\/\/sgp.geodezja.org.pl\/en\/wp-json\/wp\/v2\/pages"}],"about":[{"href":"https:\/\/sgp.geodezja.org.pl\/en\/wp-json\/wp\/v2\/types\/page"}],"author":[{"embeddable":true,"href":"https:\/\/sgp.geodezja.org.pl\/en\/wp-json\/wp\/v2\/users\/2"}],"replies":[{"embeddable":true,"href":"https:\/\/sgp.geodezja.org.pl\/en\/wp-json\/wp\/v2\/comments?post=38"}],"version-history":[{"count":1,"href":"https:\/\/sgp.geodezja.org.pl\/en\/wp-json\/wp\/v2\/pages\/38\/revisions"}],"predecessor-version":[{"id":2593,"href":"https:\/\/sgp.geodezja.org.pl\/en\/wp-json\/wp\/v2\/pages\/38\/revisions\/2593"}],"up":[{"embeddable":true,"href":"https:\/\/sgp.geodezja.org.pl\/en\/wp-json\/wp\/v2\/pages\/2513"}],"wp:attachment":[{"href":"https:\/\/sgp.geodezja.org.pl\/en\/wp-json\/wp\/v2\/media?parent=38"}],"curies":[{"name":"wp","href":"https:\/\/api.w.org\/{rel}","templated":true}]}}