{"id":43,"date":"2013-08-29T17:46:40","date_gmt":"2013-08-29T15:46:40","guid":{"rendered":"https:\/\/2.budowaniestron.pl\/dokumenty\/"},"modified":"2023-06-15T20:13:50","modified_gmt":"2023-06-15T18:13:50","slug":"dokumenty","status":"publish","type":"page","link":"https:\/\/sgp.geodezja.org.pl\/en\/o-nas\/dokumenty\/","title":{"rendered":"Documents"},"content":{"rendered":"<ul>\n<li><strong><a href=\"https:\/\/sgp.geodezja.org.pl\/wp-content\/uploads\/2022\/10\/Statut_SGP_tekst_jednolity_20220521_zatwierdzony.pdf\">Statut Stowarzyszenia Geodet\u00f3w Polskich &gt;&gt;&gt;<\/a><\/strong><\/li>\n<li><a href=\"https:\/\/sgp.geodezja.org.pl\/wp-content\/uploads\/2013\/08\/Deklaracja_czlonkowska_2018.doc\"><strong>Deklaracja cz\u0142onkowska (doc) &gt;&gt;&gt;<\/strong><\/a><\/li>\n<li><a href=\"https:\/\/sgp.geodezja.org.pl\/wp-content\/uploads\/2013\/08\/Deklaracja_czlonkowska_2018.pdf\"><strong>Deklaracja cz\u0142onkowska (pdf) &gt;&gt;&gt;<\/strong><\/a><\/li>\n<li><a href=\"https:\/\/sgp.geodezja.org.pl\/wp-content\/uploads\/2023\/06\/Regulamin_Zarzadu_Glownego_SGP.pdf\"><strong>Regulamin Zarz\u0105du G\u0142\u00f3wnego Stowarzyszenia Geodet\u00f3w Polskich (pdf) &gt;&gt;&gt;<\/strong><\/a><\/li>\n<li><a href=\"https:\/\/sgp.geodezja.org.pl\/wp-content\/uploads\/2023\/06\/Regulamin_Glownej_Komisji_Rewizyjnej_SGP.pdf\"><strong>Regulamin G\u0142\u00f3wnej Komisji Rewizyjnej Stowarzyszenia Geodet\u00f3w Polskich (pdf) &gt;&gt;&gt;<\/strong><\/a><\/li>\n<li><a href=\"https:\/\/sgp.geodezja.org.pl\/wp-content\/uploads\/2023\/06\/Regulamin_Glownego_Sadu_Kolezenskiego_SGP.pdf\"><strong>Regulamin G\u0142\u00f3wnego S\u0105du Kole\u017ce\u0144skiego Stowarzyszenia Geodet\u00f3w Polskich (pdf) &gt;&gt;&gt;<\/strong><\/a><\/li>\n<li><a href=\"https:\/\/sgp.geodezja.org.pl\/wp-content\/uploads\/2023\/06\/Kodeks_Etyki.pdf\"><strong>Kodeks etyki (pdf) &gt;&gt;&gt;<\/strong><\/a><\/li>\n<\/ul>","protected":false},"excerpt":{"rendered":"<p>Statut Stowarzyszenia Geodet\u00f3w Polskich &gt;&gt;&gt; Deklaracja cz\u0142onkowska (doc) &gt;&gt;&gt; Deklaracja cz\u0142onkowska (pdf) &gt;&gt;&gt; Regulamin Zarz\u0105du G\u0142\u00f3wnego Stowarzyszenia Geodet\u00f3w Polskich (pdf) &gt;&gt;&gt; Regulamin G\u0142\u00f3wnej Komisji Rewizyjnej Stowarzyszenia Geodet\u00f3w Polskich (pdf) &gt;&gt;&gt; Regulamin G\u0142\u00f3wnego S\u0105du Kole\u017ce\u0144skiego Stowarzyszenia Geodet\u00f3w Polskich (pdf) &gt;&gt;&gt; Kodeks etyki (pdf) &gt;&gt;&gt;<\/p>","protected":false},"author":2,"featured_media":0,"parent":2513,"menu_order":3,"comment_status":"open","ping_status":"closed","template":"","meta":{"two_page_speed":[],"footnotes":""},"class_list":["post-43","page","type-page","status-publish","hentry"],"_links":{"self":[{"href":"https:\/\/sgp.geodezja.org.pl\/en\/wp-json\/wp\/v2\/pages\/43","targetHints":{"allow":["GET"]}}],"collection":[{"href":"https:\/\/sgp.geodezja.org.pl\/en\/wp-json\/wp\/v2\/pages"}],"about":[{"href":"https:\/\/sgp.geodezja.org.pl\/en\/wp-json\/wp\/v2\/types\/page"}],"author":[{"embeddable":true,"href":"https:\/\/sgp.geodezja.org.pl\/en\/wp-json\/wp\/v2\/users\/2"}],"replies":[{"embeddable":true,"href":"https:\/\/sgp.geodezja.org.pl\/en\/wp-json\/wp\/v2\/comments?post=43"}],"version-history":[{"count":5,"href":"https:\/\/sgp.geodezja.org.pl\/en\/wp-json\/wp\/v2\/pages\/43\/revisions"}],"predecessor-version":[{"id":6924,"href":"https:\/\/sgp.geodezja.org.pl\/en\/wp-json\/wp\/v2\/pages\/43\/revisions\/6924"}],"up":[{"embeddable":true,"href":"https:\/\/sgp.geodezja.org.pl\/en\/wp-json\/wp\/v2\/pages\/2513"}],"wp:attachment":[{"href":"https:\/\/sgp.geodezja.org.pl\/en\/wp-json\/wp\/v2\/media?parent=43"}],"curies":[{"name":"wp","href":"https:\/\/api.w.org\/{rel}","templated":true}]}}