{"id":44,"date":"2013-08-29T17:47:54","date_gmt":"2013-08-29T15:47:54","guid":{"rendered":"https:\/\/2.budowaniestron.pl\/zostan-czlonkiem\/"},"modified":"2023-12-12T13:00:35","modified_gmt":"2023-12-12T12:00:35","slug":"zostan-czlonkiem","status":"publish","type":"page","link":"https:\/\/sgp.geodezja.org.pl\/en\/o-nas\/zostan-czlonkiem\/","title":{"rendered":"Become a member"},"content":{"rendered":"<p><strong>Zgodnie ze statutem Stowarzyszenia Geodet\u00f3w Polskich:<\/strong><\/p>\n<h2><strong>Rozdzia\u0142 III statutu SGP &#8222;Cz\u0142onkowie, ich prawa i obowi\u0105zki&#8221;<\/strong><\/h2>\n<h3>\u00a7 12<\/h3>\n<ol>\n<li>Cz\u0142onkami zwyczajnymi SGP mog\u0105 by\u0107:<br \/>\n1) in\u017cynierowie i technicy z wykszta\u0142ceniem w zakresie geodezji i kartografii,<br \/>\n2) inni specjali\u015bci dzia\u0142aj\u0105cy zawodowo w geodezji i kartografii lub posiadaj\u0105cy znacz\u0105ce zas\u0142ugi dla SGP,<br \/>\n3) studenci kierunk\u00f3w geodezyjnych.<\/li>\n<\/ol>\n<h3>\u00a7 15<\/h3>\n<ol>\n<li>Przyj\u0119cia nowych cz\u0142onk\u00f3w zwyczajnych SGP dokonuje prezydium zarz\u0105du Oddzia\u0142u<br \/>\nw\u0142a\u015bciwego dla miejsca: zamieszkania kandydata, wykonywania przez niego zaj\u0119\u0107<br \/>\nzarobkowych lub te\u017c prowadzenia innej dzia\u0142alno\u015bci w dziedzinie geodezji i kartografii &#8211;<br \/>\nna podstawie deklaracji podpisanej przez kandydata &#8211; po stwierdzeniu spe\u0142nienia<br \/>\nwarunk\u00f3w, o kt\u00f3rych mowa w \u00a7 12.<\/li>\n<li>W razie odmowy przyj\u0119cia w poczet cz\u0142onk\u00f3w zwyczajnych SGP, zainteresowanemu s\u0142u\u017cy<br \/>\nodwo\u0142anie do Zarz\u0105du G\u0142\u00f3wnego za po\u015brednictwem w\u0142a\u015bciwego prezydium zarz\u0105du<br \/>\nOddzia\u0142u w terminie 1 miesi\u0105ca od dnia dor\u0119czenia zawiadomienia o tej odmowie.<\/li>\n<\/ol>\n<h2>Wz\u00f3r deklaracji cz\u0142onkowskiej mo\u017cna pobra\u0107:<\/h2>\n<p>w formacie MS Word:<\/p>\n<p><span class=\"read-more\"><a href=\"https:\/\/sgp.geodezja.org.pl\/wp-content\/uploads\/2013\/08\/Deklaracja_czlonkowska_2018.doc\">Deklaracja_czlonkowska (doc)<\/a><\/span><\/p>\n<p>w formacie Adobe Acrobat:<\/p>\n<p><span class=\"read-more\"><a href=\"https:\/\/sgp.geodezja.org.pl\/wp-content\/uploads\/2013\/08\/Deklaracja_czlonkowska_2018.pdf\">Deklaracja_czlonkowska (pdf)<\/a><\/span><\/p>\n<p><strong><a href=\"https:\/\/sgp.geodezja.org.pl\/wp-content\/uploads\/2023\/12\/Uchwala_ws_ustalenia_skladki_czlonkowskiej.pdf\">Informacja o wysoko\u015bci sk\u0142adek od 1 stycznia 2024r. (pdf)&gt;&gt;&gt;<\/a><\/strong><\/p>\n<p>&nbsp;<\/p>","protected":false},"excerpt":{"rendered":"<p>Zgodnie ze statutem Stowarzyszenia Geodet\u00f3w Polskich: Rozdzia\u0142 III statutu SGP &#8222;Cz\u0142onkowie, ich prawa i obowi\u0105zki&#8221; \u00a7 12 Cz\u0142onkami zwyczajnymi SGP mog\u0105 by\u0107: 1) in\u017cynierowie i technicy z wykszta\u0142ceniem w zakresie geodezji i kartografii, 2) inni specjali\u015bci dzia\u0142aj\u0105cy zawodowo w geodezji i kartografii lub posiadaj\u0105cy znacz\u0105ce zas\u0142ugi dla SGP, 3) studenci kierunk\u00f3w geodezyjnych. \u00a7 15 Przyj\u0119cia [&hellip;]<\/p>\n","protected":false},"author":2,"featured_media":0,"parent":2513,"menu_order":3,"comment_status":"open","ping_status":"closed","template":"","meta":{"two_page_speed":[],"footnotes":""},"class_list":["post-44","page","type-page","status-publish","hentry"],"_links":{"self":[{"href":"https:\/\/sgp.geodezja.org.pl\/en\/wp-json\/wp\/v2\/pages\/44","targetHints":{"allow":["GET"]}}],"collection":[{"href":"https:\/\/sgp.geodezja.org.pl\/en\/wp-json\/wp\/v2\/pages"}],"about":[{"href":"https:\/\/sgp.geodezja.org.pl\/en\/wp-json\/wp\/v2\/types\/page"}],"author":[{"embeddable":true,"href":"https:\/\/sgp.geodezja.org.pl\/en\/wp-json\/wp\/v2\/users\/2"}],"replies":[{"embeddable":true,"href":"https:\/\/sgp.geodezja.org.pl\/en\/wp-json\/wp\/v2\/comments?post=44"}],"version-history":[{"count":9,"href":"https:\/\/sgp.geodezja.org.pl\/en\/wp-json\/wp\/v2\/pages\/44\/revisions"}],"predecessor-version":[{"id":8067,"href":"https:\/\/sgp.geodezja.org.pl\/en\/wp-json\/wp\/v2\/pages\/44\/revisions\/8067"}],"up":[{"embeddable":true,"href":"https:\/\/sgp.geodezja.org.pl\/en\/wp-json\/wp\/v2\/pages\/2513"}],"wp:attachment":[{"href":"https:\/\/sgp.geodezja.org.pl\/en\/wp-json\/wp\/v2\/media?parent=44"}],"curies":[{"name":"wp","href":"https:\/\/api.w.org\/{rel}","templated":true}]}}