{"id":4716,"date":"2022-06-17T19:10:06","date_gmt":"2022-06-17T17:10:06","guid":{"rendered":"https:\/\/sgp.geodezja.org.pl\/?page_id=4716"},"modified":"2026-01-30T07:52:16","modified_gmt":"2026-01-30T06:52:16","slug":"glowna-komisja-historii-i-tradycji","status":"publish","type":"page","link":"https:\/\/sgp.geodezja.org.pl\/en\/glowna-komisja-historii-i-tradycji\/","title":{"rendered":"G\u0142\u00f3wna Komisja Historii i Tradycji"},"content":{"rendered":"<p><strong><a href=\"https:\/\/sgp.geodezja.org.pl\/wp-content\/uploads\/2023\/01\/logo_GK-HiT.jpg\"><img loading=\"lazy\" decoding=\"async\" class=\"wp-image-5770 alignleft\" src=\"https:\/\/sgp.geodezja.org.pl\/wp-content\/uploads\/2023\/01\/logo_GK-HiT.jpg\" alt=\"\" width=\"83\" height=\"81\" srcset=\"https:\/\/sgp.geodezja.org.pl\/wp-content\/uploads\/2023\/01\/logo_GK-HiT.jpg 295w, https:\/\/sgp.geodezja.org.pl\/wp-content\/uploads\/2023\/01\/logo_GK-HiT-61x60.jpg 61w\" sizes=\"auto, (max-width: 83px) 100vw, 83px\" \/><\/a><\/strong><strong>Adres komisji:<br \/>\n<\/strong><\/p>\n<p><strong>00-043 Warszawa ul. Czackiego 3\/5, p.416<\/strong><\/p>\n<p><strong>e-mail: <a href=\"mailto:gkhit.sgp@gmail.com\">gkhit.sgp@gmail.com<\/a><br \/>\n<\/strong><\/p>\n<p style=\"text-align: left;\"><b>Sk\u0142ad G\u0142\u00f3wnej Komisji Historii i Tradycji [II kadencja 2022-2026]<\/b><\/p>\n<p style=\"text-align: left;\">\u00a0 <span style=\"font-size: 12pt;\">1\u00a0\u00a0 Bartoszewicz Czes\u0142aw &#8211; Bia\u0142ystok \/ tel. 609651608; email: <a href=\"mailto:czbartoszewicz@gmail.com\">czbartoszewicz@gmail.com<\/a> &#8211; cz\u0142onek<\/span><\/p>\n<p style=\"text-align: left;\"><span style=\"font-size: 12pt;\">\u00a0 2\u00a0\u00a0 Grodzicki Stanis\u0142aw &#8211; Warszawa \/ tel. 509487911; email: <a href=\"mailto:s.grodzicki@wp.pl\">s.grodzicki@wp.pl<\/a> &#8211; szef zespo\u0142u WYDAWNICTWA<\/span><\/p>\n<p style=\"text-align: left;\"><span style=\"font-size: 12pt;\">\u00a0 3\u00a0\u00a0 <span style=\"color: #993366;\">Kasprzycki Kamil &#8211; Katowice &#8211; cz\u0142onek [2017-2024]<\/span><br \/>\n<\/span><\/p>\n<p style=\"text-align: left;\"><span style=\"font-size: 12pt;\">\u00a0 4\u00a0\u00a0 Konarski Krzysztof &#8211; Zielona G\u00f3ra \/ tel. 605831770; email: <a href=\"mailto:kis@data.home.pl\">kis@data.home.pl<\/a> &#8211; sekretarz komisji<\/span><\/p>\n<p style=\"text-align: left;\"><span style=\"font-size: 12pt;\">\u00a0 5\u00a0\u00a0 Kostecki Jerzy &#8211; Warszawa \/ tel. 604429768; email: <a href=\"mailto:geonetjk@wp.pl\">geonetjk@wp.pl<\/a> &#8211; wiceprzew. komisji \/ szef zespo\u0142u INWENT.<\/span><\/p>\n<p style=\"text-align: left;\"><span style=\"font-size: 12pt;\">\u00a0 6\u00a0\u00a0 Ko\u015bka Tadeusz &#8211; \u0141od\u017a \/ tel. 604430073; email: <a href=\"mailto:e.koska@onet.pl\">e.koska@onet.pl<\/a> &#8211; zesp\u00f3\u0142 ZNAKI<\/span><\/p>\n<p style=\"text-align: left;\"><span style=\"font-size: 12pt;\">\u00a0 7\u00a0\u00a0 Koz\u0142owski Jerzy &#8211; Warszawa \/ tel. 730256120; email: <a href=\"mailto:jerzy.c.kozlowski@gmail.com\">jerzy.c.kozlowski@gmail.com<\/a> &#8211; cz\u0142onek<\/span><\/p>\n<p style=\"text-align: left;\"><span style=\"font-size: 12pt;\">\u00a0 8\u00a0\u00a0 Meus Mariusz &#8211; Krak\u00f3w \/ tel. 792379033; email: <a href=\"mailto:hpk.geo@gmail.com\">hpk.geo@gmail.com<\/a> &#8211; szef zespo\u0142u PO\u0141UDNIKI i \u015aRODKI<\/span><\/p>\n<p style=\"text-align: left;\"><span style=\"font-size: 12pt;\">\u00a0 9\u00a0\u00a0 Milanowska Helena &#8211; Wroc\u0142aw \/ tel. 502307549; email: <a href=\"mailto:helena.milanowska@gmail.com\">helena.milanowska@gmail.com<\/a> &#8211; cz\u0142onek<\/span><\/p>\n<p style=\"text-align: left;\"><span style=\"font-size: 12pt;\">10\u00a0\u00a0 Remiszewski Wojciech &#8211; Warszawa \/ tel. 506168482; email: <a href=\"mailto:w.remiszewski@wpg.com.pl\">w.remiszewski@wpg.com.pl<\/a> &#8211; cz\u0142onek<\/span><\/p>\n<p style=\"text-align: left;\"><span style=\"font-size: 12pt;\">11\u00a0\u00a0 Roszczypa\u0142a Miros\u0142aw &#8211; Opat\u00f3w \/ tel. 609095327; email: <a href=\"mailto:geodezja@opatow.pl\">geodezja@opatow.pl<\/a> &#8211; cz\u0142onek \/ Muzeum G-K Opat\u00f3w<\/span><\/p>\n<p style=\"text-align: left;\"><span style=\"font-size: 12pt;\">12\u00a0\u00a0 Rus Ryszard &#8211; Gdynia \/ tel. 602318537; email: <a href=\"mailto:ryszardrus@gmail.com\">ryszardrus@gmail.com<\/a> &#8211; przewodnicz\u0105cy GK HiT<\/span><\/p>\n<p style=\"text-align: left;\"><span style=\"font-size: 12pt;\">13\u00a0\u00a0 Szczutko Tadeusz &#8211; Krak\u00f3w \/ tel. 692616665; email: <a href=\"mailto:szczutko@agh.edu.pl\">szczutko@agh.edu.pl<\/a> &#8211; szef zespo\u0142u ZNAKI<\/span><\/p>\n<p style=\"text-align: left;\"><span style=\"font-size: 12pt;\">14\u00a0\u00a0 Sztukiewicz Waldemar &#8211; Pozna\u0144 \/ tel. 501315615; email: <a href=\"mailto:w.sztukiewicz@gmail.com\">w.sztukiewicz@gmail.com<\/a> &#8211; zesp\u00f3\u0142 ZNAKI<\/span><\/p>\n<p style=\"text-align: left;\"><span style=\"font-size: 12pt;\"><strong>Wsp\u00f3\u0142praca\/sympatycy komisji<\/strong><\/span><\/p>\n<p style=\"text-align: left;\"><span style=\"font-size: 12pt;\">\u00a0 1\u00a0\u00a0 Ostrowski Jerzy &#8211; Warszawa \/ tel. 533636676; email: <a href=\"mailto:jostrow@wp.pl\">jostrow@wp.pl<\/a> &#8211; sympatyk BIOGRAMY &#8211; SKP \/ SPG<br \/>\n<\/span><\/p>\n<p style=\"text-align: left;\"><span style=\"font-size: 12pt;\">\u00a0 2\u00a0\u00a0 Tomaszewski Bogus\u0142aw &#8211; Szczecin \/ email: <a href=\"mailto:b_a_tom@op.pl\">b_a_tom@op.pl<\/a> &#8211; sympatyk ZNAKI<\/span><\/p>\n<p><span style=\"font-size: 12pt;\">\u00a0 3\u00a0\u00a0 Winnowicz Czes\u0142aw &#8211; Pozna\u0144 \/ email: <\/span><span style=\"font-size: 12pt; color: #000000;\">czesiu.w@wp.pl<\/span><span style=\"font-size: 12pt;\"> &#8211; sympatyk WSP\u00d3\u0141PRACA TEMATYCZNA<br \/>\n<\/span><\/p>\n<p style=\"text-align: left;\"><span style=\"font-size: 12pt;\">\u00a0<span style=\"color: #993366;\"> 4\u00a0\u00a0 Zgli\u0144ski Andrzej &#8211; Warszawa &#8211; GEOkolekcjoner [2017-2025]\u00a0<\/span><br \/>\n<\/span><\/p>\n<p style=\"text-align: left;\"><span style=\"font-size: 12pt;\"><strong>O<\/strong><\/span><span style=\"font-size: 12pt;\"><strong>pieka Prezydium ZG SGP<\/strong><\/span><\/p>\n<p style=\"text-align: left;\"><span style=\"font-size: 12pt;\">\u00a0 1\u00a0\u00a0 Pietrzak Ludmi\u0142a \u2013 Warszawa \/ tel. 601250729; email: <a href=\"mailto:milka.pietrzak@gmail.com\">milka.pietrzak@gmail.com<\/a> &#8211; wiceprezes SGP<\/span><\/p>\n<p style=\"text-align: left;\"><span style=\"font-size: 12pt;\">\u00a0 2\u00a0\u00a0 Malinowski Tomasz \u2013 Wroc\u0142aw \/ tel. 602113481; email: <a href=\"mailto:tmalinowski@tpi.com.pl\">tmalinowski@tpi.com.pl<\/a> &#8211; wiceprezes SGP<\/span><\/p>\n<p><strong>Do pobrania:<\/strong><\/p>\n<p><a href=\"https:\/\/sgp.geodezja.org.pl\/wp-content\/uploads\/2023\/04\/REGULAMIN-GKHiT_zatwierdzony.pdf\"><span style=\"color: #0000ff;\"><strong>REGULAMIN GKHiT_zatwierdzon<\/strong><strong>y<\/strong><\/span><\/a><\/p>\n<p><a href=\"https:\/\/sgp.geodezja.org.pl\/wp-content\/uploads\/2023\/11\/Szczutko_Historyczne-znaki-geodezyjne_proba-klasyfikacji.pdf\">Szczutko_Historyczne znaki geodezyjne_pr\u00f3ba klasyfikacji<\/a><\/p>\n<p><a href=\"https:\/\/sgp.geodezja.org.pl\/wp-content\/uploads\/2023\/11\/BIOGRAMY_zasady-tworzenia-SBGiKP.pdf\">BIOGRAMY_zasady tworzenia SBGiKP<\/a><\/p>\n<p><strong><a href=\"https:\/\/drive.google.com\/file\/d\/1Qb_mx0Ey-t5nENBEnH46q1lr3f7QvvAh\/view?usp=drivesdk\">Ogl\u0105daj FILM 100 lat SGP<\/a>\u00a0<\/strong>\u00a0PREMIERA 25.01.2019 r. GALA 100-lecia<\/p>\n<p><strong>Komisja poleca HiTy:<\/strong><\/p>\n<p>Biblioteka Cyfrowa Politechniki Warszawskiej m.in\u00a0<strong><a title=\"PRZEGL\u0104D MIERNICZY\" href=\"https:\/\/tiny.pl\/w5zg3\">PRZEGL\u0104D MIERNICZY<\/a><\/strong>\u00a0od 1924 roku<\/p>\n<p><span style=\"font-size: 10pt;\">https:\/\/bcpw.bg.pw.edu.pl\/dlibra\/results?q=Przegl\u0105d+mierniczy&amp;action=SimpleSearchAction&amp;type=-6&amp;p=0<\/span><\/p>\n<p>Biblioteka Cyfrowa Politechniki Gda\u0144skiej &#8211; KOLEKCJA\u00a0<strong><a title=\"GEODEZJA i KARTOGRAFIA\" href=\"http:\/\/pbc.gda.pl\/dlibra\/collectiondescription?dirids=60\">GEODEZJA i KARTOGRAFIA<\/a><\/strong> m.in. Przegl\u0105d geodezyjny (<strong><span style=\"color: #ff0000;\">lata 1945-2003<\/span><\/strong>) &#8211; zeszyty 2004-2015 na stronie przegladgeodezyjny.pl<\/p>\n<p>oraz<\/p>\n<div>\n<div>\n<ol class=\"itemlist\">\n<li><a id=\"blec_a_70841\" href=\"http:\/\/pbc.gda.pl\/dlibra\/docmetadata?id=70841\" name=\"Zarys historii organizacji spo\u0142ecznych geodet\u00f3w polskich\">TYMOWSKI-Zarys historii organizacji spo\u0142ecznych geodet\u00f3w polskich 1918-1968<\/a><\/li>\n<li><a id=\"blec_a_70840\" href=\"http:\/\/pbc.gda.pl\/dlibra\/docmetadata?id=70840\" name=\"Zarys historii Stowarzyszenia Geodet\u00f3w Polskich 1969-1994\">PACHUTA-Zarys historii Stowarzyszenia Geodet\u00f3w Polskich 1969-1994<\/a><\/li>\n<\/ol>\n<\/div>\n<\/div>\n<p><span style=\"color: #339966;\"><a style=\"color: #339966;\" href=\"https:\/\/sgp.geodezja.org.pl\/wp-content\/uploads\/2023\/04\/Prezentacja-prof.-Dariusza-Gotliba-SKP-z-GSD-Opatow_2023.pdf\">Prezentacja prof. Dariusza Gotliba (SKP) z GSD Opat\u00f3w_2023<\/a><\/span><\/p>\n<p><span style=\"color: #339966;\">Prezentacja autorstwa Prezesa SGP Janusza Walo<\/span> pt. \u201eSubiektywny wyb\u00f3r kamieni milowych w rozwoju geodezji&#8221; &#8211; 20-lecie Muzeum Geodezji i Kartografii w Opatowie &#8211; 12.09.2025 r. <a href=\"https:\/\/short-url.org\/1c7yI\">https:\/\/short-url.org\/1c7yI<\/a><\/p>\n<p>Sk\u0142ad G\u0142\u00f3wnej Komisji Historii i Tradycji [I kadencja 2017-2022]<\/p>\n<table class=\"tabelka\" style=\"width: 89.2736%;\">\n<tbody>\n<tr style=\"height: 17px;\">\n<td style=\"width: 11.4441%; height: 17px;\">Ryszard<\/td>\n<td style=\"width: 14.9864%; height: 17px;\">Rus<\/td>\n<td style=\"width: 23.1608%; text-align: center; height: 17px;\">Przewodnicz\u0105cy<\/td>\n<td style=\"width: 11.8529%; height: 17px;\">Gda\u0144sk<\/td>\n<td style=\"width: 36.376%; height: 17px;\" colspan=\"2\"><a href=\"mailto:ryszardrus@gmail.com\">ryszardrus@gmail.com<\/a><\/td>\n<\/tr>\n<tr style=\"height: 17px;\">\n<td style=\"width: 11.4441%; height: 17px;\">Jerzy<\/td>\n<td style=\"width: 14.9864%; height: 17px;\">Kostecki<\/td>\n<td style=\"width: 23.1608%; text-align: center; height: 17px;\">Wiceprzewodnicz\u0105cy<\/td>\n<td style=\"width: 11.8529%; height: 17px;\">Warszawa<\/td>\n<td style=\"width: 36.376%; height: 17px;\" colspan=\"2\"><a href=\"mailto:geonetjk@wp.pl\">geonetjk@wp.pl<\/a><\/td>\n<\/tr>\n<tr style=\"height: 17px;\">\n<td style=\"width: 11.4441%; height: 17px;\">Miros\u0142aw<\/td>\n<td style=\"width: 14.9864%; height: 17px;\">Marciniak<\/td>\n<td style=\"width: 23.1608%; text-align: center; height: 17px;\">Sekretarz<\/td>\n<td style=\"width: 11.8529%; height: 17px;\">Krak\u00f3w<\/td>\n<td style=\"width: 36.376%; height: 17px;\" colspan=\"2\"><a href=\"mailto:marciniak.m@o2.pl\">marciniak.m@o2.pl<\/a><\/td>\n<\/tr>\n<tr style=\"height: 17px;\">\n<td style=\"width: 11.4441%; height: 17px;\">Tadeusz<\/td>\n<td style=\"width: 14.9864%; height: 17px;\">Szczutko<\/td>\n<td style=\"width: 23.1608%; text-align: center; height: 17px;\">Szef Zespo\u0142u ZNAKI<\/td>\n<td style=\"width: 11.8529%; height: 17px;\">Krak\u00f3w<\/td>\n<td style=\"width: 36.376%; height: 17px;\" colspan=\"2\"><a href=\"mailto:szczutko@agh.edu.pl\">szczutko@agh.edu.pl\u00a0<\/a><\/td>\n<\/tr>\n<tr style=\"height: 29px;\">\n<td style=\"width: 11.4441%; height: 29px;\">Stanis\u0142aw<\/td>\n<td style=\"width: 14.9864%; height: 29px;\">Grodzicki<\/td>\n<td style=\"width: 23.1608%; text-align: center; height: 29px;\">Szef Zespo\u0142u BIOGRAMY<\/td>\n<td style=\"width: 11.8529%; height: 29px;\">Warszawa<\/td>\n<td style=\"width: 36.376%; height: 29px;\" colspan=\"2\"><a href=\"mailto:s.grodzicki@wp.pl\">s.grodzicki@wp.pl<\/a><\/td>\n<\/tr>\n<tr style=\"height: 17px;\">\n<td style=\"width: 26.4305%; height: 17px;\" colspan=\"2\">Cz\u0142onkowie<\/td>\n<td style=\"width: 23.1608%; height: 17px;\"><\/td>\n<td style=\"width: 11.8529%; height: 17px;\"><\/td>\n<td style=\"width: 29.7003%; height: 17px;\"><\/td>\n<td style=\"width: 6.67575%; height: 17px;\"><\/td>\n<\/tr>\n<tr style=\"height: 17px;\">\n<td style=\"width: 11.4441%; height: 17px;\">Waldemar<\/td>\n<td style=\"width: 14.9864%; height: 17px;\">Barczak<\/td>\n<td style=\"width: 23.1608%; height: 17px;\"><\/td>\n<td style=\"width: 11.8529%; height: 17px;\">Suwa\u0142ki<\/td>\n<td style=\"width: 36.376%; height: 17px;\" colspan=\"2\"><a href=\"mailto:wjbarczak@gmail.com\">wjbarczak@gmail.com<\/a><\/td>\n<\/tr>\n<tr style=\"height: 17px;\">\n<td style=\"width: 11.4441%; height: 17px;\">Czes\u0142aw<\/td>\n<td style=\"width: 14.9864%; height: 17px;\">Bartoszewicz<\/td>\n<td style=\"width: 23.1608%; height: 17px;\"><\/td>\n<td style=\"width: 11.8529%; height: 17px;\">Bia\u0142ystok<\/td>\n<td style=\"width: 36.376%; height: 17px;\" colspan=\"2\"><a href=\"mailto:mery54@poczta.onet.pl\">mery54@poczta.onet.pl<\/a><\/td>\n<\/tr>\n<tr style=\"height: 17px;\">\n<td style=\"width: 11.4441%; height: 17px;\">Kazimierz<\/td>\n<td style=\"width: 14.9864%; height: 17px;\">Bujakowski<\/td>\n<td style=\"width: 23.1608%; height: 17px; text-align: center;\">\u00a0zesp\u00f3\u0142 ZNAKI<\/td>\n<td style=\"width: 11.8529%; height: 17px;\">Krak\u00f3w<\/td>\n<td style=\"width: 36.376%; height: 17px;\" colspan=\"2\"><a href=\"mailto:kazimierz.bujakowski@gmail.com\">kazimierz.bujakowski@gmail.com<\/a><\/td>\n<\/tr>\n<tr style=\"height: 17px;\">\n<td style=\"width: 11.4441%; height: 17px;\">Jan<\/td>\n<td style=\"width: 14.9864%; height: 17px;\">Cisak<\/td>\n<td style=\"width: 23.1608%; height: 17px;\"><\/td>\n<td style=\"width: 11.8529%; height: 17px;\">Warszawa<\/td>\n<td style=\"width: 36.376%; height: 17px;\" colspan=\"2\"><a href=\"mailto:jan.cisak@igik.edu.pl\">jan.cisak@igik.edu.pl\u00a0<\/a><\/td>\n<\/tr>\n<tr style=\"height: 17px;\">\n<td style=\"width: 11.4441%; height: 17px;\">Jakub<\/td>\n<td style=\"width: 14.9864%; height: 17px;\">Frelek<\/td>\n<td style=\"width: 23.1608%; height: 17px; text-align: center;\">\u00a0zesp\u00f3\u0142 INWENT.<\/td>\n<td style=\"width: 11.8529%; height: 17px;\">Warszawa<\/td>\n<td style=\"width: 36.376%; height: 17px;\" colspan=\"2\"><a href=\"mailto:jwfrelek@gmail.com\">jwfrelek@gmail.com<\/a><\/td>\n<\/tr>\n<tr style=\"height: 17px;\">\n<td style=\"width: 11.4441%; height: 17px;\">Bogdan<\/td>\n<td style=\"width: 14.9864%; height: 17px;\">Grzechnik<\/td>\n<td style=\"width: 23.1608%; height: 17px;\"><\/td>\n<td style=\"width: 11.8529%; height: 17px;\">Warszawa<\/td>\n<td style=\"width: 36.376%; height: 17px;\" colspan=\"2\"><a href=\"mailto:bgrzechnik@gmail.com\">bgrzechnik@gmail.com<\/a><\/td>\n<\/tr>\n<tr style=\"height: 17px;\">\n<td style=\"width: 11.4441%; height: 17px;\">Kamil<\/td>\n<td style=\"width: 14.9864%; height: 17px;\">Kasprzycki<\/td>\n<td style=\"width: 23.1608%; height: 17px;\"><\/td>\n<td style=\"width: 11.8529%; height: 17px;\">Katowice<\/td>\n<td style=\"width: 36.376%; height: 17px;\" colspan=\"2\"><a href=\"mailto:kamil1939@gmail.com\">kamil1939@gmail.com<\/a><\/td>\n<\/tr>\n<tr style=\"height: 34px;\">\n<td style=\"width: 11.4441%; height: 34px;\">Krzysztof<\/td>\n<td style=\"width: 14.9864%; height: 34px;\">Konarski<\/td>\n<td style=\"width: 23.1608%; height: 34px;\"><\/td>\n<td style=\"width: 11.8529%; height: 34px;\">Zielona G\u00f3ra<\/td>\n<td style=\"width: 36.376%; height: 34px;\" colspan=\"2\"><a href=\"mailto:kis@data.home.pl\">kis@data.home.pl<\/a><\/td>\n<\/tr>\n<tr style=\"height: 17px;\">\n<td style=\"width: 11.4441%; height: 17px;\">Tadeusz<\/td>\n<td style=\"width: 14.9864%; height: 17px;\">Ko\u015bka<\/td>\n<td style=\"width: 23.1608%; height: 17px; text-align: center;\">\u00a0zesp\u00f3\u0142 ZNAKI<\/td>\n<td style=\"width: 11.8529%; height: 17px;\">\u0141\u00f3d\u017a<\/td>\n<td style=\"width: 36.376%; height: 17px;\" colspan=\"2\"><a href=\"mailto:e.koska@onet.pl\">e.koska@onet.pl<\/a><\/td>\n<\/tr>\n<tr style=\"height: 17px;\">\n<td style=\"width: 11.4441%; height: 17px;\">Wojciech<\/td>\n<td style=\"width: 14.9864%; height: 17px;\">Remiszewski<\/td>\n<td style=\"width: 23.1608%; height: 17px;\"><\/td>\n<td style=\"width: 11.8529%; height: 17px;\">Warszawa<\/td>\n<td style=\"width: 36.376%; height: 17px;\" colspan=\"2\"><a href=\"mailto:w.remiszewski@wpg.com.pl\">w.remiszewski@wpg.com.pl<\/a><\/td>\n<\/tr>\n<tr style=\"height: 17px;\">\n<td style=\"width: 11.4441%; height: 17px;\">Waldemar<\/td>\n<td style=\"width: 14.9864%; height: 17px;\">Sztukiewicz<\/td>\n<td style=\"width: 23.1608%; height: 17px; text-align: center;\">\u00a0zesp\u00f3\u0142 ZNAKI<\/td>\n<td style=\"width: 11.8529%; height: 17px;\">Pozna\u0144<\/td>\n<td style=\"width: 36.376%; height: 17px;\" colspan=\"2\"><a href=\"mailto:w.sztukiewicz@gmail.com\">w.sztukiewicz@gmail.com<\/a><\/td>\n<\/tr>\n<tr style=\"height: 17px;\">\n<td style=\"width: 11.4441%; height: 17px;\">Stanis\u0142aw<\/td>\n<td style=\"width: 14.9864%; height: 17px;\">Zaremba<\/td>\n<td style=\"width: 23.1608%; height: 17px;\"><\/td>\n<td style=\"width: 11.8529%; height: 17px;\">Lublin<\/td>\n<td style=\"width: 36.376%; height: 17px;\" colspan=\"2\"><a href=\"mailto:stanislawzaremba@wp.pl\">stanislawzaremba@wp.pl<\/a><\/td>\n<\/tr>\n<tr style=\"height: 17px;\">\n<td style=\"width: 11.4441%; height: 17px;\">Miros\u0142aw<\/td>\n<td style=\"width: 14.9864%; height: 17px;\">\u017bak<\/td>\n<td style=\"width: 23.1608%; height: 17px;\"><\/td>\n<td style=\"width: 11.8529%; height: 17px;\">Gda\u0144sk<\/td>\n<td style=\"width: 29.7003%; height: 17px;\"><\/td>\n<td style=\"width: 6.67575%; height: 17px;\"><\/td>\n<\/tr>\n<tr style=\"height: 17px;\">\n<td style=\"width: 26.4305%; height: 17px;\" colspan=\"2\">Wsp\u00f3\u0142praca<\/td>\n<td style=\"width: 23.1608%; height: 17px;\"><\/td>\n<td style=\"width: 11.8529%; height: 17px;\"><\/td>\n<td style=\"width: 29.7003%; height: 17px;\"><\/td>\n<td style=\"width: 6.67575%; height: 17px;\"><\/td>\n<\/tr>\n<tr style=\"height: 17px;\">\n<td style=\"width: 11.4441%; height: 17px;\">Wies\u0142aw<\/td>\n<td style=\"width: 14.9864%; height: 17px;\">Fa\u015bciak<\/td>\n<td style=\"width: 23.1608%; height: 17px;\"><\/td>\n<td style=\"width: 11.8529%; height: 17px;\">Nysa<\/td>\n<td style=\"width: 36.376%; height: 17px;\" colspan=\"2\"><a href=\"mailto:wfosciak@powiat.nysa.pl\">wfosciak@powiat.nysa.pl<\/a><\/td>\n<\/tr>\n<tr style=\"height: 12px;\">\n<td style=\"width: 11.4441%; height: 12px;\">Marcin<\/td>\n<td style=\"width: 14.9864%; height: 12px;\">Korba<\/td>\n<td style=\"width: 23.1608%; height: 12px;\"><\/td>\n<td style=\"width: 11.8529%; height: 12px;\">Kielce<\/td>\n<td style=\"width: 29.7003%; height: 12px;\">\n<table class=\"tabelka\" width=\"200\">\n<tbody>\n<tr>\n<td width=\"200\"><a href=\"mailto:korba.m@powiat.kielce.pl\">korba.m@powiat.kielce.pl<\/a><\/td>\n<\/tr>\n<\/tbody>\n<\/table>\n<\/td>\n<td style=\"width: 6.67575%; height: 12px;\"><\/td>\n<\/tr>\n<tr style=\"height: 17px;\">\n<td style=\"width: 11.4441%; height: 17px;\">Daniel<\/td>\n<td style=\"width: 14.9864%; height: 17px;\">Pipie\u0144<\/td>\n<td style=\"width: 23.1608%; height: 17px;\"><\/td>\n<td style=\"width: 11.8529%; height: 17px;\">Cieszyn<\/td>\n<td style=\"width: 29.7003%; height: 17px;\"><\/td>\n<td style=\"width: 6.67575%; height: 17px;\"><\/td>\n<\/tr>\n<tr style=\"height: 17px;\">\n<td style=\"width: 11.4441%; height: 17px;\">Zdzis\u0142aw<\/td>\n<td style=\"width: 14.9864%; height: 17px;\">Szambelan<\/td>\n<td style=\"width: 23.1608%; height: 17px; text-align: center;\">zesp\u00f3\u0142 BIOGRAMY<\/td>\n<td style=\"width: 11.8529%; height: 17px;\">\u0141\u00f3d\u017a<\/td>\n<td style=\"width: 36.376%; height: 17px;\" colspan=\"2\">\n<div dir=\"auto\"><a href=\"mailto:szambelan_z@o2.pl\">szambelan_z@o2.pl<\/a><\/div>\n<\/td>\n<\/tr>\n<tr style=\"height: 17px;\">\n<td style=\"width: 11.4441%; height: 17px;\">Bogus\u0142aw<\/td>\n<td style=\"width: 14.9864%; height: 17px;\">Tomaszewski<\/td>\n<td style=\"width: 23.1608%; height: 17px; text-align: center;\">\u00a0zesp\u00f3\u0142 ZNAKI<\/td>\n<td style=\"width: 11.8529%; height: 17px;\">Szczecin<\/td>\n<td style=\"width: 36.376%; height: 17px;\" colspan=\"2\"><a href=\"mailto:b_a_tom@op.pl\">b_a_tom@op.pl<\/a><\/td>\n<\/tr>\n<tr style=\"height: 17px;\">\n<td style=\"width: 11.4441%; height: 17px;\">Andrzej<\/td>\n<td style=\"width: 14.9864%; height: 17px;\">Zgli\u0144ski<\/td>\n<td style=\"width: 23.1608%; height: 17px; text-align: center;\"><\/td>\n<td style=\"width: 11.8529%; height: 17px;\">Warszawa<\/td>\n<td style=\"width: 36.376%; height: 17px;\" colspan=\"2\"><a href=\"mailto:aza@pnet.pl\">aza@pnet.pl<\/a><\/td>\n<\/tr>\n<tr style=\"height: 17px;\">\n<td style=\"width: 49.5913%; height: 17px;\" colspan=\"3\">Opieka i Nadz\u00f3r Prezydium ZG<\/td>\n<td style=\"width: 11.8529%; height: 17px;\"><\/td>\n<td style=\"width: 29.7003%; height: 17px;\"><\/td>\n<td style=\"width: 6.67575%; height: 17px;\"><\/td>\n<\/tr>\n<tr style=\"height: 17px;\">\n<td style=\"width: 11.4441%; height: 17px;\">Ludmi\u0142a<\/td>\n<td style=\"width: 14.9864%; height: 17px;\">Pietrzak<\/td>\n<td style=\"width: 23.1608%; height: 17px; text-align: center;\">Wiceprezes SGP<\/td>\n<td style=\"width: 11.8529%; height: 17px;\">ZG SGP<\/td>\n<td style=\"width: 36.376%; height: 17px;\" colspan=\"2\"><a href=\"mailto:milka.pietrzak@gmail.com\">milka.pietrzak@gmail.com<\/a><\/td>\n<\/tr>\n<tr style=\"height: 17px;\">\n<td style=\"width: 11.4441%; height: 17px;\">Izabela<\/td>\n<td style=\"width: 14.9864%; height: 17px;\">Paw\u0142owska<\/td>\n<td style=\"width: 23.1608%; height: 17px; text-align: center;\">Skarbnik SGP<\/td>\n<td style=\"width: 11.8529%; height: 17px;\">ZG SGP<\/td>\n<td style=\"width: 36.376%; height: 17px;\" colspan=\"2\"><a href=\"mailto:pawlowska.iza@wp.pl\">pawlowska.iza@wp.pl\u00a0<\/a><\/td>\n<\/tr>\n<\/tbody>\n<\/table>\n<p>&nbsp;<\/p>\n","protected":false},"excerpt":{"rendered":"<p>Adres komisji: 00-043 Warszawa ul. Czackiego 3\/5, p.416 e-mail: gkhit.sgp@gmail.com Sk\u0142ad G\u0142\u00f3wnej Komisji Historii i Tradycji [II kadencja 2022-2026] \u00a0 1\u00a0\u00a0 Bartoszewicz Czes\u0142aw &#8211; Bia\u0142ystok \/ tel. 609651608; email: czbartoszewicz@gmail.com &#8211; cz\u0142onek \u00a0 2\u00a0\u00a0 Grodzicki Stanis\u0142aw &#8211; Warszawa \/ tel. 509487911; email: s.grodzicki@wp.pl &#8211; szef zespo\u0142u WYDAWNICTWA \u00a0 3\u00a0\u00a0 Kasprzycki Kamil &#8211; Katowice &#8211; cz\u0142onek [&hellip;]<\/p>\n","protected":false},"author":2,"featured_media":0,"parent":0,"menu_order":0,"comment_status":"closed","ping_status":"closed","template":"","meta":{"two_page_speed":[],"footnotes":""},"class_list":["post-4716","page","type-page","status-publish","hentry"],"_links":{"self":[{"href":"https:\/\/sgp.geodezja.org.pl\/en\/wp-json\/wp\/v2\/pages\/4716","targetHints":{"allow":["GET"]}}],"collection":[{"href":"https:\/\/sgp.geodezja.org.pl\/en\/wp-json\/wp\/v2\/pages"}],"about":[{"href":"https:\/\/sgp.geodezja.org.pl\/en\/wp-json\/wp\/v2\/types\/page"}],"author":[{"embeddable":true,"href":"https:\/\/sgp.geodezja.org.pl\/en\/wp-json\/wp\/v2\/users\/2"}],"replies":[{"embeddable":true,"href":"https:\/\/sgp.geodezja.org.pl\/en\/wp-json\/wp\/v2\/comments?post=4716"}],"version-history":[{"count":28,"href":"https:\/\/sgp.geodezja.org.pl\/en\/wp-json\/wp\/v2\/pages\/4716\/revisions"}],"predecessor-version":[{"id":14517,"href":"https:\/\/sgp.geodezja.org.pl\/en\/wp-json\/wp\/v2\/pages\/4716\/revisions\/14517"}],"wp:attachment":[{"href":"https:\/\/sgp.geodezja.org.pl\/en\/wp-json\/wp\/v2\/media?parent=4716"}],"curies":[{"name":"wp","href":"https:\/\/api.w.org\/{rel}","templated":true}]}}