{"id":6200,"date":"2023-03-02T23:14:23","date_gmt":"2023-03-02T22:14:23","guid":{"rendered":"https:\/\/sgp.geodezja.org.pl\/?page_id=6200"},"modified":"2025-11-25T10:08:30","modified_gmt":"2025-11-25T09:08:30","slug":"konkurs-na-najlepsza-prace-dyplomowa","status":"publish","type":"page","link":"https:\/\/sgp.geodezja.org.pl\/en\/konkurs-na-najlepsza-prace-dyplomowa\/","title":{"rendered":"Competition for the best thesis"},"content":{"rendered":"<p>Konkursu na najlepsze prace dyplomowe in\u017cynierskie i magisterskie wykonywane w ramach studi\u00f3w stacjonarnych i niestacjonarnych we wszystkich typach szk\u00f3\u0142 wy\u017cszych, w kt\u00f3rych prowadzone s\u0105 studia na kierunku geodezja i kartografia.<\/p>\n<p>&nbsp;<\/p>\n<p><a href=\"https:\/\/sgp.geodezja.org.pl\/wp-content\/uploads\/2025\/10\/baner.png\"><img loading=\"lazy\" decoding=\"async\" class=\"size-large wp-image-13697 aligncenter\" src=\"https:\/\/sgp.geodezja.org.pl\/wp-content\/uploads\/2025\/10\/baner-1024x365.png\" alt=\"\" width=\"1024\" height=\"365\" srcset=\"https:\/\/sgp.geodezja.org.pl\/wp-content\/uploads\/2025\/10\/baner-1024x365.png 1024w, https:\/\/sgp.geodezja.org.pl\/wp-content\/uploads\/2025\/10\/baner-300x107.png 300w, https:\/\/sgp.geodezja.org.pl\/wp-content\/uploads\/2025\/10\/baner-768x274.png 768w, https:\/\/sgp.geodezja.org.pl\/wp-content\/uploads\/2025\/10\/baner-18x6.png 18w, https:\/\/sgp.geodezja.org.pl\/wp-content\/uploads\/2025\/10\/baner-160x57.png 160w, https:\/\/sgp.geodezja.org.pl\/wp-content\/uploads\/2025\/10\/baner-600x214.png 600w, https:\/\/sgp.geodezja.org.pl\/wp-content\/uploads\/2025\/10\/baner-800x286.png 800w, https:\/\/sgp.geodezja.org.pl\/wp-content\/uploads\/2025\/10\/baner-40x14.png 40w, https:\/\/sgp.geodezja.org.pl\/wp-content\/uploads\/2025\/10\/baner-55x20.png 55w, https:\/\/sgp.geodezja.org.pl\/wp-content\/uploads\/2025\/10\/baner-100x36.png 100w, https:\/\/sgp.geodezja.org.pl\/wp-content\/uploads\/2025\/10\/baner.png 1300w\" sizes=\"auto, (max-width: 1024px) 100vw, 1024px\" \/><\/a><\/p>\n<p>&nbsp;<\/p>","protected":false},"excerpt":{"rendered":"<p>Konkursu na najlepsze prace dyplomowe in\u017cynierskie i magisterskie wykonywane w ramach studi\u00f3w stacjonarnych i niestacjonarnych we wszystkich typach szk\u00f3\u0142 wy\u017cszych, w kt\u00f3rych prowadzone s\u0105 studia na kierunku geodezja i kartografia. &nbsp; &nbsp;<\/p>","protected":false},"author":4,"featured_media":0,"parent":0,"menu_order":0,"comment_status":"closed","ping_status":"closed","template":"konkurs-na-prace.php","meta":{"two_page_speed":[],"footnotes":""},"class_list":["post-6200","page","type-page","status-publish","hentry"],"_links":{"self":[{"href":"https:\/\/sgp.geodezja.org.pl\/en\/wp-json\/wp\/v2\/pages\/6200","targetHints":{"allow":["GET"]}}],"collection":[{"href":"https:\/\/sgp.geodezja.org.pl\/en\/wp-json\/wp\/v2\/pages"}],"about":[{"href":"https:\/\/sgp.geodezja.org.pl\/en\/wp-json\/wp\/v2\/types\/page"}],"author":[{"embeddable":true,"href":"https:\/\/sgp.geodezja.org.pl\/en\/wp-json\/wp\/v2\/users\/4"}],"replies":[{"embeddable":true,"href":"https:\/\/sgp.geodezja.org.pl\/en\/wp-json\/wp\/v2\/comments?post=6200"}],"version-history":[{"count":20,"href":"https:\/\/sgp.geodezja.org.pl\/en\/wp-json\/wp\/v2\/pages\/6200\/revisions"}],"predecessor-version":[{"id":13699,"href":"https:\/\/sgp.geodezja.org.pl\/en\/wp-json\/wp\/v2\/pages\/6200\/revisions\/13699"}],"wp:attachment":[{"href":"https:\/\/sgp.geodezja.org.pl\/en\/wp-json\/wp\/v2\/media?parent=6200"}],"curies":[{"name":"wp","href":"https:\/\/api.w.org\/{rel}","templated":true}]}}