{"id":9057,"date":"2024-03-20T05:20:12","date_gmt":"2024-03-20T04:20:12","guid":{"rendered":"https:\/\/sgp.geodezja.org.pl\/?page_id=9057"},"modified":"2024-10-10T08:58:13","modified_gmt":"2024-10-10T06:58:13","slug":"rzeczoznawcy-sgp","status":"publish","type":"page","link":"https:\/\/sgp.geodezja.org.pl\/en\/o-nas\/rzeczoznawcy-sgp\/","title":{"rendered":"SGP Evaluators"},"content":{"rendered":"<p style=\"text-align: left;\">Na mocy uchwa\u0142y Zarz\u0105du G\u0142\u00f3wnego Stowarzyszenia Geodet\u00f3w Polskich nr ZG\/21\/2022_2026 z dnia 18 pa\u017adziernika 2023 roku zostaje zatwierdzony regulamin<\/p>\n<p style=\"text-align: center;\"><strong>Zespo\u0142u Rzeczoznawc\u00f3w Stowarzyszenia Geodet\u00f3w Polskich<\/strong>.<\/p>\n<p>&nbsp;<\/p>\n<p><a href=\"https:\/\/sgp.geodezja.org.pl\/wp-content\/uploads\/2024\/04\/Regulamin_Zespolu_Rzeczoznawcow_SGP.pdf\"><strong>Regulamin Zespo\u0142u Rzeczoznawc\u00f3w SGP oraz wniosek o nadanie tytu\u0142u Rzeczoznawcy SGP (pdf) &gt;&gt;&gt;<\/strong><\/a><\/p>\n<p>&nbsp;<\/p>\n<p>&nbsp;<\/p>\n<p style=\"text-align: center;\"><span style=\"font-size: 18pt;\"><strong>Lista Rzeczoznawc\u00f3w Stowarzyszenia Geodet\u00f3w Polskich<\/strong><\/span><\/p>\n<p>1. <a href=\"https:\/\/sgp.geodezja.org.pl\/wp-content\/uploads\/2024\/04\/Ludmila-Pietrzak.pdf\">Dr. eng. Lyudmila Petrzhak\u00a0<\/a><\/p>\n<p>2. <a href=\"https:\/\/sgp.geodezja.org.pl\/wp-content\/uploads\/2024\/04\/Witold-Radzio.pdf\">mgr in\u017c. Witold Radzio <\/a><\/p>\n<p>3. <a href=\"https:\/\/sgp.geodezja.org.pl\/wp-content\/uploads\/2024\/10\/Andrzej-Zareba.pdf\">Andrzej Zar\u0119ba<\/a><\/p>\n<p>&nbsp;<\/p>\n<p style=\"text-align: right;\">MB<\/p>","protected":false},"excerpt":{"rendered":"<p>Na mocy uchwa\u0142y Zarz\u0105du G\u0142\u00f3wnego Stowarzyszenia Geodet\u00f3w Polskich nr ZG\/21\/2022_2026 z dnia 18 pa\u017adziernika 2023 roku zostaje zatwierdzony regulamin Zespo\u0142u Rzeczoznawc\u00f3w Stowarzyszenia Geodet\u00f3w Polskich. &nbsp; Regulamin Zespo\u0142u Rzeczoznawc\u00f3w SGP oraz wniosek o nadanie tytu\u0142u Rzeczoznawcy SGP (pdf) &gt;&gt;&gt; &nbsp; &nbsp; Lista Rzeczoznawc\u00f3w Stowarzyszenia Geodet\u00f3w Polskich 1. dr in\u017c. Ludmi\u0142a Pietrzak\u00a0 2. mgr in\u017c. Witold Radzio [&hellip;]<\/p>\n","protected":false},"author":2,"featured_media":0,"parent":2513,"menu_order":0,"comment_status":"closed","ping_status":"closed","template":"","meta":{"two_page_speed":[],"footnotes":""},"class_list":["post-9057","page","type-page","status-publish","hentry"],"_links":{"self":[{"href":"https:\/\/sgp.geodezja.org.pl\/en\/wp-json\/wp\/v2\/pages\/9057","targetHints":{"allow":["GET"]}}],"collection":[{"href":"https:\/\/sgp.geodezja.org.pl\/en\/wp-json\/wp\/v2\/pages"}],"about":[{"href":"https:\/\/sgp.geodezja.org.pl\/en\/wp-json\/wp\/v2\/types\/page"}],"author":[{"embeddable":true,"href":"https:\/\/sgp.geodezja.org.pl\/en\/wp-json\/wp\/v2\/users\/2"}],"replies":[{"embeddable":true,"href":"https:\/\/sgp.geodezja.org.pl\/en\/wp-json\/wp\/v2\/comments?post=9057"}],"version-history":[{"count":7,"href":"https:\/\/sgp.geodezja.org.pl\/en\/wp-json\/wp\/v2\/pages\/9057\/revisions"}],"predecessor-version":[{"id":11117,"href":"https:\/\/sgp.geodezja.org.pl\/en\/wp-json\/wp\/v2\/pages\/9057\/revisions\/11117"}],"up":[{"embeddable":true,"href":"https:\/\/sgp.geodezja.org.pl\/en\/wp-json\/wp\/v2\/pages\/2513"}],"wp:attachment":[{"href":"https:\/\/sgp.geodezja.org.pl\/en\/wp-json\/wp\/v2\/media?parent=9057"}],"curies":[{"name":"wp","href":"https:\/\/api.w.org\/{rel}","templated":true}]}}