{"id":9059,"date":"2024-03-20T05:20:43","date_gmt":"2024-03-20T04:20:43","guid":{"rendered":"https:\/\/sgp.geodezja.org.pl\/?page_id=9059"},"modified":"2024-06-12T07:53:42","modified_gmt":"2024-06-12T05:53:42","slug":"czlonkowie-wspierajacy","status":"publish","type":"page","link":"https:\/\/sgp.geodezja.org.pl\/en\/o-nas\/czlonkowie-wspierajacy\/","title":{"rendered":"Supporting members"},"content":{"rendered":"<p style=\"text-align: center;\"><span style=\"font-size: 18pt;\"><strong>CZ\u0141ONKOWIE WSPIERAJ\u0104CY STOWARZYSZENIE GEODET\u00d3W POLSKICH<\/strong><\/span><\/p>\n<p>&nbsp;<\/p>\n<table class=\"tabelka\" style=\"border-collapse: collapse; width: 100%; height: 208px;\">\n<tbody>\n<tr style=\"height: 243px;\">\n<td style=\"width: 33.3333%; height: 16px;\"><a href=\"http:\/\/tpi.com.pl\/\"><img loading=\"lazy\" decoding=\"async\" class=\"wp-image-8352 aligncenter\" src=\"https:\/\/sgp.geodezja.org.pl\/wp-content\/uploads\/2023\/10\/logo_tpi-1024x678.png\" alt=\"\" width=\"135\" height=\"89\" srcset=\"https:\/\/sgp.geodezja.org.pl\/wp-content\/uploads\/2023\/10\/logo_tpi-1024x678.png 1024w, https:\/\/sgp.geodezja.org.pl\/wp-content\/uploads\/2023\/10\/logo_tpi-300x199.png 300w, https:\/\/sgp.geodezja.org.pl\/wp-content\/uploads\/2023\/10\/logo_tpi-768x509.png 768w, https:\/\/sgp.geodezja.org.pl\/wp-content\/uploads\/2023\/10\/logo_tpi-18x12.png 18w, https:\/\/sgp.geodezja.org.pl\/wp-content\/uploads\/2023\/10\/logo_tpi-91x60.png 91w, https:\/\/sgp.geodezja.org.pl\/wp-content\/uploads\/2023\/10\/logo_tpi-800x530.png 800w, https:\/\/sgp.geodezja.org.pl\/wp-content\/uploads\/2023\/10\/logo_tpi-40x26.png 40w, https:\/\/sgp.geodezja.org.pl\/wp-content\/uploads\/2023\/10\/logo_tpi-55x36.png 55w, https:\/\/sgp.geodezja.org.pl\/wp-content\/uploads\/2023\/10\/logo_tpi-100x66.png 100w, https:\/\/sgp.geodezja.org.pl\/wp-content\/uploads\/2023\/10\/logo_tpi.png 1300w\" sizes=\"auto, (max-width: 135px) 100vw, 135px\" \/><\/a><\/td>\n<td style=\"width: 33.3333%; height: 16px;\">\u00a0<a href=\"https:\/\/softline.geo.pl\/\"><img loading=\"lazy\" decoding=\"async\" class=\"wp-image-9520 aligncenter\" src=\"https:\/\/sgp.geodezja.org.pl\/wp-content\/uploads\/2024\/04\/softline-1-1-1024x113.png\" alt=\"\" width=\"309\" height=\"34\" srcset=\"https:\/\/sgp.geodezja.org.pl\/wp-content\/uploads\/2024\/04\/softline-1-1-1024x113.png 1024w, https:\/\/sgp.geodezja.org.pl\/wp-content\/uploads\/2024\/04\/softline-1-1-300x33.png 300w, https:\/\/sgp.geodezja.org.pl\/wp-content\/uploads\/2024\/04\/softline-1-1-768x85.png 768w, https:\/\/sgp.geodezja.org.pl\/wp-content\/uploads\/2024\/04\/softline-1-1-18x2.png 18w, https:\/\/sgp.geodezja.org.pl\/wp-content\/uploads\/2024\/04\/softline-1-1-160x18.png 160w, https:\/\/sgp.geodezja.org.pl\/wp-content\/uploads\/2024\/04\/softline-1-1-600x66.png 600w, https:\/\/sgp.geodezja.org.pl\/wp-content\/uploads\/2024\/04\/softline-1-1-800x89.png 800w, https:\/\/sgp.geodezja.org.pl\/wp-content\/uploads\/2024\/04\/softline-1-1-40x4.png 40w, https:\/\/sgp.geodezja.org.pl\/wp-content\/uploads\/2024\/04\/softline-1-1-55x6.png 55w, https:\/\/sgp.geodezja.org.pl\/wp-content\/uploads\/2024\/04\/softline-1-1-100x11.png 100w, https:\/\/sgp.geodezja.org.pl\/wp-content\/uploads\/2024\/04\/softline-1-1.png 1300w\" sizes=\"auto, (max-width: 309px) 100vw, 309px\" \/><\/a><\/td>\n<td style=\"width: 33.3333%; height: 16px;\"><a href=\"https:\/\/dronydlafirmy.pl\/\"><img loading=\"lazy\" decoding=\"async\" class=\"wp-image-9500 aligncenter\" src=\"https:\/\/sgp.geodezja.org.pl\/wp-content\/uploads\/2024\/04\/Akademia-UVA-1024x243.png\" alt=\"\" width=\"274\" height=\"65\" srcset=\"https:\/\/sgp.geodezja.org.pl\/wp-content\/uploads\/2024\/04\/Akademia-UVA-1024x243.png 1024w, https:\/\/sgp.geodezja.org.pl\/wp-content\/uploads\/2024\/04\/Akademia-UVA-300x71.png 300w, https:\/\/sgp.geodezja.org.pl\/wp-content\/uploads\/2024\/04\/Akademia-UVA-768x183.png 768w, https:\/\/sgp.geodezja.org.pl\/wp-content\/uploads\/2024\/04\/Akademia-UVA-18x4.png 18w, https:\/\/sgp.geodezja.org.pl\/wp-content\/uploads\/2024\/04\/Akademia-UVA-160x38.png 160w, https:\/\/sgp.geodezja.org.pl\/wp-content\/uploads\/2024\/04\/Akademia-UVA-600x143.png 600w, https:\/\/sgp.geodezja.org.pl\/wp-content\/uploads\/2024\/04\/Akademia-UVA-800x190.png 800w, https:\/\/sgp.geodezja.org.pl\/wp-content\/uploads\/2024\/04\/Akademia-UVA-40x10.png 40w, https:\/\/sgp.geodezja.org.pl\/wp-content\/uploads\/2024\/04\/Akademia-UVA-55x13.png 55w, https:\/\/sgp.geodezja.org.pl\/wp-content\/uploads\/2024\/04\/Akademia-UVA-100x24.png 100w, https:\/\/sgp.geodezja.org.pl\/wp-content\/uploads\/2024\/04\/Akademia-UVA.png 1300w\" sizes=\"auto, (max-width: 274px) 100vw, 274px\" \/><\/a><\/td>\n<\/tr>\n<tr style=\"height: 827px;\">\n<td style=\"width: 33.3333%; height: 192px;\">\n<div class=\"elementor-element elementor-element-af15dda wd-width-100 elementor-widget elementor-widget-wd_title\" data-id=\"af15dda\" data-element_type=\"widget\" data-widget_type=\"wd_title.default\">\n<div class=\"elementor-widget-container\">\n<div class=\"title-wrapper set-mb-s reset-last-child wd-title-color-primary wd-title-style-simple wd-title-size-medium text-center\">\n<div class=\"liner-continer\">\n<div>\n<div><\/div>\n<div><strong><span style=\"color: #000000; font-size: 12pt;\">Misja:\u00a0<\/span><\/strong><\/div>\n<div><\/div>\n<div><strong><span style=\"color: #000000; font-size: 12pt;\">Unikalna i bogata oferta TPI, za kt\u00f3r\u0105 stoj\u0105 dekady pracy i do\u015bwiadczenia rynkowego, tworzona jest z my\u015bl\u0105 o sukcesie naszych Klient\u00f3w. Dysponuj\u0105c najwy\u017cszej klasy sprz\u0119tem pomiarowym, na kt\u00f3ry sk\u0142adaj\u0105 si\u0119 zar\u00f3wno klasyczne instrumenty, jak i najnowocze\u015bniejsza technologia, umo\u017cliwiamy naszym Klientom zwi\u0119kszenie ich konkurencyjno\u015bci. Dostarczanie optymalnych i skutecznych rozwi\u0105za\u0144 pomiarowych uwzgl\u0119dniaj\u0105cych aktualny rynek, sprawia, \u017ce firmy, kt\u00f3re z nami wsp\u00f3\u0142pracuj\u0105, otrzymuj\u0105 ca\u0142y wachlarz instrument\u00f3w do zada\u0144 szczeg\u00f3lnie z\u0142o\u017conych i wymagaj\u0105cych perfekcji.<\/span><\/strong><\/div>\n<div><strong><span style=\"color: #000000; font-size: 12pt;\">\u00a0<\/span><\/strong><\/div>\n<div><strong><span style=\"color: #000000; font-size: 12pt;\">Od lat wsp\u00f3\u0142pracujemy z plac\u00f3wkami edukacyjnymi organizuj\u0105c dla uczni\u00f3w i student\u00f3w kierunk\u00f3w geodezyjnych pokazy i prezentacje naszych najnowszych rozwi\u0105za\u0144. M\u0142odzie\u017c ma okazj\u0119 zapozna\u0107 si\u0119 z nowinkami technologicznymi, kt\u00f3re dopiero wchodz\u0105 na rynek i spojrze\u0107 na prac\u0119 geodety z zupe\u0142nie nowej perspektywy. Bierzemy r\u00f3wnie\u017c udzia\u0142 w konferencjach i spotkaniach organizowanych przez szko\u0142y, gdzie r\u00f3wnie\u017c mamy okazj\u0119 zaprezentowa\u0107 nasze instrumenty oraz opowiedzie\u0107 o najnowszych rozwi\u0105zaniach, kt\u00f3re pojawiaj\u0105 si\u0119 na \u015bwiatowych rynkach.<\/span><\/strong><\/div>\n<div><strong><span style=\"color: #000000; font-size: 12pt;\">\u00a0<\/span><\/strong><\/div>\n<div><strong><span style=\"color: #000000; font-size: 12pt;\">Jeste\u015bmy r\u00f3wnie\u017c od dawna mocno zwi\u0105zani z SGP. Niejednokrotnie wspierali\u015bmy r\u00f3\u017cne wydarzenia organizowane przez Stowarzyszenie zar\u00f3wno finansowo jak i wiedz\u0105 merytoryczn\u0105. Nasi pracownicy regularnie bior\u0105 udzia\u0142 w sportowych rywalizacjach rozgrywanych si\u0119 pod patronatem SGP jak np. Turniej Pi\u0142ki Halowej, czy te\u017c zawody golfowe. Wielu naszych koleg\u00f3w jest r\u00f3wnie\u017c aktywnymi cz\u0142onkami SGP.<br \/>\n<\/span><\/strong><\/p>\n<div><strong><span style=\"color: #000000; font-size: 12pt;\">\u00a0<\/span><\/strong><\/div>\n<div>\n<p><strong><span style=\"color: #000000; font-size: 12pt;\">O nas: TPI jest liderem w bran\u017cy sprz\u0119tu pomiarowego w Polsce. Nasze uznanie zdobyli\u015bmy dzi\u0119ki nieustaj\u0105cemu zaanga\u017cowaniu w dostarczanie rozwi\u0105za\u0144 najwy\u017cszej jako\u015bci, wraz z pe\u0142nym wdro\u017ceniem i kompleksowym wsparciem przed- i posprzeda\u017cowym. Organizujemy prezentacje sprz\u0119tu, posiadamy stacjonarny autoryzowany serwis oraz dzia\u0142 wsparcia technicznego. Dzia\u0142amy na takich polach jak geodezja, przemys\u0142 czy budownictwo, wychodz\u0105c naprzeciw potrzebom naszych Klient\u00f3w i ci\u0105gle poszerzaj\u0105c nasze sprz\u0119towe portfolio.<\/span><\/strong><\/p>\n<p><strong><span style=\"color: #000000; font-size: 12pt;\"><br \/>\n<\/span><\/strong><strong><span style=\"color: #000000; font-size: 12pt;\">Nasza oferta obejmuje pe\u0142ne spektrum narz\u0119dzi i us\u0142ug, kt\u00f3re umo\u017cliwiaj\u0105 osi\u0105gni\u0119cie doskona\u0142ych wynik\u00f3w w pomiarach: rozwi\u0105zania z zakresu 3D, instrumenty z dziedziny geodezji klasycznej, drony oraz oprogramowanie. Organizujemy r\u00f3wnie\u017c szkolenia i webinary w ramach naszego Centrum Szkoleniowego.<\/span><\/strong><\/p>\n<\/div>\n<\/div>\n<\/div>\n<\/div>\n<\/div>\n<\/div>\n<\/div>\n<div class=\"elementor-element elementor-element-65e09b9 color-scheme-inherit text-left elementor-widget elementor-widget-text-editor\" data-id=\"65e09b9\" data-element_type=\"widget\" data-widget_type=\"text-editor.default\">\n<div class=\"elementor-widget-container\">\n<p>&nbsp;<\/p>\n<\/div>\n<\/div>\n<\/td>\n<td style=\"width: 33.3333%; height: 192px; text-align: left; vertical-align: top;\"><span style=\"font-size: 12pt;\"><strong>Misja: <\/strong><\/span><\/p>\n<p><span style=\"font-size: 12pt;\"><strong>Tworzenie i dostarczanie wszechstronnych rozwi\u0105za\u0144 informatycznych dla geodezji.<\/strong><\/span><\/p>\n<p><span style=\"font-size: 12pt;\"><strong>O\u00a0 FIRMIE: <\/strong><\/span><\/p>\n<p><span style=\"font-size: 12pt;\"><strong>Softline Plus Jerzy Biegalski tworzy geodezyjne oprogramowanie i wspiera u\u017cytkownik\u00f3w w zakresie przetwarzania danych pomiarowych od 1992 roku. Jest producentem najbardziej popularnej w Polsce aplikacji dla geodet\u00f3w &#8211; C-GEO. Firma oferuje tak\u017ce w\u0142asne aplikacje do kontroli plik\u00f3w GML &#8211; GML Factory, wtyczk\u0119 dla QGIS do wizualizacji GML i inne rozwi\u0105zania informatyczne. Softline Plus prowadzi szkolenia dla geodet\u00f3w i innych specjalist\u00f3w w zakresie przetwarzania danych przestrzennych baz pa\u0144stwowego zasobu (EGiB, GESUT, BDOT, BDSOG, itd.).<\/strong><\/span><\/td>\n<td style=\"width: 33.3333%; height: 192px; text-align: left; vertical-align: top;\">\n<p class=\"v1MsoNormal\" style=\"text-align: left;\"><span style=\"font-size: 12pt;\"><b>Czym si\u0119 zajmujemy?<\/b><b><\/b><\/span><\/p>\n<p class=\"v1MsoNormal\" style=\"text-align: left;\"><span style=\"font-size: 12pt;\"><b>Od 2014 roku Akademia\u00a0<\/b><b>UAV<\/b><b>\u00a0wspiera firmy przy wdro\u017ceniach dron\u00f3w. Przez ten czas przeprowadzili\u015bmy kilka tysi\u0119cy os\u00f3b przez proces uzyskania uprawnie\u0144 pilota bezza\u0142ogowych statk\u00f3w powietrznych. Dostarczyli\u015bmy r\u00f3wnie\u017c wiele dron\u00f3w do firm i instytucji.\u00a0<\/b><\/span><\/p>\n<p class=\"v1MsoNormal\" style=\"text-align: left;\"><span style=\"font-size: 12pt;\"><b>Zauwa\u017cyli\u015bmy, \u017ce samo szkolenie i dostarczenie sprz\u0119tu to za ma\u0142o. Firmy oczekuj\u0105 szerszego wsparcia przy wdra\u017caniu dron\u00f3w. W zwi\u0105zku z tym rozszerzyli\u015bmy dzia\u0142alno\u015b\u0107 Akademia\u00a0<\/b><b>UAV<\/b><b>\u00a0o kompletn\u0105 us\u0142ug\u0119 wdro\u017cenia dron\u00f3w do firmy, gdzie szkolenie jest tylko jednym z element\u00f3w ca\u0142ego procesu.<\/b><\/span><\/p>\n<p class=\"v1MsoNormal\" style=\"text-align: left;\"><span style=\"font-size: 12pt;\"><b>KIM JESTE\u015aMY?<\/b><b><\/b><\/span><\/p>\n<p class=\"v1MsoNormal\" style=\"text-align: left;\"><span style=\"font-size: 12pt;\"><b>Z wykszta\u0142cenia jeste\u015bmy geodetami i przez wiele lat zajmowali\u015bmy si\u0119 wdra\u017caniem nowoczesnych technologii pomiarowych w firmach geodezyjnych i budowlanych. Ta wiedza i do\u015bwiadczenie pozwalaj\u0105 nam doskonale rozumie\u0107 specyfik\u0119 tych bran\u017c oraz potrzeby sta\u0142ego rozwoju technologicznego firm. Pasja do wszystkiego co lata w po\u0142\u0105czeniu z do\u015bwiadczeniem w pracach pomiarowych sprawia, \u017ce nasi Klienci doceniaj\u0105 nasze praktyczne podej\u015bcie do wykorzystania dron\u00f3w w pracach pomiarowych.<\/b><\/span><\/p>\n<\/td>\n<\/tr>\n<\/tbody>\n<\/table>\n<p>&nbsp;<\/p>","protected":false},"excerpt":{"rendered":"<p>CZ\u0141ONKOWIE WSPIERAJ\u0104CY STOWARZYSZENIE GEODET\u00d3W POLSKICH &nbsp; \u00a0 Misja:\u00a0 Unikalna i bogata oferta TPI, za kt\u00f3r\u0105 stoj\u0105 dekady pracy i do\u015bwiadczenia rynkowego, tworzona jest z my\u015bl\u0105 o sukcesie naszych Klient\u00f3w. Dysponuj\u0105c najwy\u017cszej klasy sprz\u0119tem pomiarowym, na kt\u00f3ry sk\u0142adaj\u0105 si\u0119 zar\u00f3wno klasyczne instrumenty, jak i najnowocze\u015bniejsza technologia, umo\u017cliwiamy naszym Klientom zwi\u0119kszenie ich konkurencyjno\u015bci. Dostarczanie optymalnych i skutecznych [&hellip;]<\/p>\n","protected":false},"author":2,"featured_media":0,"parent":2513,"menu_order":0,"comment_status":"closed","ping_status":"closed","template":"","meta":{"two_page_speed":[],"footnotes":""},"class_list":["post-9059","page","type-page","status-publish","hentry"],"_links":{"self":[{"href":"https:\/\/sgp.geodezja.org.pl\/en\/wp-json\/wp\/v2\/pages\/9059","targetHints":{"allow":["GET"]}}],"collection":[{"href":"https:\/\/sgp.geodezja.org.pl\/en\/wp-json\/wp\/v2\/pages"}],"about":[{"href":"https:\/\/sgp.geodezja.org.pl\/en\/wp-json\/wp\/v2\/types\/page"}],"author":[{"embeddable":true,"href":"https:\/\/sgp.geodezja.org.pl\/en\/wp-json\/wp\/v2\/users\/2"}],"replies":[{"embeddable":true,"href":"https:\/\/sgp.geodezja.org.pl\/en\/wp-json\/wp\/v2\/comments?post=9059"}],"version-history":[{"count":23,"href":"https:\/\/sgp.geodezja.org.pl\/en\/wp-json\/wp\/v2\/pages\/9059\/revisions"}],"predecessor-version":[{"id":10060,"href":"https:\/\/sgp.geodezja.org.pl\/en\/wp-json\/wp\/v2\/pages\/9059\/revisions\/10060"}],"up":[{"embeddable":true,"href":"https:\/\/sgp.geodezja.org.pl\/en\/wp-json\/wp\/v2\/pages\/2513"}],"wp:attachment":[{"href":"https:\/\/sgp.geodezja.org.pl\/en\/wp-json\/wp\/v2\/media?parent=9059"}],"curies":[{"name":"wp","href":"https:\/\/api.w.org\/{rel}","templated":true}]}}