{"id":10246,"date":"2024-06-28T10:14:31","date_gmt":"2024-06-28T08:14:31","guid":{"rendered":"https:\/\/sgp.geodezja.org.pl\/?post_type=product&#038;p=10246"},"modified":"2024-06-28T10:14:31","modified_gmt":"2024-06-28T08:14:31","slug":"x-ogolnopolskie-seminarium-bieglych-sadowych-z-zakresu-geodezji-mielno-k-koszalina-06-08-wrzesnia-2024r","status":"publish","type":"product","link":"https:\/\/sgp.geodezja.org.pl\/en\/product\/x-ogolnopolskie-seminarium-bieglych-sadowych-z-zakresu-geodezji-mielno-k-koszalina-06-08-wrzesnia-2024r\/","title":{"rendered":"X Og\u00f3lnopolskie Seminarium Bieg\u0142ych S\u0105dowych z zakresu geodezji; Mielno k\/Koszalina , 06-08 wrze\u015bnia 2024r."},"content":{"rendered":"","protected":false},"excerpt":{"rendered":"","protected":false},"featured_media":0,"template":"","meta":[],"product_brand":[],"product_cat":[61,63],"product_tag":[],"class_list":{"0":"post-10246","1":"product","2":"type-product","3":"status-publish","5":"product_cat-sklep","6":"product_cat-konferencje","8":"first","9":"instock","10":"shipping-taxable","11":"purchasable","12":"product-type-variable"},"_links":{"self":[{"href":"https:\/\/sgp.geodezja.org.pl\/en\/wp-json\/wp\/v2\/product\/10246","targetHints":{"allow":["GET"]}}],"collection":[{"href":"https:\/\/sgp.geodezja.org.pl\/en\/wp-json\/wp\/v2\/product"}],"about":[{"href":"https:\/\/sgp.geodezja.org.pl\/en\/wp-json\/wp\/v2\/types\/product"}],"wp:attachment":[{"href":"https:\/\/sgp.geodezja.org.pl\/en\/wp-json\/wp\/v2\/media?parent=10246"}],"wp:term":[{"taxonomy":"product_brand","embeddable":true,"href":"https:\/\/sgp.geodezja.org.pl\/en\/wp-json\/wp\/v2\/product_brand?post=10246"},{"taxonomy":"product_cat","embeddable":true,"href":"https:\/\/sgp.geodezja.org.pl\/en\/wp-json\/wp\/v2\/product_cat?post=10246"},{"taxonomy":"product_tag","embeddable":true,"href":"https:\/\/sgp.geodezja.org.pl\/en\/wp-json\/wp\/v2\/product_tag?post=10246"}],"curies":[{"name":"wp","href":"https:\/\/api.w.org\/{rel}","templated":true}]}}