{"id":10275,"date":"2024-07-02T13:26:46","date_gmt":"2024-07-02T11:26:46","guid":{"rendered":"https:\/\/sgp.geodezja.org.pl\/?post_type=product&#038;p=10275"},"modified":"2024-07-02T13:26:46","modified_gmt":"2024-07-02T11:26:46","slug":"szkolenie-online-aktualizacja-baz-danych-pzgik-w-toku-realizacji-procesu-budowlanego-mapy-do-celow-projektowych-inwentaryzacje-powykonawcze-budynkow-i-sieci-uzbrojenia-terenu-asp","status":"publish","type":"product","link":"https:\/\/sgp.geodezja.org.pl\/en\/product\/szkolenie-online-aktualizacja-baz-danych-pzgik-w-toku-realizacji-procesu-budowlanego-mapy-do-celow-projektowych-inwentaryzacje-powykonawcze-budynkow-i-sieci-uzbrojenia-terenu-asp\/","title":{"rendered":"Szkolenie online: \u201eAktualizacja baz danych PZGiK w toku realizacji procesu budowlanego \u2013 mapy do cel\u00f3w projektowych, inwentaryzacje powykonawcze budynk\u00f3w i sieci uzbrojenia terenu. Aspekty prawne i techniczne, przyk\u0142ady z praktyki i orzecznictwo.\u201d, 25 lipca 2024 r."},"content":{"rendered":"","protected":false},"excerpt":{"rendered":"","protected":false},"featured_media":0,"template":"","meta":[],"product_brand":[],"product_cat":[61,63],"product_tag":[],"class_list":{"0":"post-10275","1":"product","2":"type-product","3":"status-publish","5":"product_cat-sklep","6":"product_cat-konferencje","8":"first","9":"instock","10":"shipping-taxable","11":"purchasable","12":"product-type-variable"},"_links":{"self":[{"href":"https:\/\/sgp.geodezja.org.pl\/en\/wp-json\/wp\/v2\/product\/10275","targetHints":{"allow":["GET"]}}],"collection":[{"href":"https:\/\/sgp.geodezja.org.pl\/en\/wp-json\/wp\/v2\/product"}],"about":[{"href":"https:\/\/sgp.geodezja.org.pl\/en\/wp-json\/wp\/v2\/types\/product"}],"wp:attachment":[{"href":"https:\/\/sgp.geodezja.org.pl\/en\/wp-json\/wp\/v2\/media?parent=10275"}],"wp:term":[{"taxonomy":"product_brand","embeddable":true,"href":"https:\/\/sgp.geodezja.org.pl\/en\/wp-json\/wp\/v2\/product_brand?post=10275"},{"taxonomy":"product_cat","embeddable":true,"href":"https:\/\/sgp.geodezja.org.pl\/en\/wp-json\/wp\/v2\/product_cat?post=10275"},{"taxonomy":"product_tag","embeddable":true,"href":"https:\/\/sgp.geodezja.org.pl\/en\/wp-json\/wp\/v2\/product_tag?post=10275"}],"curies":[{"name":"wp","href":"https:\/\/api.w.org\/{rel}","templated":true}]}}