{"id":10299,"date":"2024-07-08T10:12:41","date_gmt":"2024-07-08T08:12:41","guid":{"rendered":"https:\/\/sgp.geodezja.org.pl\/?post_type=product&#038;p=10299"},"modified":"2024-07-11T08:28:01","modified_gmt":"2024-07-11T06:28:01","slug":"i-konferencja-z-cyklu-ii-strefa-nt-administracja-geodezyjna-i-wykonawcy-prac-geodezyjnych-dwa-obszary-dzialania-jedna-geodezja-lekuk-13-15-wrzesnia-2024r","status":"publish","type":"product","link":"https:\/\/sgp.geodezja.org.pl\/en\/product\/i-konferencja-z-cyklu-ii-strefa-nt-administracja-geodezyjna-i-wykonawcy-prac-geodezyjnych-dwa-obszary-dzialania-jedna-geodezja-lekuk-13-15-wrzesnia-2024r\/","title":{"rendered":"I Konferencja z cyklu II Strefa nt: \u201eAdministracja geodezyjna i wykonawcy prac geodezyjnych dwa obszary dzia\u0142ania-jedna geodezja\u201d; \u0141\u0119kuk Ma\u0142y; 13-15 wrze\u015bnia 2024r."},"content":{"rendered":"","protected":false},"excerpt":{"rendered":"","protected":false},"featured_media":0,"template":"","meta":[],"product_brand":[],"product_cat":[61,63],"product_tag":[],"class_list":{"0":"post-10299","1":"product","2":"type-product","3":"status-publish","5":"product_cat-sklep","6":"product_cat-konferencje","8":"first","9":"instock","10":"shipping-taxable","11":"purchasable","12":"product-type-variable"},"_links":{"self":[{"href":"https:\/\/sgp.geodezja.org.pl\/en\/wp-json\/wp\/v2\/product\/10299","targetHints":{"allow":["GET"]}}],"collection":[{"href":"https:\/\/sgp.geodezja.org.pl\/en\/wp-json\/wp\/v2\/product"}],"about":[{"href":"https:\/\/sgp.geodezja.org.pl\/en\/wp-json\/wp\/v2\/types\/product"}],"wp:attachment":[{"href":"https:\/\/sgp.geodezja.org.pl\/en\/wp-json\/wp\/v2\/media?parent=10299"}],"wp:term":[{"taxonomy":"product_brand","embeddable":true,"href":"https:\/\/sgp.geodezja.org.pl\/en\/wp-json\/wp\/v2\/product_brand?post=10299"},{"taxonomy":"product_cat","embeddable":true,"href":"https:\/\/sgp.geodezja.org.pl\/en\/wp-json\/wp\/v2\/product_cat?post=10299"},{"taxonomy":"product_tag","embeddable":true,"href":"https:\/\/sgp.geodezja.org.pl\/en\/wp-json\/wp\/v2\/product_tag?post=10299"}],"curies":[{"name":"wp","href":"https:\/\/api.w.org\/{rel}","templated":true}]}}