{"id":10456,"date":"2024-07-24T14:31:10","date_gmt":"2024-07-24T12:31:10","guid":{"rendered":"https:\/\/sgp.geodezja.org.pl\/?post_type=product&#038;p=10456"},"modified":"2024-07-24T14:31:10","modified_gmt":"2024-07-24T12:31:10","slug":"szkolenie-online-analiza-materialow-zasobu-zasady-zawiadamiania-stron-czynnosci-geodety-uprawnionego-oraz-rola-zainteresowanych-podmiotow-przy-sporzadzaniu-protokolow-dokumentujacych-poloz-2","status":"publish","type":"product","link":"https:\/\/sgp.geodezja.org.pl\/en\/product\/szkolenie-online-analiza-materialow-zasobu-zasady-zawiadamiania-stron-czynnosci-geodety-uprawnionego-oraz-rola-zainteresowanych-podmiotow-przy-sporzadzaniu-protokolow-dokumentujacych-poloz-2\/","title":{"rendered":"Szkolenie online: \u201eAnaliza materia\u0142\u00f3w zasobu, zasady zawiadamiania stron, czynno\u015bci geodety uprawnionego oraz rola zainteresowanych podmiot\u00f3w przy sporz\u0105dzaniu protoko\u0142\u00f3w dokumentuj\u0105cych po\u0142o\u017cenie punkt\u00f3w granicznych i przebieg granic nieruchomo\u015bci\u201d, 28 sierpnia 2024 r."},"content":{"rendered":"","protected":false},"excerpt":{"rendered":"","protected":false},"featured_media":0,"template":"","meta":[],"product_brand":[],"product_cat":[61,63],"product_tag":[],"class_list":{"0":"post-10456","1":"product","2":"type-product","3":"status-publish","5":"product_cat-sklep","6":"product_cat-konferencje","8":"first","9":"instock","10":"shipping-taxable","11":"purchasable","12":"product-type-variable"},"_links":{"self":[{"href":"https:\/\/sgp.geodezja.org.pl\/en\/wp-json\/wp\/v2\/product\/10456","targetHints":{"allow":["GET"]}}],"collection":[{"href":"https:\/\/sgp.geodezja.org.pl\/en\/wp-json\/wp\/v2\/product"}],"about":[{"href":"https:\/\/sgp.geodezja.org.pl\/en\/wp-json\/wp\/v2\/types\/product"}],"wp:attachment":[{"href":"https:\/\/sgp.geodezja.org.pl\/en\/wp-json\/wp\/v2\/media?parent=10456"}],"wp:term":[{"taxonomy":"product_brand","embeddable":true,"href":"https:\/\/sgp.geodezja.org.pl\/en\/wp-json\/wp\/v2\/product_brand?post=10456"},{"taxonomy":"product_cat","embeddable":true,"href":"https:\/\/sgp.geodezja.org.pl\/en\/wp-json\/wp\/v2\/product_cat?post=10456"},{"taxonomy":"product_tag","embeddable":true,"href":"https:\/\/sgp.geodezja.org.pl\/en\/wp-json\/wp\/v2\/product_tag?post=10456"}],"curies":[{"name":"wp","href":"https:\/\/api.w.org\/{rel}","templated":true}]}}