{"id":10470,"date":"2024-07-26T08:11:26","date_gmt":"2024-07-26T06:11:26","guid":{"rendered":"https:\/\/sgp.geodezja.org.pl\/?post_type=product&#038;p=10470"},"modified":"2024-07-26T08:11:26","modified_gmt":"2024-07-26T06:11:26","slug":"szkolenie-stacjonarne-aktualizacja-ewidencji-gruntow-i-budynkow-w-zakresie-danych-dotyczacych-granic-dzialek-ewidencyjnych-ze-szczegolnym-uwzglednieniem-dokumentacji-sporzadzanej-na-potrzeb","status":"publish","type":"product","link":"https:\/\/sgp.geodezja.org.pl\/en\/product\/szkolenie-stacjonarne-aktualizacja-ewidencji-gruntow-i-budynkow-w-zakresie-danych-dotyczacych-granic-dzialek-ewidencyjnych-ze-szczegolnym-uwzglednieniem-dokumentacji-sporzadzanej-na-potrzeb\/","title":{"rendered":"Szkolenie stacjonarne: \u201eAktualizacja ewidencji grunt\u00f3w i budynk\u00f3w w zakresie danych dotycz\u0105cych granic dzia\u0142ek ewidencyjnych, ze szczeg\u00f3lnym uwzgl\u0119dnieniem dokumentacji sporz\u0105dzanej na potrzeby podzia\u0142\u00f3w nieruchomo\u015bci\u201d; Kielce; 12 wrze\u015bnia 2024 r."},"content":{"rendered":"","protected":false},"excerpt":{"rendered":"","protected":false},"featured_media":0,"template":"","meta":[],"product_brand":[],"product_cat":[61,63],"product_tag":[],"class_list":{"0":"post-10470","1":"product","2":"type-product","3":"status-publish","5":"product_cat-sklep","6":"product_cat-konferencje","8":"first","9":"instock","10":"shipping-taxable","11":"purchasable","12":"product-type-variable"},"_links":{"self":[{"href":"https:\/\/sgp.geodezja.org.pl\/en\/wp-json\/wp\/v2\/product\/10470","targetHints":{"allow":["GET"]}}],"collection":[{"href":"https:\/\/sgp.geodezja.org.pl\/en\/wp-json\/wp\/v2\/product"}],"about":[{"href":"https:\/\/sgp.geodezja.org.pl\/en\/wp-json\/wp\/v2\/types\/product"}],"wp:attachment":[{"href":"https:\/\/sgp.geodezja.org.pl\/en\/wp-json\/wp\/v2\/media?parent=10470"}],"wp:term":[{"taxonomy":"product_brand","embeddable":true,"href":"https:\/\/sgp.geodezja.org.pl\/en\/wp-json\/wp\/v2\/product_brand?post=10470"},{"taxonomy":"product_cat","embeddable":true,"href":"https:\/\/sgp.geodezja.org.pl\/en\/wp-json\/wp\/v2\/product_cat?post=10470"},{"taxonomy":"product_tag","embeddable":true,"href":"https:\/\/sgp.geodezja.org.pl\/en\/wp-json\/wp\/v2\/product_tag?post=10470"}],"curies":[{"name":"wp","href":"https:\/\/api.w.org\/{rel}","templated":true}]}}