{"id":10511,"date":"2024-08-07T14:38:21","date_gmt":"2024-08-07T12:38:21","guid":{"rendered":"https:\/\/sgp.geodezja.org.pl\/?post_type=product&#038;p=10511"},"modified":"2024-08-07T14:38:21","modified_gmt":"2024-08-07T12:38:21","slug":"szkolenie-online-punkty-graniczne-granice-dzialek-ewidencyjnych-w-czynnosciach-ustalania-granic-pomiarze-linii-brzegu-podzialach-nieruchomosci-i-aktualizacji-ewidencji-gruntow-i","status":"publish","type":"product","link":"https:\/\/sgp.geodezja.org.pl\/en\/product\/szkolenie-online-punkty-graniczne-granice-dzialek-ewidencyjnych-w-czynnosciach-ustalania-granic-pomiarze-linii-brzegu-podzialach-nieruchomosci-i-aktualizacji-ewidencji-gruntow-i\/","title":{"rendered":"Szkolenie online: \u201ePunkty graniczne, granice dzia\u0142ek ewidencyjnych \u2013 w czynno\u015bciach ustalania granic, pomiarze linii brzegu, podzia\u0142ach nieruchomo\u015bci i aktualizacji ewidencji grunt\u00f3w i budynk\u00f3w. Aspekty prawne i techniczne, przyk\u0142ady z praktyki i orzecznictwo.\u201d; 22 sierpnia 2024 r."},"content":{"rendered":"","protected":false},"excerpt":{"rendered":"","protected":false},"featured_media":0,"template":"","meta":[],"product_brand":[],"product_cat":[61,63],"product_tag":[],"class_list":{"0":"post-10511","1":"product","2":"type-product","3":"status-publish","5":"product_cat-sklep","6":"product_cat-konferencje","8":"first","9":"instock","10":"shipping-taxable","11":"purchasable","12":"product-type-variable"},"_links":{"self":[{"href":"https:\/\/sgp.geodezja.org.pl\/en\/wp-json\/wp\/v2\/product\/10511","targetHints":{"allow":["GET"]}}],"collection":[{"href":"https:\/\/sgp.geodezja.org.pl\/en\/wp-json\/wp\/v2\/product"}],"about":[{"href":"https:\/\/sgp.geodezja.org.pl\/en\/wp-json\/wp\/v2\/types\/product"}],"wp:attachment":[{"href":"https:\/\/sgp.geodezja.org.pl\/en\/wp-json\/wp\/v2\/media?parent=10511"}],"wp:term":[{"taxonomy":"product_brand","embeddable":true,"href":"https:\/\/sgp.geodezja.org.pl\/en\/wp-json\/wp\/v2\/product_brand?post=10511"},{"taxonomy":"product_cat","embeddable":true,"href":"https:\/\/sgp.geodezja.org.pl\/en\/wp-json\/wp\/v2\/product_cat?post=10511"},{"taxonomy":"product_tag","embeddable":true,"href":"https:\/\/sgp.geodezja.org.pl\/en\/wp-json\/wp\/v2\/product_tag?post=10511"}],"curies":[{"name":"wp","href":"https:\/\/api.w.org\/{rel}","templated":true}]}}