{"id":11026,"date":"2024-10-03T12:45:53","date_gmt":"2024-10-03T10:45:53","guid":{"rendered":"https:\/\/sgp.geodezja.org.pl\/?post_type=product&#038;p=11026"},"modified":"2024-10-03T14:30:19","modified_gmt":"2024-10-03T12:30:19","slug":"szkolenie-stacjonarne-aktualizacja-ewidencji-gruntow-i-budynkow-w-zakresie-danych-dotyczacych-granic-dzialek-ewidencyjnych-krakow-24-pazdziernika-2024-r","status":"publish","type":"product","link":"https:\/\/sgp.geodezja.org.pl\/en\/product\/szkolenie-stacjonarne-aktualizacja-ewidencji-gruntow-i-budynkow-w-zakresie-danych-dotyczacych-granic-dzialek-ewidencyjnych-krakow-24-pazdziernika-2024-r\/","title":{"rendered":"Szkolenie stacjonarne: \u201eAktualizacja ewidencji grunt\u00f3w i budynk\u00f3w w zakresie danych dotycz\u0105cych granic dzia\u0142ek ewidencyjnych\u201d; Krak\u00f3w; 24 pa\u017adziernika 2024 r."},"content":{"rendered":"","protected":false},"excerpt":{"rendered":"","protected":false},"featured_media":0,"template":"","meta":[],"product_brand":[],"product_cat":[61,63],"product_tag":[],"class_list":{"0":"post-11026","1":"product","2":"type-product","3":"status-publish","5":"product_cat-sklep","6":"product_cat-konferencje","8":"first","9":"instock","10":"shipping-taxable","11":"purchasable","12":"product-type-variable"},"_links":{"self":[{"href":"https:\/\/sgp.geodezja.org.pl\/en\/wp-json\/wp\/v2\/product\/11026","targetHints":{"allow":["GET"]}}],"collection":[{"href":"https:\/\/sgp.geodezja.org.pl\/en\/wp-json\/wp\/v2\/product"}],"about":[{"href":"https:\/\/sgp.geodezja.org.pl\/en\/wp-json\/wp\/v2\/types\/product"}],"wp:attachment":[{"href":"https:\/\/sgp.geodezja.org.pl\/en\/wp-json\/wp\/v2\/media?parent=11026"}],"wp:term":[{"taxonomy":"product_brand","embeddable":true,"href":"https:\/\/sgp.geodezja.org.pl\/en\/wp-json\/wp\/v2\/product_brand?post=11026"},{"taxonomy":"product_cat","embeddable":true,"href":"https:\/\/sgp.geodezja.org.pl\/en\/wp-json\/wp\/v2\/product_cat?post=11026"},{"taxonomy":"product_tag","embeddable":true,"href":"https:\/\/sgp.geodezja.org.pl\/en\/wp-json\/wp\/v2\/product_tag?post=11026"}],"curies":[{"name":"wp","href":"https:\/\/api.w.org\/{rel}","templated":true}]}}