{"id":11406,"date":"2024-11-15T09:55:13","date_gmt":"2024-11-15T08:55:13","guid":{"rendered":"https:\/\/sgp.geodezja.org.pl\/?post_type=product&#038;p=11406"},"modified":"2024-11-15T10:00:18","modified_gmt":"2024-11-15T09:00:18","slug":"szkolenie-online-a-moze-by-tak-prosciej-czyli-wiedza-i-inspiracje-o-tym-jak-ciekawie-komunikowac-o-roznych-dzialaniach-11-grudnia-2024-r","status":"publish","type":"product","link":"https:\/\/sgp.geodezja.org.pl\/en\/product\/szkolenie-online-a-moze-by-tak-prosciej-czyli-wiedza-i-inspiracje-o-tym-jak-ciekawie-komunikowac-o-roznych-dzialaniach-11-grudnia-2024-r\/","title":{"rendered":"Szkolenie online: \u201e\u2026A MO\u017bE BY TAK PRO\u015aCIEJ?\u201d CZYLI WIEDZA I INSPIRACJE O TYM, JAK CIEKAWIE KOMUNIKOWA\u0106 O R\u00d3\u017bNYCH DZIA\u0141ANIACH\u201d, 11 grudnia 2024 r."},"content":{"rendered":"","protected":false},"excerpt":{"rendered":"","protected":false},"featured_media":0,"template":"","meta":[],"product_brand":[],"product_cat":[61,63],"product_tag":[],"class_list":{"0":"post-11406","1":"product","2":"type-product","3":"status-publish","5":"product_cat-sklep","6":"product_cat-konferencje","8":"first","9":"instock","10":"shipping-taxable","11":"purchasable","12":"product-type-variable"},"_links":{"self":[{"href":"https:\/\/sgp.geodezja.org.pl\/en\/wp-json\/wp\/v2\/product\/11406","targetHints":{"allow":["GET"]}}],"collection":[{"href":"https:\/\/sgp.geodezja.org.pl\/en\/wp-json\/wp\/v2\/product"}],"about":[{"href":"https:\/\/sgp.geodezja.org.pl\/en\/wp-json\/wp\/v2\/types\/product"}],"wp:attachment":[{"href":"https:\/\/sgp.geodezja.org.pl\/en\/wp-json\/wp\/v2\/media?parent=11406"}],"wp:term":[{"taxonomy":"product_brand","embeddable":true,"href":"https:\/\/sgp.geodezja.org.pl\/en\/wp-json\/wp\/v2\/product_brand?post=11406"},{"taxonomy":"product_cat","embeddable":true,"href":"https:\/\/sgp.geodezja.org.pl\/en\/wp-json\/wp\/v2\/product_cat?post=11406"},{"taxonomy":"product_tag","embeddable":true,"href":"https:\/\/sgp.geodezja.org.pl\/en\/wp-json\/wp\/v2\/product_tag?post=11406"}],"curies":[{"name":"wp","href":"https:\/\/api.w.org\/{rel}","templated":true}]}}