{"id":11484,"date":"2024-11-21T14:10:34","date_gmt":"2024-11-21T13:10:34","guid":{"rendered":"https:\/\/sgp.geodezja.org.pl\/?post_type=product&#038;p=11484"},"modified":"2024-11-21T14:11:09","modified_gmt":"2024-11-21T13:11:09","slug":"szkolenie-online-wylaczenie-gruntow-z-produkcji-rolniczej-i-lesnej-w-tym-w-kontekscie-nowych-uwarunkowan-planistycznych-i-mozliwosci-inwestycyjnych-gruntow-po-uchwaleniu-planu-ogolnego-ob","status":"publish","type":"product","link":"https:\/\/sgp.geodezja.org.pl\/en\/product\/szkolenie-online-wylaczenie-gruntow-z-produkcji-rolniczej-i-lesnej-w-tym-w-kontekscie-nowych-uwarunkowan-planistycznych-i-mozliwosci-inwestycyjnych-gruntow-po-uchwaleniu-planu-ogolnego-ob\/","title":{"rendered":"Szkolenie online: \u201eWy\u0142\u0105czenie grunt\u00f3w z produkcji rolniczej i le\u015bnej,  w tym w kontek\u015bcie nowych uwarunkowa\u0144 planistycznych i mo\u017cliwo\u015bci inwestycyjnych grunt\u00f3w po uchwaleniu planu og\u00f3lnego. Obiekty PZGiK i ich wp\u0142yw ba plan og\u00f3lnych i plany miejscowe. Wp\u0142yw zmiany granic dzia\u0142ek ewidencyjnych na kontury planistyczne w planach og\u00f3lnych gminy i w planach miejscowych.\u201d 5 grudnia 2024 r."},"content":{"rendered":"","protected":false},"excerpt":{"rendered":"","protected":false},"featured_media":0,"template":"","meta":[],"product_brand":[],"product_cat":[61,63],"product_tag":[],"class_list":{"0":"post-11484","1":"product","2":"type-product","3":"status-publish","5":"product_cat-sklep","6":"product_cat-konferencje","8":"first","9":"instock","10":"shipping-taxable","11":"purchasable","12":"product-type-variable"},"_links":{"self":[{"href":"https:\/\/sgp.geodezja.org.pl\/en\/wp-json\/wp\/v2\/product\/11484","targetHints":{"allow":["GET"]}}],"collection":[{"href":"https:\/\/sgp.geodezja.org.pl\/en\/wp-json\/wp\/v2\/product"}],"about":[{"href":"https:\/\/sgp.geodezja.org.pl\/en\/wp-json\/wp\/v2\/types\/product"}],"wp:attachment":[{"href":"https:\/\/sgp.geodezja.org.pl\/en\/wp-json\/wp\/v2\/media?parent=11484"}],"wp:term":[{"taxonomy":"product_brand","embeddable":true,"href":"https:\/\/sgp.geodezja.org.pl\/en\/wp-json\/wp\/v2\/product_brand?post=11484"},{"taxonomy":"product_cat","embeddable":true,"href":"https:\/\/sgp.geodezja.org.pl\/en\/wp-json\/wp\/v2\/product_cat?post=11484"},{"taxonomy":"product_tag","embeddable":true,"href":"https:\/\/sgp.geodezja.org.pl\/en\/wp-json\/wp\/v2\/product_tag?post=11484"}],"curies":[{"name":"wp","href":"https:\/\/api.w.org\/{rel}","templated":true}]}}