{"id":11793,"date":"2025-01-13T14:56:56","date_gmt":"2025-01-13T13:56:56","guid":{"rendered":"https:\/\/sgp.geodezja.org.pl\/?post_type=product&#038;p=11793"},"modified":"2025-01-13T14:56:56","modified_gmt":"2025-01-13T13:56:56","slug":"szkolenie-online-ostatnie-zmiany-w-przepisach-z-zakresu-geodezji-budownictwa-planowania-przestrzennego-majace-wplyw-na-prace-z-zakresu-geodezji-w-tym-stabilizacje-w-ustaleniach-pgde-trudniejsz","status":"publish","type":"product","link":"https:\/\/sgp.geodezja.org.pl\/en\/product\/szkolenie-online-ostatnie-zmiany-w-przepisach-z-zakresu-geodezji-budownictwa-planowania-przestrzennego-majace-wplyw-na-prace-z-zakresu-geodezji-w-tym-stabilizacje-w-ustaleniach-pgde-trudniejsz\/","title":{"rendered":"Szkolenie online: &#8222;Ostatnie zmiany w przepisach z zakresu geodezji, budownictwa, planowania przestrzennego maj\u0105ce wp\u0142yw na prace z zakresu geodezji (w tym stabilizacje w ustaleniach pgde). Trudniejsze u\u017cytki w pracach geodezyjnych&#8221;; 18 lutego 2025r."},"content":{"rendered":"","protected":false},"excerpt":{"rendered":"","protected":false},"featured_media":0,"template":"","meta":[],"product_brand":[],"product_cat":[61,63],"product_tag":[],"class_list":{"0":"post-11793","1":"product","2":"type-product","3":"status-publish","5":"product_cat-sklep","6":"product_cat-konferencje","8":"first","9":"instock","10":"shipping-taxable","11":"purchasable","12":"product-type-variable"},"_links":{"self":[{"href":"https:\/\/sgp.geodezja.org.pl\/en\/wp-json\/wp\/v2\/product\/11793","targetHints":{"allow":["GET"]}}],"collection":[{"href":"https:\/\/sgp.geodezja.org.pl\/en\/wp-json\/wp\/v2\/product"}],"about":[{"href":"https:\/\/sgp.geodezja.org.pl\/en\/wp-json\/wp\/v2\/types\/product"}],"wp:attachment":[{"href":"https:\/\/sgp.geodezja.org.pl\/en\/wp-json\/wp\/v2\/media?parent=11793"}],"wp:term":[{"taxonomy":"product_brand","embeddable":true,"href":"https:\/\/sgp.geodezja.org.pl\/en\/wp-json\/wp\/v2\/product_brand?post=11793"},{"taxonomy":"product_cat","embeddable":true,"href":"https:\/\/sgp.geodezja.org.pl\/en\/wp-json\/wp\/v2\/product_cat?post=11793"},{"taxonomy":"product_tag","embeddable":true,"href":"https:\/\/sgp.geodezja.org.pl\/en\/wp-json\/wp\/v2\/product_tag?post=11793"}],"curies":[{"name":"wp","href":"https:\/\/api.w.org\/{rel}","templated":true}]}}