{"id":11900,"date":"2025-01-22T13:46:51","date_gmt":"2025-01-22T12:46:51","guid":{"rendered":"https:\/\/sgp.geodezja.org.pl\/?post_type=product&#038;p=11900"},"modified":"2025-01-22T13:47:26","modified_gmt":"2025-01-22T12:47:26","slug":"szkolenie-online-operat-techniczny-wykonawstwo-i-weryfikacja-wynikow-prac-geodezyjnych-z-zakresu-2-uprawnien-zawodowych-obowiazujace-przepisy-prawa-aktualne-orzecznictwo-sadowo-adminis","status":"publish","type":"product","link":"https:\/\/sgp.geodezja.org.pl\/en\/product\/szkolenie-online-operat-techniczny-wykonawstwo-i-weryfikacja-wynikow-prac-geodezyjnych-z-zakresu-2-uprawnien-zawodowych-obowiazujace-przepisy-prawa-aktualne-orzecznictwo-sadowo-adminis\/","title":{"rendered":"Szkolenie online: \u201eOperat techniczny, wykonawstwo i weryfikacja wynik\u00f3w prac geodezyjnych z zakresu 2 uprawnie\u0144 zawodowych &#8211; obowi\u0105zuj\u0105ce przepisy prawa, aktualne orzecznictwo s\u0105dowo &#8211; administracyjne oraz przyk\u0142ady praktyczne\u201d; 27 lutego 2025 r."},"content":{"rendered":"","protected":false},"excerpt":{"rendered":"","protected":false},"featured_media":0,"template":"","meta":[],"product_brand":[],"product_cat":[61,63],"product_tag":[],"class_list":{"0":"post-11900","1":"product","2":"type-product","3":"status-publish","5":"product_cat-sklep","6":"product_cat-konferencje","8":"first","9":"instock","10":"shipping-taxable","11":"purchasable","12":"product-type-variable"},"_links":{"self":[{"href":"https:\/\/sgp.geodezja.org.pl\/en\/wp-json\/wp\/v2\/product\/11900","targetHints":{"allow":["GET"]}}],"collection":[{"href":"https:\/\/sgp.geodezja.org.pl\/en\/wp-json\/wp\/v2\/product"}],"about":[{"href":"https:\/\/sgp.geodezja.org.pl\/en\/wp-json\/wp\/v2\/types\/product"}],"wp:attachment":[{"href":"https:\/\/sgp.geodezja.org.pl\/en\/wp-json\/wp\/v2\/media?parent=11900"}],"wp:term":[{"taxonomy":"product_brand","embeddable":true,"href":"https:\/\/sgp.geodezja.org.pl\/en\/wp-json\/wp\/v2\/product_brand?post=11900"},{"taxonomy":"product_cat","embeddable":true,"href":"https:\/\/sgp.geodezja.org.pl\/en\/wp-json\/wp\/v2\/product_cat?post=11900"},{"taxonomy":"product_tag","embeddable":true,"href":"https:\/\/sgp.geodezja.org.pl\/en\/wp-json\/wp\/v2\/product_tag?post=11900"}],"curies":[{"name":"wp","href":"https:\/\/api.w.org\/{rel}","templated":true}]}}