{"id":12076,"date":"2025-02-10T14:46:27","date_gmt":"2025-02-10T13:46:27","guid":{"rendered":"https:\/\/sgp.geodezja.org.pl\/?post_type=product&#038;p=12076"},"modified":"2025-02-10T14:46:35","modified_gmt":"2025-02-10T13:46:35","slug":"seminarium-stacjonarne-nt-aktualne-wyzwania-i-zasady-realizacji-scalen-gruntow-ze-szczegolnym-uwzglednieniem-zarzadzania-zasobami-wodnymi-warszawa-6-marca-2025-r","status":"publish","type":"product","link":"https:\/\/sgp.geodezja.org.pl\/en\/product\/seminarium-stacjonarne-nt-aktualne-wyzwania-i-zasady-realizacji-scalen-gruntow-ze-szczegolnym-uwzglednieniem-zarzadzania-zasobami-wodnymi-warszawa-6-marca-2025-r\/","title":{"rendered":"Seminarium stacjonarne nt. \u201eAktualne wyzwania i zasady realizacji scale\u0144 grunt\u00f3w ze szczeg\u00f3lnym uwzgl\u0119dnieniem zarz\u0105dzania zasobami wodnymi\u201d; Warszawa, 6 marca 2025\u00a0r."},"content":{"rendered":"","protected":false},"excerpt":{"rendered":"","protected":false},"featured_media":0,"template":"","meta":[],"product_brand":[],"product_cat":[61,63],"product_tag":[],"class_list":{"0":"post-12076","1":"product","2":"type-product","3":"status-publish","5":"product_cat-sklep","6":"product_cat-konferencje","8":"first","9":"instock","10":"shipping-taxable","11":"purchasable","12":"product-type-variable"},"_links":{"self":[{"href":"https:\/\/sgp.geodezja.org.pl\/en\/wp-json\/wp\/v2\/product\/12076","targetHints":{"allow":["GET"]}}],"collection":[{"href":"https:\/\/sgp.geodezja.org.pl\/en\/wp-json\/wp\/v2\/product"}],"about":[{"href":"https:\/\/sgp.geodezja.org.pl\/en\/wp-json\/wp\/v2\/types\/product"}],"wp:attachment":[{"href":"https:\/\/sgp.geodezja.org.pl\/en\/wp-json\/wp\/v2\/media?parent=12076"}],"wp:term":[{"taxonomy":"product_brand","embeddable":true,"href":"https:\/\/sgp.geodezja.org.pl\/en\/wp-json\/wp\/v2\/product_brand?post=12076"},{"taxonomy":"product_cat","embeddable":true,"href":"https:\/\/sgp.geodezja.org.pl\/en\/wp-json\/wp\/v2\/product_cat?post=12076"},{"taxonomy":"product_tag","embeddable":true,"href":"https:\/\/sgp.geodezja.org.pl\/en\/wp-json\/wp\/v2\/product_tag?post=12076"}],"curies":[{"name":"wp","href":"https:\/\/api.w.org\/{rel}","templated":true}]}}