{"id":12302,"date":"2025-03-13T11:18:14","date_gmt":"2025-03-13T10:18:14","guid":{"rendered":"https:\/\/sgp.geodezja.org.pl\/?post_type=product&#038;p=12302"},"modified":"2025-03-13T11:18:14","modified_gmt":"2025-03-13T10:18:14","slug":"szkolenie-online-wznowienie-znakow-granicznych-wyznaczenie-punktow-granicznych-ustalenie-granic-podzialy-nieruchomosci-i-zwiazana-z-tym-aktualizacja-ewidencji-gruntow-i-budynkow","status":"publish","type":"product","link":"https:\/\/sgp.geodezja.org.pl\/en\/product\/szkolenie-online-wznowienie-znakow-granicznych-wyznaczenie-punktow-granicznych-ustalenie-granic-podzialy-nieruchomosci-i-zwiazana-z-tym-aktualizacja-ewidencji-gruntow-i-budynkow\/","title":{"rendered":"Szkolenie online: \u201eWznowienie znak\u00f3w granicznych, wyznaczenie punkt\u00f3w granicznych, ustalenie granic, podzia\u0142y nieruchomo\u015bci i zwi\u0105zana z tym aktualizacja ewidencji grunt\u00f3w i budynk\u00f3w \u2013 w przepisach prawnych, orzecznictwie i protoko\u0142ach weryfikacji\u201d.; 10 kwietnia 2025\u00a0r."},"content":{"rendered":"","protected":false},"excerpt":{"rendered":"","protected":false},"featured_media":0,"template":"","meta":[],"product_brand":[],"product_cat":[61,63],"product_tag":[],"class_list":{"0":"post-12302","1":"product","2":"type-product","3":"status-publish","5":"product_cat-sklep","6":"product_cat-konferencje","8":"first","9":"instock","10":"shipping-taxable","11":"purchasable","12":"product-type-variable"},"_links":{"self":[{"href":"https:\/\/sgp.geodezja.org.pl\/en\/wp-json\/wp\/v2\/product\/12302","targetHints":{"allow":["GET"]}}],"collection":[{"href":"https:\/\/sgp.geodezja.org.pl\/en\/wp-json\/wp\/v2\/product"}],"about":[{"href":"https:\/\/sgp.geodezja.org.pl\/en\/wp-json\/wp\/v2\/types\/product"}],"wp:attachment":[{"href":"https:\/\/sgp.geodezja.org.pl\/en\/wp-json\/wp\/v2\/media?parent=12302"}],"wp:term":[{"taxonomy":"product_brand","embeddable":true,"href":"https:\/\/sgp.geodezja.org.pl\/en\/wp-json\/wp\/v2\/product_brand?post=12302"},{"taxonomy":"product_cat","embeddable":true,"href":"https:\/\/sgp.geodezja.org.pl\/en\/wp-json\/wp\/v2\/product_cat?post=12302"},{"taxonomy":"product_tag","embeddable":true,"href":"https:\/\/sgp.geodezja.org.pl\/en\/wp-json\/wp\/v2\/product_tag?post=12302"}],"curies":[{"name":"wp","href":"https:\/\/api.w.org\/{rel}","templated":true}]}}