{"id":12889,"date":"2025-05-26T14:40:04","date_gmt":"2025-05-26T12:40:04","guid":{"rendered":"https:\/\/sgp.geodezja.org.pl\/?post_type=product&#038;p=12889"},"modified":"2025-05-26T14:40:18","modified_gmt":"2025-05-26T12:40:18","slug":"kurs-stacjonarny-przygotowawczy-do-egzaminu-na-uprawnienia-zawodowe-w-dziedzinie-geodezji-i-kartografii-z-zakresow-1-2-4-5-warszawa-6-7-wrzesnia-13-14-wrzesnia-27-28-wrzesnia-2025-r","status":"publish","type":"product","link":"https:\/\/sgp.geodezja.org.pl\/en\/product\/kurs-stacjonarny-przygotowawczy-do-egzaminu-na-uprawnienia-zawodowe-w-dziedzinie-geodezji-i-kartografii-z-zakresow-1-2-4-5-warszawa-6-7-wrzesnia-13-14-wrzesnia-27-28-wrzesnia-2025-r\/","title":{"rendered":"Kurs stacjonarny przygotowawczy do egzaminu na uprawnienia zawodowe w dziedzinie geodezji i kartografii z zakres\u00f3w: 1, 2, 4, 5 , Warszawa, 6-7 wrze\u015bnia, 13-14 wrze\u015bnia 27\u2013 28 wrze\u015bnia 2025 r."},"content":{"rendered":"","protected":false},"excerpt":{"rendered":"","protected":false},"featured_media":0,"template":"","meta":[],"product_brand":[],"product_cat":[61,63],"product_tag":[],"class_list":{"0":"post-12889","1":"product","2":"type-product","3":"status-publish","5":"product_cat-sklep","6":"product_cat-konferencje","8":"first","9":"instock","10":"shipping-taxable","11":"purchasable","12":"product-type-variable"},"_links":{"self":[{"href":"https:\/\/sgp.geodezja.org.pl\/en\/wp-json\/wp\/v2\/product\/12889","targetHints":{"allow":["GET"]}}],"collection":[{"href":"https:\/\/sgp.geodezja.org.pl\/en\/wp-json\/wp\/v2\/product"}],"about":[{"href":"https:\/\/sgp.geodezja.org.pl\/en\/wp-json\/wp\/v2\/types\/product"}],"wp:attachment":[{"href":"https:\/\/sgp.geodezja.org.pl\/en\/wp-json\/wp\/v2\/media?parent=12889"}],"wp:term":[{"taxonomy":"product_brand","embeddable":true,"href":"https:\/\/sgp.geodezja.org.pl\/en\/wp-json\/wp\/v2\/product_brand?post=12889"},{"taxonomy":"product_cat","embeddable":true,"href":"https:\/\/sgp.geodezja.org.pl\/en\/wp-json\/wp\/v2\/product_cat?post=12889"},{"taxonomy":"product_tag","embeddable":true,"href":"https:\/\/sgp.geodezja.org.pl\/en\/wp-json\/wp\/v2\/product_tag?post=12889"}],"curies":[{"name":"wp","href":"https:\/\/api.w.org\/{rel}","templated":true}]}}