{"id":12994,"date":"2025-06-09T13:50:12","date_gmt":"2025-06-09T11:50:12","guid":{"rendered":"https:\/\/sgp.geodezja.org.pl\/?post_type=product&#038;p=12994"},"modified":"2025-06-09T13:50:12","modified_gmt":"2025-06-09T11:50:12","slug":"szkolenie-online-badania-stanow-prawnych-nieruchomosci-analiza-i-wykorzystywanie-materialow-zrodlowych-15-lipca-2025-r","status":"publish","type":"product","link":"https:\/\/sgp.geodezja.org.pl\/en\/product\/szkolenie-online-badania-stanow-prawnych-nieruchomosci-analiza-i-wykorzystywanie-materialow-zrodlowych-15-lipca-2025-r\/","title":{"rendered":"Szkolenie online: \u201eBadania stan\u00f3w prawnych nieruchomo\u015bci \u2013 analiza i wykorzystywanie materia\u0142\u00f3w \u017ar\u00f3d\u0142owych\u201d; 15 lipca 2025\u00a0r."},"content":{"rendered":"","protected":false},"excerpt":{"rendered":"","protected":false},"featured_media":0,"template":"","meta":[],"product_brand":[],"product_cat":[61,63],"product_tag":[],"class_list":{"0":"post-12994","1":"product","2":"type-product","3":"status-publish","5":"product_cat-sklep","6":"product_cat-konferencje","8":"first","9":"instock","10":"shipping-taxable","11":"purchasable","12":"product-type-variable"},"_links":{"self":[{"href":"https:\/\/sgp.geodezja.org.pl\/en\/wp-json\/wp\/v2\/product\/12994","targetHints":{"allow":["GET"]}}],"collection":[{"href":"https:\/\/sgp.geodezja.org.pl\/en\/wp-json\/wp\/v2\/product"}],"about":[{"href":"https:\/\/sgp.geodezja.org.pl\/en\/wp-json\/wp\/v2\/types\/product"}],"wp:attachment":[{"href":"https:\/\/sgp.geodezja.org.pl\/en\/wp-json\/wp\/v2\/media?parent=12994"}],"wp:term":[{"taxonomy":"product_brand","embeddable":true,"href":"https:\/\/sgp.geodezja.org.pl\/en\/wp-json\/wp\/v2\/product_brand?post=12994"},{"taxonomy":"product_cat","embeddable":true,"href":"https:\/\/sgp.geodezja.org.pl\/en\/wp-json\/wp\/v2\/product_cat?post=12994"},{"taxonomy":"product_tag","embeddable":true,"href":"https:\/\/sgp.geodezja.org.pl\/en\/wp-json\/wp\/v2\/product_tag?post=12994"}],"curies":[{"name":"wp","href":"https:\/\/api.w.org\/{rel}","templated":true}]}}