{"id":13283,"date":"2025-08-04T14:53:40","date_gmt":"2025-08-04T12:53:40","guid":{"rendered":"https:\/\/sgp.geodezja.org.pl\/?post_type=product&#038;p=13283"},"modified":"2025-08-04T14:53:40","modified_gmt":"2025-08-04T12:53:40","slug":"szkolenie-online-badania-stanow-prawnych-nieruchomosci-oraz-procedury-geodezyjno-prawne-dotyczace-gruntow-pod-wodami-11-wrzesnia-2025-r","status":"publish","type":"product","link":"https:\/\/sgp.geodezja.org.pl\/en\/product\/szkolenie-online-badania-stanow-prawnych-nieruchomosci-oraz-procedury-geodezyjno-prawne-dotyczace-gruntow-pod-wodami-11-wrzesnia-2025-r\/","title":{"rendered":"Szkolenie online: \u201eBadania stan\u00f3w prawnych nieruchomo\u015bci oraz procedury geodezyjno &#8211; prawne dotycz\u0105ce grunt\u00f3w pod wodami\u201d; 11 wrze\u015bnia 2025\u00a0r."},"content":{"rendered":"","protected":false},"excerpt":{"rendered":"","protected":false},"featured_media":0,"template":"","meta":[],"product_brand":[],"product_cat":[61,63],"product_tag":[],"class_list":{"0":"post-13283","1":"product","2":"type-product","3":"status-publish","5":"product_cat-sklep","6":"product_cat-konferencje","8":"first","9":"instock","10":"shipping-taxable","11":"purchasable","12":"product-type-variable"},"_links":{"self":[{"href":"https:\/\/sgp.geodezja.org.pl\/en\/wp-json\/wp\/v2\/product\/13283","targetHints":{"allow":["GET"]}}],"collection":[{"href":"https:\/\/sgp.geodezja.org.pl\/en\/wp-json\/wp\/v2\/product"}],"about":[{"href":"https:\/\/sgp.geodezja.org.pl\/en\/wp-json\/wp\/v2\/types\/product"}],"wp:attachment":[{"href":"https:\/\/sgp.geodezja.org.pl\/en\/wp-json\/wp\/v2\/media?parent=13283"}],"wp:term":[{"taxonomy":"product_brand","embeddable":true,"href":"https:\/\/sgp.geodezja.org.pl\/en\/wp-json\/wp\/v2\/product_brand?post=13283"},{"taxonomy":"product_cat","embeddable":true,"href":"https:\/\/sgp.geodezja.org.pl\/en\/wp-json\/wp\/v2\/product_cat?post=13283"},{"taxonomy":"product_tag","embeddable":true,"href":"https:\/\/sgp.geodezja.org.pl\/en\/wp-json\/wp\/v2\/product_tag?post=13283"}],"curies":[{"name":"wp","href":"https:\/\/api.w.org\/{rel}","templated":true}]}}