{"id":13321,"date":"2025-08-11T13:06:23","date_gmt":"2025-08-11T11:06:23","guid":{"rendered":"https:\/\/sgp.geodezja.org.pl\/?post_type=product&#038;p=13321"},"modified":"2025-08-11T13:06:32","modified_gmt":"2025-08-11T11:06:32","slug":"szkolenie-on-line-podzialy-nieruchomosci-a-plany-ogolne-gmin-z-obszarami-uzupelnienia-zabudowy-23-wrzesnia-2025r","status":"publish","type":"product","link":"https:\/\/sgp.geodezja.org.pl\/en\/product\/szkolenie-on-line-podzialy-nieruchomosci-a-plany-ogolne-gmin-z-obszarami-uzupelnienia-zabudowy-23-wrzesnia-2025r\/","title":{"rendered":"Szkolenie on-line: &#8222;Podzia\u0142y nieruchomo\u015bci a plany og\u00f3lne gmin  z obszarami uzupe\u0142nienia zabudowy&#8221;; 23 wrze\u015bnia 2025r."},"content":{"rendered":"","protected":false},"excerpt":{"rendered":"","protected":false},"featured_media":0,"template":"","meta":[],"product_brand":[],"product_cat":[61,63],"product_tag":[],"class_list":{"0":"post-13321","1":"product","2":"type-product","3":"status-publish","5":"product_cat-sklep","6":"product_cat-konferencje","8":"first","9":"instock","10":"shipping-taxable","11":"purchasable","12":"product-type-variable"},"_links":{"self":[{"href":"https:\/\/sgp.geodezja.org.pl\/en\/wp-json\/wp\/v2\/product\/13321","targetHints":{"allow":["GET"]}}],"collection":[{"href":"https:\/\/sgp.geodezja.org.pl\/en\/wp-json\/wp\/v2\/product"}],"about":[{"href":"https:\/\/sgp.geodezja.org.pl\/en\/wp-json\/wp\/v2\/types\/product"}],"wp:attachment":[{"href":"https:\/\/sgp.geodezja.org.pl\/en\/wp-json\/wp\/v2\/media?parent=13321"}],"wp:term":[{"taxonomy":"product_brand","embeddable":true,"href":"https:\/\/sgp.geodezja.org.pl\/en\/wp-json\/wp\/v2\/product_brand?post=13321"},{"taxonomy":"product_cat","embeddable":true,"href":"https:\/\/sgp.geodezja.org.pl\/en\/wp-json\/wp\/v2\/product_cat?post=13321"},{"taxonomy":"product_tag","embeddable":true,"href":"https:\/\/sgp.geodezja.org.pl\/en\/wp-json\/wp\/v2\/product_tag?post=13321"}],"curies":[{"name":"wp","href":"https:\/\/api.w.org\/{rel}","templated":true}]}}