{"id":13411,"date":"2025-08-25T09:52:45","date_gmt":"2025-08-25T07:52:45","guid":{"rendered":"https:\/\/sgp.geodezja.org.pl\/?post_type=product&#038;p=13411"},"modified":"2025-08-25T09:52:55","modified_gmt":"2025-08-25T07:52:55","slug":"szkolenie-stacjonarne-nt-aktualizacja-panstwowego-zasobu-geodezyjnego-i-kartograficznego-w-zakresie-danych-dotyczacych-dzialek-ewidencyjnych-lodz-25-wrzesnia-2025r","status":"publish","type":"product","link":"https:\/\/sgp.geodezja.org.pl\/en\/product\/szkolenie-stacjonarne-nt-aktualizacja-panstwowego-zasobu-geodezyjnego-i-kartograficznego-w-zakresie-danych-dotyczacych-dzialek-ewidencyjnych-lodz-25-wrzesnia-2025r\/","title":{"rendered":"Szkolenie stacjonarne nt:\u00a0\u201eAktualizacja pa\u0144stwowego zasobu geodezyjnego i kartograficznego w zakresie danych dotycz\u0105cych dzia\u0142ek ewidencyjnych&#8221;; \u0141\u00f3d\u017a; 25 wrze\u015bnia 2025r."},"content":{"rendered":"","protected":false},"excerpt":{"rendered":"","protected":false},"featured_media":0,"template":"","meta":[],"product_brand":[],"product_cat":[61,63],"product_tag":[],"class_list":{"0":"post-13411","1":"product","2":"type-product","3":"status-publish","5":"product_cat-sklep","6":"product_cat-konferencje","8":"first","9":"instock","10":"shipping-taxable","11":"purchasable","12":"product-type-variable"},"_links":{"self":[{"href":"https:\/\/sgp.geodezja.org.pl\/en\/wp-json\/wp\/v2\/product\/13411","targetHints":{"allow":["GET"]}}],"collection":[{"href":"https:\/\/sgp.geodezja.org.pl\/en\/wp-json\/wp\/v2\/product"}],"about":[{"href":"https:\/\/sgp.geodezja.org.pl\/en\/wp-json\/wp\/v2\/types\/product"}],"wp:attachment":[{"href":"https:\/\/sgp.geodezja.org.pl\/en\/wp-json\/wp\/v2\/media?parent=13411"}],"wp:term":[{"taxonomy":"product_brand","embeddable":true,"href":"https:\/\/sgp.geodezja.org.pl\/en\/wp-json\/wp\/v2\/product_brand?post=13411"},{"taxonomy":"product_cat","embeddable":true,"href":"https:\/\/sgp.geodezja.org.pl\/en\/wp-json\/wp\/v2\/product_cat?post=13411"},{"taxonomy":"product_tag","embeddable":true,"href":"https:\/\/sgp.geodezja.org.pl\/en\/wp-json\/wp\/v2\/product_tag?post=13411"}],"curies":[{"name":"wp","href":"https:\/\/api.w.org\/{rel}","templated":true}]}}