{"id":13447,"date":"2025-08-28T15:35:36","date_gmt":"2025-08-28T13:35:36","guid":{"rendered":"https:\/\/sgp.geodezja.org.pl\/?post_type=product&#038;p=13447"},"modified":"2025-08-28T15:36:07","modified_gmt":"2025-08-28T13:36:07","slug":"warsztat-stacjonarny-ai-bez-tajemnic-proste-narzedzia-ktore-zrobia-czesc-pracy-za-ciebie-warszawa-8-pazdziernika-2025r","status":"publish","type":"product","link":"https:\/\/sgp.geodezja.org.pl\/en\/product\/warsztat-stacjonarny-ai-bez-tajemnic-proste-narzedzia-ktore-zrobia-czesc-pracy-za-ciebie-warszawa-8-pazdziernika-2025r\/","title":{"rendered":"Warsztat stacjonarny: &#8222;AI bez tajemnic \u2013 proste narz\u0119dzia, kt\u00f3re zrobi\u0105 cz\u0119\u015b\u0107 pracy za Ciebie&#8221;; Warszawa; 8 pa\u017adziernika 2025r."},"content":{"rendered":"","protected":false},"excerpt":{"rendered":"","protected":false},"featured_media":0,"template":"","meta":[],"product_brand":[],"product_cat":[61,63],"product_tag":[],"class_list":{"0":"post-13447","1":"product","2":"type-product","3":"status-publish","5":"product_cat-sklep","6":"product_cat-konferencje","8":"first","9":"instock","10":"shipping-taxable","11":"purchasable","12":"product-type-variable"},"_links":{"self":[{"href":"https:\/\/sgp.geodezja.org.pl\/en\/wp-json\/wp\/v2\/product\/13447","targetHints":{"allow":["GET"]}}],"collection":[{"href":"https:\/\/sgp.geodezja.org.pl\/en\/wp-json\/wp\/v2\/product"}],"about":[{"href":"https:\/\/sgp.geodezja.org.pl\/en\/wp-json\/wp\/v2\/types\/product"}],"wp:attachment":[{"href":"https:\/\/sgp.geodezja.org.pl\/en\/wp-json\/wp\/v2\/media?parent=13447"}],"wp:term":[{"taxonomy":"product_brand","embeddable":true,"href":"https:\/\/sgp.geodezja.org.pl\/en\/wp-json\/wp\/v2\/product_brand?post=13447"},{"taxonomy":"product_cat","embeddable":true,"href":"https:\/\/sgp.geodezja.org.pl\/en\/wp-json\/wp\/v2\/product_cat?post=13447"},{"taxonomy":"product_tag","embeddable":true,"href":"https:\/\/sgp.geodezja.org.pl\/en\/wp-json\/wp\/v2\/product_tag?post=13447"}],"curies":[{"name":"wp","href":"https:\/\/api.w.org\/{rel}","templated":true}]}}