{"id":13726,"date":"2025-10-06T14:54:40","date_gmt":"2025-10-06T12:54:40","guid":{"rendered":"https:\/\/sgp.geodezja.org.pl\/?post_type=product&#038;p=13726"},"modified":"2025-10-06T14:54:40","modified_gmt":"2025-10-06T12:54:40","slug":"szkolenie-stacjonarne-geodezyjna-obsluga-inwestycji-w-szczegolnosci-mapy-do-celow-projektowych-mdcp-i-geodezyjna-inwentaryzacja-powykonawcza-gdansk-1-grudnia-2025r","status":"publish","type":"product","link":"https:\/\/sgp.geodezja.org.pl\/en\/product\/szkolenie-stacjonarne-geodezyjna-obsluga-inwestycji-w-szczegolnosci-mapy-do-celow-projektowych-mdcp-i-geodezyjna-inwentaryzacja-powykonawcza-gdansk-1-grudnia-2025r\/","title":{"rendered":"Szkolenie stacjonarne: \u201eGeodezyjna obs\u0142uga inwestycji, w szczeg\u00f3lno\u015bci mapy do cel\u00f3w projektowych (MdCP) i geodezyjna inwentaryzacja powykonawcza.\u201d; Gda\u0144sk; 1 grudnia 2025r."},"content":{"rendered":"","protected":false},"excerpt":{"rendered":"","protected":false},"featured_media":0,"template":"","meta":[],"product_brand":[],"product_cat":[61,63],"product_tag":[],"class_list":{"0":"post-13726","1":"product","2":"type-product","3":"status-publish","5":"product_cat-sklep","6":"product_cat-konferencje","8":"first","9":"instock","10":"shipping-taxable","11":"purchasable","12":"product-type-variable"},"_links":{"self":[{"href":"https:\/\/sgp.geodezja.org.pl\/en\/wp-json\/wp\/v2\/product\/13726","targetHints":{"allow":["GET"]}}],"collection":[{"href":"https:\/\/sgp.geodezja.org.pl\/en\/wp-json\/wp\/v2\/product"}],"about":[{"href":"https:\/\/sgp.geodezja.org.pl\/en\/wp-json\/wp\/v2\/types\/product"}],"wp:attachment":[{"href":"https:\/\/sgp.geodezja.org.pl\/en\/wp-json\/wp\/v2\/media?parent=13726"}],"wp:term":[{"taxonomy":"product_brand","embeddable":true,"href":"https:\/\/sgp.geodezja.org.pl\/en\/wp-json\/wp\/v2\/product_brand?post=13726"},{"taxonomy":"product_cat","embeddable":true,"href":"https:\/\/sgp.geodezja.org.pl\/en\/wp-json\/wp\/v2\/product_cat?post=13726"},{"taxonomy":"product_tag","embeddable":true,"href":"https:\/\/sgp.geodezja.org.pl\/en\/wp-json\/wp\/v2\/product_tag?post=13726"}],"curies":[{"name":"wp","href":"https:\/\/api.w.org\/{rel}","templated":true}]}}