{"id":13758,"date":"2025-10-13T15:55:14","date_gmt":"2025-10-13T13:55:14","guid":{"rendered":"https:\/\/sgp.geodezja.org.pl\/?post_type=product&#038;p=13758"},"modified":"2025-10-13T15:55:14","modified_gmt":"2025-10-13T13:55:14","slug":"szkolenie-stacjonarne-podzialy-nieruchomosci-oraz-polaczenia-dzialek-ewidencyjnych-w-swietle-obowiazujacych-przepisow-prawa-i-aktualnego-orzecznictwa-sadowo-administracyjnego-koszalin-27-pazd","status":"publish","type":"product","link":"https:\/\/sgp.geodezja.org.pl\/en\/product\/szkolenie-stacjonarne-podzialy-nieruchomosci-oraz-polaczenia-dzialek-ewidencyjnych-w-swietle-obowiazujacych-przepisow-prawa-i-aktualnego-orzecznictwa-sadowo-administracyjnego-koszalin-27-pazd\/","title":{"rendered":"Szkolenie stacjonarne: &#8222;Podzia\u0142y nieruchomo\u015bci oraz po\u0142\u0105czenia dzia\u0142ek ewidencyjnych w \u015bwietle obowi\u0105zuj\u0105cych przepis\u00f3w prawa i aktualnego orzecznictwa s\u0105dowo &#8211; administracyjnego&#8221;; Koszalin; 27 pa\u017adziernika"},"content":{"rendered":"","protected":false},"excerpt":{"rendered":"","protected":false},"featured_media":0,"template":"","meta":[],"product_brand":[],"product_cat":[61,63],"product_tag":[],"class_list":{"0":"post-13758","1":"product","2":"type-product","3":"status-publish","5":"product_cat-sklep","6":"product_cat-konferencje","8":"first","9":"instock","10":"shipping-taxable","11":"purchasable","12":"product-type-variable"},"_links":{"self":[{"href":"https:\/\/sgp.geodezja.org.pl\/en\/wp-json\/wp\/v2\/product\/13758","targetHints":{"allow":["GET"]}}],"collection":[{"href":"https:\/\/sgp.geodezja.org.pl\/en\/wp-json\/wp\/v2\/product"}],"about":[{"href":"https:\/\/sgp.geodezja.org.pl\/en\/wp-json\/wp\/v2\/types\/product"}],"wp:attachment":[{"href":"https:\/\/sgp.geodezja.org.pl\/en\/wp-json\/wp\/v2\/media?parent=13758"}],"wp:term":[{"taxonomy":"product_brand","embeddable":true,"href":"https:\/\/sgp.geodezja.org.pl\/en\/wp-json\/wp\/v2\/product_brand?post=13758"},{"taxonomy":"product_cat","embeddable":true,"href":"https:\/\/sgp.geodezja.org.pl\/en\/wp-json\/wp\/v2\/product_cat?post=13758"},{"taxonomy":"product_tag","embeddable":true,"href":"https:\/\/sgp.geodezja.org.pl\/en\/wp-json\/wp\/v2\/product_tag?post=13758"}],"curies":[{"name":"wp","href":"https:\/\/api.w.org\/{rel}","templated":true}]}}