{"id":13784,"date":"2025-10-16T14:59:10","date_gmt":"2025-10-16T12:59:10","guid":{"rendered":"https:\/\/sgp.geodezja.org.pl\/?post_type=product&#038;p=13784"},"modified":"2025-10-16T14:59:10","modified_gmt":"2025-10-16T12:59:10","slug":"konferencja-porozmawiajmy-o-przyszlosci-80-lat-sgp-o-lodz-lodz-7-listopada-2025r","status":"publish","type":"product","link":"https:\/\/sgp.geodezja.org.pl\/en\/product\/konferencja-porozmawiajmy-o-przyszlosci-80-lat-sgp-o-lodz-lodz-7-listopada-2025r\/","title":{"rendered":"Konferencja \u201ePorozmawiajmy o przysz\u0142o\u015bci?! \u2013 80 lat SGP O\/\u0141\u00f3d\u017a\u201d; \u0141\u00f3d\u017a; 7 listopada 2025r."},"content":{"rendered":"","protected":false},"excerpt":{"rendered":"","protected":false},"featured_media":0,"template":"","meta":[],"product_brand":[],"product_cat":[61,63],"product_tag":[],"class_list":{"0":"post-13784","1":"product","2":"type-product","3":"status-publish","5":"product_cat-sklep","6":"product_cat-konferencje","8":"first","9":"instock","10":"shipping-taxable","11":"purchasable","12":"product-type-variable"},"_links":{"self":[{"href":"https:\/\/sgp.geodezja.org.pl\/en\/wp-json\/wp\/v2\/product\/13784","targetHints":{"allow":["GET"]}}],"collection":[{"href":"https:\/\/sgp.geodezja.org.pl\/en\/wp-json\/wp\/v2\/product"}],"about":[{"href":"https:\/\/sgp.geodezja.org.pl\/en\/wp-json\/wp\/v2\/types\/product"}],"wp:attachment":[{"href":"https:\/\/sgp.geodezja.org.pl\/en\/wp-json\/wp\/v2\/media?parent=13784"}],"wp:term":[{"taxonomy":"product_brand","embeddable":true,"href":"https:\/\/sgp.geodezja.org.pl\/en\/wp-json\/wp\/v2\/product_brand?post=13784"},{"taxonomy":"product_cat","embeddable":true,"href":"https:\/\/sgp.geodezja.org.pl\/en\/wp-json\/wp\/v2\/product_cat?post=13784"},{"taxonomy":"product_tag","embeddable":true,"href":"https:\/\/sgp.geodezja.org.pl\/en\/wp-json\/wp\/v2\/product_tag?post=13784"}],"curies":[{"name":"wp","href":"https:\/\/api.w.org\/{rel}","templated":true}]}}