{"id":13813,"date":"2025-10-23T14:08:06","date_gmt":"2025-10-23T12:08:06","guid":{"rendered":"https:\/\/sgp.geodezja.org.pl\/?post_type=product&#038;p=13813"},"modified":"2025-10-23T14:36:48","modified_gmt":"2025-10-23T12:36:48","slug":"seminarium-stacjonarne-ocena-oddzialywania-na-srodowisko-inwestycji-zwiazanych-z-rozwojem-obszarow-wiejskich-w-tym-scalen-gruntow-wraz-z-zagospodarowaniem-poscaleniowym-interwencja-i-10","status":"publish","type":"product","link":"https:\/\/sgp.geodezja.org.pl\/en\/product\/seminarium-stacjonarne-ocena-oddzialywania-na-srodowisko-inwestycji-zwiazanych-z-rozwojem-obszarow-wiejskich-w-tym-scalen-gruntow-wraz-z-zagospodarowaniem-poscaleniowym-interwencja-i-10\/","title":{"rendered":"Seminarium stacjonarne &#8222;Ocena oddzia\u0142ywania na \u015brodowisko inwestycji zwi\u0105zanych z rozwojem obszar\u00f3w wiejskich, w tym scale\u0144 grunt\u00f3w wraz z zagospodarowaniem poscaleniowym\u201d  &#8211; Interwencja I.10.08, realizowanych w ramach Planu Strategicznego dla Wsp\u00f3lnej Polityki Rolnej na lata 2023-2027; Warszawa; 18 listopada 2025r."},"content":{"rendered":"","protected":false},"excerpt":{"rendered":"","protected":false},"featured_media":0,"template":"","meta":[],"product_brand":[],"product_cat":[61,63],"product_tag":[],"class_list":{"0":"post-13813","1":"product","2":"type-product","3":"status-publish","5":"product_cat-sklep","6":"product_cat-konferencje","8":"first","9":"instock","10":"shipping-taxable","11":"purchasable","12":"product-type-variable"},"_links":{"self":[{"href":"https:\/\/sgp.geodezja.org.pl\/en\/wp-json\/wp\/v2\/product\/13813","targetHints":{"allow":["GET"]}}],"collection":[{"href":"https:\/\/sgp.geodezja.org.pl\/en\/wp-json\/wp\/v2\/product"}],"about":[{"href":"https:\/\/sgp.geodezja.org.pl\/en\/wp-json\/wp\/v2\/types\/product"}],"wp:attachment":[{"href":"https:\/\/sgp.geodezja.org.pl\/en\/wp-json\/wp\/v2\/media?parent=13813"}],"wp:term":[{"taxonomy":"product_brand","embeddable":true,"href":"https:\/\/sgp.geodezja.org.pl\/en\/wp-json\/wp\/v2\/product_brand?post=13813"},{"taxonomy":"product_cat","embeddable":true,"href":"https:\/\/sgp.geodezja.org.pl\/en\/wp-json\/wp\/v2\/product_cat?post=13813"},{"taxonomy":"product_tag","embeddable":true,"href":"https:\/\/sgp.geodezja.org.pl\/en\/wp-json\/wp\/v2\/product_tag?post=13813"}],"curies":[{"name":"wp","href":"https:\/\/api.w.org\/{rel}","templated":true}]}}