{"id":13835,"date":"2025-10-24T08:25:13","date_gmt":"2025-10-24T06:25:13","guid":{"rendered":"https:\/\/sgp.geodezja.org.pl\/?post_type=product&#038;p=13835"},"modified":"2025-10-24T08:26:10","modified_gmt":"2025-10-24T06:26:10","slug":"szkolenie-online-wznowienie-znakow-granicznych-wyznaczenie-punktow-granicznych-ustalenie-granic-podzialy-nieruchomosci-aktualizacja-ewidencji-gruntow-i-budynkow-w-przepisach-pr","status":"publish","type":"product","link":"https:\/\/sgp.geodezja.org.pl\/en\/product\/szkolenie-online-wznowienie-znakow-granicznych-wyznaczenie-punktow-granicznych-ustalenie-granic-podzialy-nieruchomosci-aktualizacja-ewidencji-gruntow-i-budynkow-w-przepisach-pr\/","title":{"rendered":"Szkolenie online: \u201eWznowienie znak\u00f3w granicznych, wyznaczenie punkt\u00f3w granicznych, ustalenie granic, podzia\u0142y nieruchomo\u015bci, aktualizacja ewidencji grunt\u00f3w i budynk\u00f3w \u2013 w przepisach prawnych, orzecznictwie i protoko\u0142ach weryfikacji\u201d.; 18 listopada 2025\u00a0r."},"content":{"rendered":"","protected":false},"excerpt":{"rendered":"","protected":false},"featured_media":0,"template":"","meta":[],"product_brand":[],"product_cat":[61,63],"product_tag":[],"class_list":{"0":"post-13835","1":"product","2":"type-product","3":"status-publish","5":"product_cat-sklep","6":"product_cat-konferencje","8":"first","9":"instock","10":"shipping-taxable","11":"purchasable","12":"product-type-variable"},"_links":{"self":[{"href":"https:\/\/sgp.geodezja.org.pl\/en\/wp-json\/wp\/v2\/product\/13835","targetHints":{"allow":["GET"]}}],"collection":[{"href":"https:\/\/sgp.geodezja.org.pl\/en\/wp-json\/wp\/v2\/product"}],"about":[{"href":"https:\/\/sgp.geodezja.org.pl\/en\/wp-json\/wp\/v2\/types\/product"}],"wp:attachment":[{"href":"https:\/\/sgp.geodezja.org.pl\/en\/wp-json\/wp\/v2\/media?parent=13835"}],"wp:term":[{"taxonomy":"product_brand","embeddable":true,"href":"https:\/\/sgp.geodezja.org.pl\/en\/wp-json\/wp\/v2\/product_brand?post=13835"},{"taxonomy":"product_cat","embeddable":true,"href":"https:\/\/sgp.geodezja.org.pl\/en\/wp-json\/wp\/v2\/product_cat?post=13835"},{"taxonomy":"product_tag","embeddable":true,"href":"https:\/\/sgp.geodezja.org.pl\/en\/wp-json\/wp\/v2\/product_tag?post=13835"}],"curies":[{"name":"wp","href":"https:\/\/api.w.org\/{rel}","templated":true}]}}