{"id":13845,"date":"2025-10-24T09:01:32","date_gmt":"2025-10-24T07:01:32","guid":{"rendered":"https:\/\/sgp.geodezja.org.pl\/?post_type=product&#038;p=13845"},"modified":"2025-10-24T09:01:32","modified_gmt":"2025-10-24T07:01:32","slug":"szkolenie-online-operat-techniczny-wykonawstwo-i-weryfikacja-wynikow-prac-geodezyjnych-z-zakresu-2-uprawnien-zawodowych-obowiazujace-przepisy-prawa-aktualne-orzecznictwo-sadowo-adminis-2","status":"publish","type":"product","link":"https:\/\/sgp.geodezja.org.pl\/en\/product\/szkolenie-online-operat-techniczny-wykonawstwo-i-weryfikacja-wynikow-prac-geodezyjnych-z-zakresu-2-uprawnien-zawodowych-obowiazujace-przepisy-prawa-aktualne-orzecznictwo-sadowo-adminis-2\/","title":{"rendered":"Szkolenie online: \u201eOperat techniczny, wykonawstwo i weryfikacja wynik\u00f3w prac geodezyjnych z zakresu 2 uprawnie\u0144 zawodowych &#8211; obowi\u0105zuj\u0105ce przepisy prawa, aktualne orzecznictwo s\u0105dowo &#8211; administracyjne oraz przyk\u0142ady praktyczne\u201d; 3 grudnia 2025\u00a0r."},"content":{"rendered":"","protected":false},"excerpt":{"rendered":"","protected":false},"featured_media":0,"template":"","meta":[],"product_brand":[],"product_cat":[61,63],"product_tag":[],"class_list":{"0":"post-13845","1":"product","2":"type-product","3":"status-publish","5":"product_cat-sklep","6":"product_cat-konferencje","8":"first","9":"instock","10":"shipping-taxable","11":"purchasable","12":"product-type-variable"},"_links":{"self":[{"href":"https:\/\/sgp.geodezja.org.pl\/en\/wp-json\/wp\/v2\/product\/13845","targetHints":{"allow":["GET"]}}],"collection":[{"href":"https:\/\/sgp.geodezja.org.pl\/en\/wp-json\/wp\/v2\/product"}],"about":[{"href":"https:\/\/sgp.geodezja.org.pl\/en\/wp-json\/wp\/v2\/types\/product"}],"wp:attachment":[{"href":"https:\/\/sgp.geodezja.org.pl\/en\/wp-json\/wp\/v2\/media?parent=13845"}],"wp:term":[{"taxonomy":"product_brand","embeddable":true,"href":"https:\/\/sgp.geodezja.org.pl\/en\/wp-json\/wp\/v2\/product_brand?post=13845"},{"taxonomy":"product_cat","embeddable":true,"href":"https:\/\/sgp.geodezja.org.pl\/en\/wp-json\/wp\/v2\/product_cat?post=13845"},{"taxonomy":"product_tag","embeddable":true,"href":"https:\/\/sgp.geodezja.org.pl\/en\/wp-json\/wp\/v2\/product_tag?post=13845"}],"curies":[{"name":"wp","href":"https:\/\/api.w.org\/{rel}","templated":true}]}}