{"id":14028,"date":"2025-11-21T09:26:27","date_gmt":"2025-11-21T08:26:27","guid":{"rendered":"https:\/\/sgp.geodezja.org.pl\/?post_type=product&#038;p=14028"},"modified":"2025-11-21T09:26:27","modified_gmt":"2025-11-21T08:26:27","slug":"szkolenie-stacjonarne-geodezyjna-obsluga-procesu-inwestycyjnego-w-szczegolnosci-opracowanie-mapy-do-celow-projektowych-mdcp-i-inwentaryzacja-powykonawcza-wraz-ze-sporzadzeniem-dokumentacj","status":"publish","type":"product","link":"https:\/\/sgp.geodezja.org.pl\/en\/product\/szkolenie-stacjonarne-geodezyjna-obsluga-procesu-inwestycyjnego-w-szczegolnosci-opracowanie-mapy-do-celow-projektowych-mdcp-i-inwentaryzacja-powykonawcza-wraz-ze-sporzadzeniem-dokumentacj\/","title":{"rendered":"Szkolenie stacjonarne: \u201eGeodezyjna obs\u0142uga procesu inwestycyjnego, w szczeg\u00f3lno\u015bci opracowanie mapy do cel\u00f3w projektowych (MdCP) i inwentaryzacja powykonawcza wraz ze sporz\u0105dzeniem dokumentacji niezb\u0119dnej do aktualizacji baz danych PZGiK\u201d.; Kielce; 11 grudnia 2025 r.;"},"content":{"rendered":"","protected":false},"excerpt":{"rendered":"","protected":false},"featured_media":0,"template":"","meta":[],"product_brand":[],"product_cat":[61,63],"product_tag":[],"class_list":{"0":"post-14028","1":"product","2":"type-product","3":"status-publish","5":"product_cat-sklep","6":"product_cat-konferencje","8":"first","9":"instock","10":"shipping-taxable","11":"purchasable","12":"product-type-variable"},"_links":{"self":[{"href":"https:\/\/sgp.geodezja.org.pl\/en\/wp-json\/wp\/v2\/product\/14028","targetHints":{"allow":["GET"]}}],"collection":[{"href":"https:\/\/sgp.geodezja.org.pl\/en\/wp-json\/wp\/v2\/product"}],"about":[{"href":"https:\/\/sgp.geodezja.org.pl\/en\/wp-json\/wp\/v2\/types\/product"}],"wp:attachment":[{"href":"https:\/\/sgp.geodezja.org.pl\/en\/wp-json\/wp\/v2\/media?parent=14028"}],"wp:term":[{"taxonomy":"product_brand","embeddable":true,"href":"https:\/\/sgp.geodezja.org.pl\/en\/wp-json\/wp\/v2\/product_brand?post=14028"},{"taxonomy":"product_cat","embeddable":true,"href":"https:\/\/sgp.geodezja.org.pl\/en\/wp-json\/wp\/v2\/product_cat?post=14028"},{"taxonomy":"product_tag","embeddable":true,"href":"https:\/\/sgp.geodezja.org.pl\/en\/wp-json\/wp\/v2\/product_tag?post=14028"}],"curies":[{"name":"wp","href":"https:\/\/api.w.org\/{rel}","templated":true}]}}