{"id":14454,"date":"2026-01-27T12:05:52","date_gmt":"2026-01-27T11:05:52","guid":{"rendered":"https:\/\/sgp.geodezja.org.pl\/?post_type=product&#038;p=14454"},"modified":"2026-01-27T12:12:11","modified_gmt":"2026-01-27T11:12:11","slug":"szkolenie-online-badania-stanow-prawnych-rozgraniczanie-i-podzialy-nieruchomosci-prawo-orzecznictwo-i-praktyka-12-marca-2026-r","status":"publish","type":"product","link":"https:\/\/sgp.geodezja.org.pl\/en\/product\/szkolenie-online-badania-stanow-prawnych-rozgraniczanie-i-podzialy-nieruchomosci-prawo-orzecznictwo-i-praktyka-12-marca-2026-r\/","title":{"rendered":"Szkolenie online: \u201eBadania stan\u00f3w prawnych, rozgraniczanie i podzia\u0142y nieruchomo\u015bci  \u2013 prawo, orzecznictwo i praktyka\u201d; 12 marca 2026 r."},"content":{"rendered":"","protected":false},"excerpt":{"rendered":"","protected":false},"featured_media":0,"template":"","meta":[],"product_brand":[],"product_cat":[61,63],"product_tag":[],"class_list":{"0":"post-14454","1":"product","2":"type-product","3":"status-publish","5":"product_cat-sklep","6":"product_cat-konferencje","8":"first","9":"instock","10":"shipping-taxable","11":"purchasable","12":"product-type-variable"},"_links":{"self":[{"href":"https:\/\/sgp.geodezja.org.pl\/en\/wp-json\/wp\/v2\/product\/14454","targetHints":{"allow":["GET"]}}],"collection":[{"href":"https:\/\/sgp.geodezja.org.pl\/en\/wp-json\/wp\/v2\/product"}],"about":[{"href":"https:\/\/sgp.geodezja.org.pl\/en\/wp-json\/wp\/v2\/types\/product"}],"wp:attachment":[{"href":"https:\/\/sgp.geodezja.org.pl\/en\/wp-json\/wp\/v2\/media?parent=14454"}],"wp:term":[{"taxonomy":"product_brand","embeddable":true,"href":"https:\/\/sgp.geodezja.org.pl\/en\/wp-json\/wp\/v2\/product_brand?post=14454"},{"taxonomy":"product_cat","embeddable":true,"href":"https:\/\/sgp.geodezja.org.pl\/en\/wp-json\/wp\/v2\/product_cat?post=14454"},{"taxonomy":"product_tag","embeddable":true,"href":"https:\/\/sgp.geodezja.org.pl\/en\/wp-json\/wp\/v2\/product_tag?post=14454"}],"curies":[{"name":"wp","href":"https:\/\/api.w.org\/{rel}","templated":true}]}}