{"id":14622,"date":"2026-02-18T09:18:26","date_gmt":"2026-02-18T08:18:26","guid":{"rendered":"https:\/\/sgp.geodezja.org.pl\/?post_type=product&#038;p=14622"},"modified":"2026-02-18T09:18:26","modified_gmt":"2026-02-18T08:18:26","slug":"szkolenie-online-modernizacja-ewidencji-gruntow-i-budynkow-co-moze-pojsc-nie-tak-bledy-i-ich-konsekwencje-oraz-wnioski-na-przyszlosc-19-marca-2026-r","status":"publish","type":"product","link":"https:\/\/sgp.geodezja.org.pl\/en\/product\/szkolenie-online-modernizacja-ewidencji-gruntow-i-budynkow-co-moze-pojsc-nie-tak-bledy-i-ich-konsekwencje-oraz-wnioski-na-przyszlosc-19-marca-2026-r\/","title":{"rendered":"Szkolenie online: \u201eModernizacja ewidencji grunt\u00f3w i budynk\u00f3w &#8211; co mo\u017ce p\u00f3j\u015b\u0107 nie tak?  B\u0142\u0119dy i ich konsekwencje oraz wnioski na przysz\u0142o\u015b\u0107.\u201d; 19 marca 2026\u00a0r."},"content":{"rendered":"","protected":false},"excerpt":{"rendered":"","protected":false},"featured_media":0,"template":"","meta":[],"product_brand":[],"product_cat":[61,63],"product_tag":[],"class_list":{"0":"post-14622","1":"product","2":"type-product","3":"status-publish","5":"product_cat-sklep","6":"product_cat-konferencje","8":"first","9":"instock","10":"shipping-taxable","11":"purchasable","12":"product-type-variable"},"_links":{"self":[{"href":"https:\/\/sgp.geodezja.org.pl\/en\/wp-json\/wp\/v2\/product\/14622","targetHints":{"allow":["GET"]}}],"collection":[{"href":"https:\/\/sgp.geodezja.org.pl\/en\/wp-json\/wp\/v2\/product"}],"about":[{"href":"https:\/\/sgp.geodezja.org.pl\/en\/wp-json\/wp\/v2\/types\/product"}],"wp:attachment":[{"href":"https:\/\/sgp.geodezja.org.pl\/en\/wp-json\/wp\/v2\/media?parent=14622"}],"wp:term":[{"taxonomy":"product_brand","embeddable":true,"href":"https:\/\/sgp.geodezja.org.pl\/en\/wp-json\/wp\/v2\/product_brand?post=14622"},{"taxonomy":"product_cat","embeddable":true,"href":"https:\/\/sgp.geodezja.org.pl\/en\/wp-json\/wp\/v2\/product_cat?post=14622"},{"taxonomy":"product_tag","embeddable":true,"href":"https:\/\/sgp.geodezja.org.pl\/en\/wp-json\/wp\/v2\/product_tag?post=14622"}],"curies":[{"name":"wp","href":"https:\/\/api.w.org\/{rel}","templated":true}]}}