{"id":14628,"date":"2026-02-18T14:10:19","date_gmt":"2026-02-18T13:10:19","guid":{"rendered":"https:\/\/sgp.geodezja.org.pl\/?post_type=product&#038;p=14628"},"modified":"2026-02-18T14:11:22","modified_gmt":"2026-02-18T13:11:22","slug":"szkolenie-online-uzytki-gruntowe-u-starosty-w-opracowaniach-geodezyjnych-i-modernizacji-egib-wylaczenie-gruntow-z-produkcji-rolniczej-i-lesnej-w-tym-w-kontekscie-planow-ogolnych-gminy-os","status":"publish","type":"product","link":"https:\/\/sgp.geodezja.org.pl\/en\/product\/szkolenie-online-uzytki-gruntowe-u-starosty-w-opracowaniach-geodezyjnych-i-modernizacji-egib-wylaczenie-gruntow-z-produkcji-rolniczej-i-lesnej-w-tym-w-kontekscie-planow-ogolnych-gminy-os\/","title":{"rendered":"Szkolenie online: \u201eU\u017cytki gruntowe u starosty, w opracowaniach geodezyjnych i modernizacji egib. Wy\u0142\u0105czenie grunt\u00f3w z produkcji rolniczej i le\u015bnej, w tym w kontek\u015bcie plan\u00f3w og\u00f3lnych gminy. Ostatnie zmiany w przepisach w tym zakresie i najnowsze orzecznictwo.\u201d; 24 lutego 2026 r."},"content":{"rendered":"","protected":false},"excerpt":{"rendered":"","protected":false},"featured_media":0,"template":"","meta":[],"product_brand":[],"product_cat":[61,63],"product_tag":[],"class_list":{"0":"post-14628","1":"product","2":"type-product","3":"status-publish","5":"product_cat-sklep","6":"product_cat-konferencje","8":"first","9":"instock","10":"shipping-taxable","11":"purchasable","12":"product-type-variable"},"_links":{"self":[{"href":"https:\/\/sgp.geodezja.org.pl\/en\/wp-json\/wp\/v2\/product\/14628","targetHints":{"allow":["GET"]}}],"collection":[{"href":"https:\/\/sgp.geodezja.org.pl\/en\/wp-json\/wp\/v2\/product"}],"about":[{"href":"https:\/\/sgp.geodezja.org.pl\/en\/wp-json\/wp\/v2\/types\/product"}],"wp:attachment":[{"href":"https:\/\/sgp.geodezja.org.pl\/en\/wp-json\/wp\/v2\/media?parent=14628"}],"wp:term":[{"taxonomy":"product_brand","embeddable":true,"href":"https:\/\/sgp.geodezja.org.pl\/en\/wp-json\/wp\/v2\/product_brand?post=14628"},{"taxonomy":"product_cat","embeddable":true,"href":"https:\/\/sgp.geodezja.org.pl\/en\/wp-json\/wp\/v2\/product_cat?post=14628"},{"taxonomy":"product_tag","embeddable":true,"href":"https:\/\/sgp.geodezja.org.pl\/en\/wp-json\/wp\/v2\/product_tag?post=14628"}],"curies":[{"name":"wp","href":"https:\/\/api.w.org\/{rel}","templated":true}]}}