{"id":14676,"date":"2026-02-23T13:35:30","date_gmt":"2026-02-23T12:35:30","guid":{"rendered":"https:\/\/sgp.geodezja.org.pl\/?post_type=product&#038;p=14676"},"modified":"2026-02-23T13:35:30","modified_gmt":"2026-02-23T12:35:30","slug":"26-kaliska-konferencja-naukowo-techniczna-na-temat-kataster-jako-fundament-wiarygodnej-informacji-przestrzennej-od-rejestru-do-uslug-pod-patronatem-pana-andrzeja-zylisa-g","status":"publish","type":"product","link":"https:\/\/sgp.geodezja.org.pl\/en\/product\/26-kaliska-konferencja-naukowo-techniczna-na-temat-kataster-jako-fundament-wiarygodnej-informacji-przestrzennej-od-rejestru-do-uslug-pod-patronatem-pana-andrzeja-zylisa-g\/","title":{"rendered":"26 KALISKA KONFERENCJA NAUKOWO \u2013 TECHNICZNA na temat: \u201eKataster jako fundament wiarygodnej informacji przestrzennej: od rejestru do us\u0142ug\u201d pod patronatem Pana Andrzeja \u017bylisa G\u0142\u00f3wnego Geodety Kraju ; Ostr\u00f3w Wielkopolski; 16-17 kwietnia 2026r."},"content":{"rendered":"","protected":false},"excerpt":{"rendered":"","protected":false},"featured_media":0,"template":"","meta":[],"product_brand":[],"product_cat":[61,63],"product_tag":[],"class_list":{"0":"post-14676","1":"product","2":"type-product","3":"status-publish","5":"product_cat-sklep","6":"product_cat-konferencje","8":"first","9":"instock","10":"shipping-taxable","11":"purchasable","12":"product-type-variable"},"_links":{"self":[{"href":"https:\/\/sgp.geodezja.org.pl\/en\/wp-json\/wp\/v2\/product\/14676","targetHints":{"allow":["GET"]}}],"collection":[{"href":"https:\/\/sgp.geodezja.org.pl\/en\/wp-json\/wp\/v2\/product"}],"about":[{"href":"https:\/\/sgp.geodezja.org.pl\/en\/wp-json\/wp\/v2\/types\/product"}],"wp:attachment":[{"href":"https:\/\/sgp.geodezja.org.pl\/en\/wp-json\/wp\/v2\/media?parent=14676"}],"wp:term":[{"taxonomy":"product_brand","embeddable":true,"href":"https:\/\/sgp.geodezja.org.pl\/en\/wp-json\/wp\/v2\/product_brand?post=14676"},{"taxonomy":"product_cat","embeddable":true,"href":"https:\/\/sgp.geodezja.org.pl\/en\/wp-json\/wp\/v2\/product_cat?post=14676"},{"taxonomy":"product_tag","embeddable":true,"href":"https:\/\/sgp.geodezja.org.pl\/en\/wp-json\/wp\/v2\/product_tag?post=14676"}],"curies":[{"name":"wp","href":"https:\/\/api.w.org\/{rel}","templated":true}]}}