{"id":14716,"date":"2026-02-25T14:29:36","date_gmt":"2026-02-25T13:29:36","guid":{"rendered":"https:\/\/sgp.geodezja.org.pl\/?post_type=product&#038;p=14716"},"modified":"2026-02-25T14:29:48","modified_gmt":"2026-02-25T13:29:48","slug":"szkolenie-stacjonarne-nt-przeglad-wspolczesnych-rozwiazan-pomiarowych-oraz-zarzadzanie-danymi-przestrzennymi-uzyskanymi-wieloma-rodzajami-sensorow-oraz-iii-mistrzostwa-geodetow-w-golfie","status":"publish","type":"product","link":"https:\/\/sgp.geodezja.org.pl\/en\/product\/szkolenie-stacjonarne-nt-przeglad-wspolczesnych-rozwiazan-pomiarowych-oraz-zarzadzanie-danymi-przestrzennymi-uzyskanymi-wieloma-rodzajami-sensorow-oraz-iii-mistrzostwa-geodetow-w-golfie\/","title":{"rendered":"Szkolenie stacjonarne nt.: \u201ePrzegl\u0105d wsp\u00f3\u0142czesnych rozwi\u0105za\u0144 pomiarowych oraz zarz\u0105dzanie danymi przestrzennymi uzyskanymi wieloma rodzajami sensor\u00f3w&#8221; oraz  III Mistrzostwa Geodet\u00f3w w golfie; 9-10 czerwca 2026r."},"content":{"rendered":"","protected":false},"excerpt":{"rendered":"","protected":false},"featured_media":0,"template":"","meta":[],"product_brand":[],"product_cat":[61,63],"product_tag":[],"class_list":{"0":"post-14716","1":"product","2":"type-product","3":"status-publish","5":"product_cat-sklep","6":"product_cat-konferencje","8":"first","9":"instock","10":"shipping-taxable","11":"purchasable","12":"product-type-variable"},"_links":{"self":[{"href":"https:\/\/sgp.geodezja.org.pl\/en\/wp-json\/wp\/v2\/product\/14716","targetHints":{"allow":["GET"]}}],"collection":[{"href":"https:\/\/sgp.geodezja.org.pl\/en\/wp-json\/wp\/v2\/product"}],"about":[{"href":"https:\/\/sgp.geodezja.org.pl\/en\/wp-json\/wp\/v2\/types\/product"}],"wp:attachment":[{"href":"https:\/\/sgp.geodezja.org.pl\/en\/wp-json\/wp\/v2\/media?parent=14716"}],"wp:term":[{"taxonomy":"product_brand","embeddable":true,"href":"https:\/\/sgp.geodezja.org.pl\/en\/wp-json\/wp\/v2\/product_brand?post=14716"},{"taxonomy":"product_cat","embeddable":true,"href":"https:\/\/sgp.geodezja.org.pl\/en\/wp-json\/wp\/v2\/product_cat?post=14716"},{"taxonomy":"product_tag","embeddable":true,"href":"https:\/\/sgp.geodezja.org.pl\/en\/wp-json\/wp\/v2\/product_tag?post=14716"}],"curies":[{"name":"wp","href":"https:\/\/api.w.org\/{rel}","templated":true}]}}