{"id":14944,"date":"2026-03-24T11:12:32","date_gmt":"2026-03-24T10:12:32","guid":{"rendered":"https:\/\/sgp.geodezja.org.pl\/?post_type=product&#038;p=14944"},"modified":"2026-03-24T11:50:43","modified_gmt":"2026-03-24T10:50:43","slug":"szkolenie-online-weryfikacja-wynikow-zgloszonych-prac-geodezyjnych-w-przepisach-prawnych-orzecznictwie-oraz-w-praktyce-tj-w-protokolach-weryfikacji-prac-z-zakresu-1-i-2-14-kwiet","status":"publish","type":"product","link":"https:\/\/sgp.geodezja.org.pl\/en\/product\/szkolenie-online-weryfikacja-wynikow-zgloszonych-prac-geodezyjnych-w-przepisach-prawnych-orzecznictwie-oraz-w-praktyce-tj-w-protokolach-weryfikacji-prac-z-zakresu-1-i-2-14-kwiet\/","title":{"rendered":"Szkolenie online: \u201eWeryfikacja wynik\u00f3w zg\u0142oszonych prac geodezyjnych w przepisach prawnych, orzecznictwie oraz w praktyce tj. w protoko\u0142ach weryfikacji prac z zakresu 1 i 2\u201d.; 14 kwietnia 2026 r."},"content":{"rendered":"","protected":false},"excerpt":{"rendered":"","protected":false},"featured_media":0,"template":"","meta":[],"product_brand":[],"product_cat":[61,63],"product_tag":[],"class_list":{"0":"post-14944","1":"product","2":"type-product","3":"status-publish","5":"product_cat-sklep","6":"product_cat-konferencje","8":"first","9":"instock","10":"shipping-taxable","11":"purchasable","12":"product-type-variable"},"_links":{"self":[{"href":"https:\/\/sgp.geodezja.org.pl\/en\/wp-json\/wp\/v2\/product\/14944","targetHints":{"allow":["GET"]}}],"collection":[{"href":"https:\/\/sgp.geodezja.org.pl\/en\/wp-json\/wp\/v2\/product"}],"about":[{"href":"https:\/\/sgp.geodezja.org.pl\/en\/wp-json\/wp\/v2\/types\/product"}],"wp:attachment":[{"href":"https:\/\/sgp.geodezja.org.pl\/en\/wp-json\/wp\/v2\/media?parent=14944"}],"wp:term":[{"taxonomy":"product_brand","embeddable":true,"href":"https:\/\/sgp.geodezja.org.pl\/en\/wp-json\/wp\/v2\/product_brand?post=14944"},{"taxonomy":"product_cat","embeddable":true,"href":"https:\/\/sgp.geodezja.org.pl\/en\/wp-json\/wp\/v2\/product_cat?post=14944"},{"taxonomy":"product_tag","embeddable":true,"href":"https:\/\/sgp.geodezja.org.pl\/en\/wp-json\/wp\/v2\/product_tag?post=14944"}],"curies":[{"name":"wp","href":"https:\/\/api.w.org\/{rel}","templated":true}]}}