{"id":14993,"date":"2026-03-27T13:21:24","date_gmt":"2026-03-27T12:21:24","guid":{"rendered":"https:\/\/sgp.geodezja.org.pl\/?post_type=product&#038;p=14993"},"modified":"2026-03-27T13:21:24","modified_gmt":"2026-03-27T12:21:24","slug":"szkolenie-online-podzialy-nieruchomosci-w-tym-w-kontekscie-planow-ogolnych-gmin-i-obszarow-uzupelnienia-zabudowy-przepisy-przejsciowe-2026-plan-ogolny-gminy-warunki-zabudowy-obszary-u","status":"publish","type":"product","link":"https:\/\/sgp.geodezja.org.pl\/en\/product\/szkolenie-online-podzialy-nieruchomosci-w-tym-w-kontekscie-planow-ogolnych-gmin-i-obszarow-uzupelnienia-zabudowy-przepisy-przejsciowe-2026-plan-ogolny-gminy-warunki-zabudowy-obszary-u\/","title":{"rendered":"Szkolenie online: \u201ePodzia\u0142y nieruchomo\u015bci, w tym w kontek\u015bcie plan\u00f3w og\u00f3lnych gmin i obszar\u00f3w uzupe\u0142nienia zabudowy Przepisy przej\u015bciowe 2026 | plan og\u00f3lny gminy | warunki zabudowy | obszary uzupe\u0142nienia zabudowy | najcz\u0119stsze b\u0142\u0119dy w podzia\u0142ach Podzia\u0142y w trybie s\u0105dowym, podzia\u0142y w celu zniesienia wsp\u00f3\u0142w\u0142asno\u015bci nieruchomo\u015bci zabudowane\u201d; 28 kwietnia 2026 r."},"content":{"rendered":"","protected":false},"excerpt":{"rendered":"","protected":false},"featured_media":0,"template":"","meta":[],"product_brand":[],"product_cat":[61,63],"product_tag":[],"class_list":{"0":"post-14993","1":"product","2":"type-product","3":"status-publish","5":"product_cat-sklep","6":"product_cat-konferencje","8":"first","9":"instock","10":"shipping-taxable","11":"purchasable","12":"product-type-variable"},"_links":{"self":[{"href":"https:\/\/sgp.geodezja.org.pl\/en\/wp-json\/wp\/v2\/product\/14993","targetHints":{"allow":["GET"]}}],"collection":[{"href":"https:\/\/sgp.geodezja.org.pl\/en\/wp-json\/wp\/v2\/product"}],"about":[{"href":"https:\/\/sgp.geodezja.org.pl\/en\/wp-json\/wp\/v2\/types\/product"}],"wp:attachment":[{"href":"https:\/\/sgp.geodezja.org.pl\/en\/wp-json\/wp\/v2\/media?parent=14993"}],"wp:term":[{"taxonomy":"product_brand","embeddable":true,"href":"https:\/\/sgp.geodezja.org.pl\/en\/wp-json\/wp\/v2\/product_brand?post=14993"},{"taxonomy":"product_cat","embeddable":true,"href":"https:\/\/sgp.geodezja.org.pl\/en\/wp-json\/wp\/v2\/product_cat?post=14993"},{"taxonomy":"product_tag","embeddable":true,"href":"https:\/\/sgp.geodezja.org.pl\/en\/wp-json\/wp\/v2\/product_tag?post=14993"}],"curies":[{"name":"wp","href":"https:\/\/api.w.org\/{rel}","templated":true}]}}