{"id":15310,"date":"2026-04-29T10:53:30","date_gmt":"2026-04-29T08:53:30","guid":{"rendered":"https:\/\/sgp.geodezja.org.pl\/?post_type=product&#038;p=15310"},"modified":"2026-04-29T10:53:31","modified_gmt":"2026-04-29T08:53:31","slug":"szkolenie-stacjonarne-warsztatowe-qgis-od-danych-do-opracowania-kartograficznego-lodz-22-maja-2026-r","status":"publish","type":"product","link":"https:\/\/sgp.geodezja.org.pl\/en\/product\/szkolenie-stacjonarne-warsztatowe-qgis-od-danych-do-opracowania-kartograficznego-lodz-22-maja-2026-r\/","title":{"rendered":"Szkolenie stacjonarne-warsztatowe: \u201eQGIS \u2013 od danych do opracowania kartograficznego\u201d; \u0141\u00f3d\u017a, 22 maja 2026\u00a0r."},"content":{"rendered":"","protected":false},"excerpt":{"rendered":"","protected":false},"featured_media":0,"template":"","meta":[],"product_brand":[],"product_cat":[61,63],"product_tag":[],"class_list":{"0":"post-15310","1":"product","2":"type-product","3":"status-publish","5":"product_cat-sklep","6":"product_cat-konferencje","8":"first","9":"instock","10":"shipping-taxable","11":"purchasable","12":"product-type-variable"},"_links":{"self":[{"href":"https:\/\/sgp.geodezja.org.pl\/en\/wp-json\/wp\/v2\/product\/15310","targetHints":{"allow":["GET"]}}],"collection":[{"href":"https:\/\/sgp.geodezja.org.pl\/en\/wp-json\/wp\/v2\/product"}],"about":[{"href":"https:\/\/sgp.geodezja.org.pl\/en\/wp-json\/wp\/v2\/types\/product"}],"wp:attachment":[{"href":"https:\/\/sgp.geodezja.org.pl\/en\/wp-json\/wp\/v2\/media?parent=15310"}],"wp:term":[{"taxonomy":"product_brand","embeddable":true,"href":"https:\/\/sgp.geodezja.org.pl\/en\/wp-json\/wp\/v2\/product_brand?post=15310"},{"taxonomy":"product_cat","embeddable":true,"href":"https:\/\/sgp.geodezja.org.pl\/en\/wp-json\/wp\/v2\/product_cat?post=15310"},{"taxonomy":"product_tag","embeddable":true,"href":"https:\/\/sgp.geodezja.org.pl\/en\/wp-json\/wp\/v2\/product_tag?post=15310"}],"curies":[{"name":"wp","href":"https:\/\/api.w.org\/{rel}","templated":true}]}}