{"id":15340,"date":"2026-05-07T11:21:19","date_gmt":"2026-05-07T09:21:19","guid":{"rendered":"https:\/\/sgp.geodezja.org.pl\/?post_type=product&#038;p=15340"},"modified":"2026-05-07T11:22:17","modified_gmt":"2026-05-07T09:22:17","slug":"szkolenie-online-prace-geodezyjne-z-zakresu-1-i-2-oraz-zwiazana-z-nimi-aktualizacja-ewidencji-gruntow-i-budynkow-wybrane-problemy-techniczno-prawne-orzecznictwo-studia-przypadkow","status":"publish","type":"product","link":"https:\/\/sgp.geodezja.org.pl\/en\/product\/szkolenie-online-prace-geodezyjne-z-zakresu-1-i-2-oraz-zwiazana-z-nimi-aktualizacja-ewidencji-gruntow-i-budynkow-wybrane-problemy-techniczno-prawne-orzecznictwo-studia-przypadkow\/","title":{"rendered":"Szkolenie online: \u201ePrace geodezyjne z zakresu 1 i 2 oraz zwi\u0105zana z nimi aktualizacja ewidencji grunt\u00f3w i budynk\u00f3w \u2013 wybrane problemy techniczno-prawne, orzecznictwo, studia przypadk\u00f3w\u201d; 27 maja 2026r.."},"content":{"rendered":"","protected":false},"excerpt":{"rendered":"","protected":false},"featured_media":0,"template":"","meta":[],"product_brand":[],"product_cat":[61,63],"product_tag":[],"class_list":{"0":"post-15340","1":"product","2":"type-product","3":"status-publish","5":"product_cat-sklep","6":"product_cat-konferencje","8":"first","9":"instock","10":"shipping-taxable","11":"purchasable","12":"product-type-variable"},"_links":{"self":[{"href":"https:\/\/sgp.geodezja.org.pl\/en\/wp-json\/wp\/v2\/product\/15340","targetHints":{"allow":["GET"]}}],"collection":[{"href":"https:\/\/sgp.geodezja.org.pl\/en\/wp-json\/wp\/v2\/product"}],"about":[{"href":"https:\/\/sgp.geodezja.org.pl\/en\/wp-json\/wp\/v2\/types\/product"}],"wp:attachment":[{"href":"https:\/\/sgp.geodezja.org.pl\/en\/wp-json\/wp\/v2\/media?parent=15340"}],"wp:term":[{"taxonomy":"product_brand","embeddable":true,"href":"https:\/\/sgp.geodezja.org.pl\/en\/wp-json\/wp\/v2\/product_brand?post=15340"},{"taxonomy":"product_cat","embeddable":true,"href":"https:\/\/sgp.geodezja.org.pl\/en\/wp-json\/wp\/v2\/product_cat?post=15340"},{"taxonomy":"product_tag","embeddable":true,"href":"https:\/\/sgp.geodezja.org.pl\/en\/wp-json\/wp\/v2\/product_tag?post=15340"}],"curies":[{"name":"wp","href":"https:\/\/api.w.org\/{rel}","templated":true}]}}