{"id":15417,"date":"2026-05-14T13:59:03","date_gmt":"2026-05-14T11:59:03","guid":{"rendered":"https:\/\/sgp.geodezja.org.pl\/?post_type=product&#038;p=15417"},"modified":"2026-05-14T13:59:03","modified_gmt":"2026-05-14T11:59:03","slug":"szkolenie-online-zasady-sporzadzania-dokumentacji-oraz-aktualizacja-baz-danych-panstwowego-zasobu-geodezyjnego-i-kartograficznego-w-zakresie-danych-dotyczacych-dzialek-ewidencyjnych","status":"publish","type":"product","link":"https:\/\/sgp.geodezja.org.pl\/en\/product\/szkolenie-online-zasady-sporzadzania-dokumentacji-oraz-aktualizacja-baz-danych-panstwowego-zasobu-geodezyjnego-i-kartograficznego-w-zakresie-danych-dotyczacych-dzialek-ewidencyjnych\/","title":{"rendered":"Szkolenie online: \u201eZasady sporz\u0105dzania dokumentacji oraz aktualizacja baz danych pa\u0144stwowego zasobu geodezyjnego i kartograficznego w zakresie danych dotycz\u0105cych dzia\u0142ek ewidencyjnych\u201d; 25 czerwca 2026r."},"content":{"rendered":"","protected":false},"excerpt":{"rendered":"","protected":false},"featured_media":0,"template":"","meta":[],"product_brand":[],"product_cat":[61,63],"product_tag":[],"class_list":{"0":"post-15417","1":"product","2":"type-product","3":"status-publish","5":"product_cat-sklep","6":"product_cat-konferencje","8":"first","9":"instock","10":"shipping-taxable","11":"purchasable","12":"product-type-variable"},"_links":{"self":[{"href":"https:\/\/sgp.geodezja.org.pl\/en\/wp-json\/wp\/v2\/product\/15417","targetHints":{"allow":["GET"]}}],"collection":[{"href":"https:\/\/sgp.geodezja.org.pl\/en\/wp-json\/wp\/v2\/product"}],"about":[{"href":"https:\/\/sgp.geodezja.org.pl\/en\/wp-json\/wp\/v2\/types\/product"}],"wp:attachment":[{"href":"https:\/\/sgp.geodezja.org.pl\/en\/wp-json\/wp\/v2\/media?parent=15417"}],"wp:term":[{"taxonomy":"product_brand","embeddable":true,"href":"https:\/\/sgp.geodezja.org.pl\/en\/wp-json\/wp\/v2\/product_brand?post=15417"},{"taxonomy":"product_cat","embeddable":true,"href":"https:\/\/sgp.geodezja.org.pl\/en\/wp-json\/wp\/v2\/product_cat?post=15417"},{"taxonomy":"product_tag","embeddable":true,"href":"https:\/\/sgp.geodezja.org.pl\/en\/wp-json\/wp\/v2\/product_tag?post=15417"}],"curies":[{"name":"wp","href":"https:\/\/api.w.org\/{rel}","templated":true}]}}