{"id":3655,"date":"2022-02-09T17:05:17","date_gmt":"2022-02-09T16:05:17","guid":{"rendered":"https:\/\/sgp.geodezja.org.pl\/?post_type=product&#038;p=3655"},"modified":"2022-02-09T17:05:35","modified_gmt":"2022-02-09T16:05:35","slug":"szkolenie-online-analiza-materialow-zasobu-geodezyjnego-i-kartograficznego-w-aspekcie-ich-przydatnosci-przy-rozgraniczaniu-nieruchomosci-wznawianiu-znakow-granicznych-wyznaczaniu","status":"publish","type":"product","link":"https:\/\/sgp.geodezja.org.pl\/en\/product\/szkolenie-online-analiza-materialow-zasobu-geodezyjnego-i-kartograficznego-w-aspekcie-ich-przydatnosci-przy-rozgraniczaniu-nieruchomosci-wznawianiu-znakow-granicznych-wyznaczaniu\/","title":{"rendered":"Szkolenie online: \u201eAnaliza materia\u0142\u00f3w zasobu geodezyjnego i kartograficznego w aspekcie ich przydatno\u015bci \u2013 przy rozgraniczaniu nieruchomo\u015bci, wznawianiu znak\u00f3w granicznych, wyznaczaniu punkt\u00f3w granicznych, ustalaniu przebiegu granic nieruchomo\u015bci oraz przy podziale nieruchomo\u015bci \u2013 w \u015bwietle znowelizowanych standard\u00f3w technicznych\u201d, 14 marca 2022 r."},"content":{"rendered":"","protected":false},"excerpt":{"rendered":"","protected":false},"featured_media":0,"template":"","meta":[],"product_brand":[],"product_cat":[63],"product_tag":[],"class_list":{"0":"post-3655","1":"product","2":"type-product","3":"status-publish","5":"product_cat-konferencje","7":"first","8":"instock","9":"shipping-taxable","10":"purchasable","11":"product-type-variable"},"_links":{"self":[{"href":"https:\/\/sgp.geodezja.org.pl\/en\/wp-json\/wp\/v2\/product\/3655","targetHints":{"allow":["GET"]}}],"collection":[{"href":"https:\/\/sgp.geodezja.org.pl\/en\/wp-json\/wp\/v2\/product"}],"about":[{"href":"https:\/\/sgp.geodezja.org.pl\/en\/wp-json\/wp\/v2\/types\/product"}],"wp:attachment":[{"href":"https:\/\/sgp.geodezja.org.pl\/en\/wp-json\/wp\/v2\/media?parent=3655"}],"wp:term":[{"taxonomy":"product_brand","embeddable":true,"href":"https:\/\/sgp.geodezja.org.pl\/en\/wp-json\/wp\/v2\/product_brand?post=3655"},{"taxonomy":"product_cat","embeddable":true,"href":"https:\/\/sgp.geodezja.org.pl\/en\/wp-json\/wp\/v2\/product_cat?post=3655"},{"taxonomy":"product_tag","embeddable":true,"href":"https:\/\/sgp.geodezja.org.pl\/en\/wp-json\/wp\/v2\/product_tag?post=3655"}],"curies":[{"name":"wp","href":"https:\/\/api.w.org\/{rel}","templated":true}]}}