{"id":4037,"date":"2022-04-12T19:03:54","date_gmt":"2022-04-12T17:03:54","guid":{"rendered":"https:\/\/sgp.geodezja.org.pl\/?post_type=product&#038;p=4037"},"modified":"2022-04-12T19:03:54","modified_gmt":"2022-04-12T17:03:54","slug":"szkolenie-online-uzytki-gruntowe-bp-b-ba-bi-w-pracach-geodezyjnych-uzytki-gruntowe-w-podzialach-nieruchomosci-oraz-inwentaryzacjach-powykonawczych-wylaczanie-gruntow-z-produkcji-rolnej","status":"publish","type":"product","link":"https:\/\/sgp.geodezja.org.pl\/en\/product\/szkolenie-online-uzytki-gruntowe-bp-b-ba-bi-w-pracach-geodezyjnych-uzytki-gruntowe-w-podzialach-nieruchomosci-oraz-inwentaryzacjach-powykonawczych-wylaczanie-gruntow-z-produkcji-rolnej\/","title":{"rendered":"Szkolenie online: \u201eU\u017cytki gruntowe Bp, B, Ba, Bi w pracach geodezyjnych. U\u017cytki gruntowe w podzia\u0142ach nieruchomo\u015bci oraz inwentaryzacjach powykonawczych. Wy\u0142\u0105czanie grunt\u00f3w z produkcji rolnej i le\u015bnej oraz zakres wy\u0142\u0105czania zgodnie z obowi\u0105zuj\u0105cymi przepisami prawa. Om\u00f3wienie z przyk\u0142adami trzech interpretacji MRiRW.\u201d, 23\u00a0maja 2022 r."},"content":{"rendered":"","protected":false},"excerpt":{"rendered":"","protected":false},"featured_media":0,"template":"","meta":[],"product_brand":[],"product_cat":[63],"product_tag":[],"class_list":{"0":"post-4037","1":"product","2":"type-product","3":"status-publish","5":"product_cat-konferencje","7":"first","8":"instock","9":"shipping-taxable","10":"purchasable","11":"product-type-variable"},"_links":{"self":[{"href":"https:\/\/sgp.geodezja.org.pl\/en\/wp-json\/wp\/v2\/product\/4037","targetHints":{"allow":["GET"]}}],"collection":[{"href":"https:\/\/sgp.geodezja.org.pl\/en\/wp-json\/wp\/v2\/product"}],"about":[{"href":"https:\/\/sgp.geodezja.org.pl\/en\/wp-json\/wp\/v2\/types\/product"}],"wp:attachment":[{"href":"https:\/\/sgp.geodezja.org.pl\/en\/wp-json\/wp\/v2\/media?parent=4037"}],"wp:term":[{"taxonomy":"product_brand","embeddable":true,"href":"https:\/\/sgp.geodezja.org.pl\/en\/wp-json\/wp\/v2\/product_brand?post=4037"},{"taxonomy":"product_cat","embeddable":true,"href":"https:\/\/sgp.geodezja.org.pl\/en\/wp-json\/wp\/v2\/product_cat?post=4037"},{"taxonomy":"product_tag","embeddable":true,"href":"https:\/\/sgp.geodezja.org.pl\/en\/wp-json\/wp\/v2\/product_tag?post=4037"}],"curies":[{"name":"wp","href":"https:\/\/api.w.org\/{rel}","templated":true}]}}