{"id":4208,"date":"2022-05-10T17:15:36","date_gmt":"2022-05-10T15:15:36","guid":{"rendered":"https:\/\/sgp.geodezja.org.pl\/?post_type=product&#038;p=4208"},"modified":"2022-05-10T17:17:17","modified_gmt":"2022-05-10T15:17:17","slug":"szkolenie-online-wznowienie-znakow-granicznych-wyznaczenie-punktow-granicznych-ustalenie-przebiegu-granic-dzialek-ewidencyjnych-co-w-dokumentach-co-na-gruncie-24-cz","status":"publish","type":"product","link":"https:\/\/sgp.geodezja.org.pl\/en\/product\/szkolenie-online-wznowienie-znakow-granicznych-wyznaczenie-punktow-granicznych-ustalenie-przebiegu-granic-dzialek-ewidencyjnych-co-w-dokumentach-co-na-gruncie-24-cz\/","title":{"rendered":"Szkolenie online: \u201eWznowienie znak\u00f3w granicznych, wyznaczenie punkt\u00f3w granicznych, ustalenie przebiegu granic dzia\u0142ek\u00a0ewidencyjnych &#8211; co w dokumentach, co na gruncie.\u201d, 24\u00a0czerwca 2022 r."},"content":{"rendered":"","protected":false},"excerpt":{"rendered":"","protected":false},"featured_media":0,"template":"","meta":[],"product_brand":[],"product_cat":[63],"product_tag":[],"class_list":{"0":"post-4208","1":"product","2":"type-product","3":"status-publish","5":"product_cat-konferencje","7":"first","8":"instock","9":"shipping-taxable","10":"purchasable","11":"product-type-variable"},"_links":{"self":[{"href":"https:\/\/sgp.geodezja.org.pl\/en\/wp-json\/wp\/v2\/product\/4208","targetHints":{"allow":["GET"]}}],"collection":[{"href":"https:\/\/sgp.geodezja.org.pl\/en\/wp-json\/wp\/v2\/product"}],"about":[{"href":"https:\/\/sgp.geodezja.org.pl\/en\/wp-json\/wp\/v2\/types\/product"}],"wp:attachment":[{"href":"https:\/\/sgp.geodezja.org.pl\/en\/wp-json\/wp\/v2\/media?parent=4208"}],"wp:term":[{"taxonomy":"product_brand","embeddable":true,"href":"https:\/\/sgp.geodezja.org.pl\/en\/wp-json\/wp\/v2\/product_brand?post=4208"},{"taxonomy":"product_cat","embeddable":true,"href":"https:\/\/sgp.geodezja.org.pl\/en\/wp-json\/wp\/v2\/product_cat?post=4208"},{"taxonomy":"product_tag","embeddable":true,"href":"https:\/\/sgp.geodezja.org.pl\/en\/wp-json\/wp\/v2\/product_tag?post=4208"}],"curies":[{"name":"wp","href":"https:\/\/api.w.org\/{rel}","templated":true}]}}